{"id":6623,"date":"2025-05-01T08:17:00","date_gmt":"2025-05-01T05:17:00","guid":{"rendered":"https:\/\/mustila.fi\/?page_id=6623"},"modified":"2025-06-16T15:28:20","modified_gmt":"2025-06-16T12:28:20","slug":"lastenpaiva","status":"publish","type":"page","link":"https:\/\/mustila.fi\/en\/lastenpaiva\/","title":{"rendered":"Lastenp\u00e4iv\u00e4 Mustilassa sunnuntaina 25.5.2025 klo 10-14"},"content":{"rendered":"\n<p>&nbsp;Posted by&nbsp;Arboretum&nbsp;on Monday, 16 January 2023<\/p>\n\n\n\n<h3 class=\"wp-block-heading\">Lasten ehdoilla rakennettu koko perheen luontotapahtuma \u2013 luontoel\u00e4myksi\u00e4, aktiviteetteja, oppimista ja yhdess\u00e4oloa!<\/h3>\n\n\n\n<p>Lastenp\u00e4iv\u00e4 Mustilassa on arboretumin kes\u00e4\u00e4n vakiintunut koko perheen luontotapahtuma, jonka ohjelmallinen sis\u00e4lt\u00f6 on rakennettu erityisesti 3\u201312 vuotiaille lapsille. Luontopolun varrella on kuitenkin paljon n\u00e4ht\u00e4v\u00e4\u00e4 ja koettavaa, joka kiinnostaa perheen kaiken ik\u00e4isi\u00e4 j\u00e4seni\u00e4.<\/p>\n\n\n\n<p>Ensimm\u00e4inen Lastenp\u00e4iv\u00e4 luotiin oppilaitosprojektina 2014 yhteisty\u00f6ss\u00e4 Kymenlaakson ammattikorkeakoulun ja Kouvolan seudun ammattioppilaitoksen kanssa. Tapahtuma on toteutettu yhteisty\u00f6ss\u00e4 muiden toimijoiden, yhdistysten, artistien ja talkoolaisten kanssa. Tarjolla on j\u00e4lleen tutustumista luonnon ja mets\u00e4n ilmi\u00f6ihin, aktiviteetteja, musiikkia, teatteria ja ennen muuta koko perheen yhdess\u00e4oloa kev\u00e4isess\u00e4 satumets\u00e4ss\u00e4. Tapahtuma on tuonut paikalla joka vuosi 300\u2013600 pient\u00e4 ja suurempaa puistovierasta.<\/p>\n\n\n\n<p>Nyt mukana Mets\u00e4kasteen Alpakat ja Ainon Aasit, Suomen perhostutkijain seura, Vihre\u00e4 Torppa, Elim\u00e4en Taideseura, Ekamin opiskelijat tapahtuman teemahahmoissa. Uudistettu luontopolku, Mets\u00e4nuotiolla makkaranpaistoa (jos s\u00e4\u00e4 sallii), Alaskanmalamuutit vet\u00e4v\u00e4t lapsia tallipihalla (Kennel Icy Stars). Hiekkaveistoty\u00f6pajassa p\u00e4\u00e4see tutustumaan hiekkaveiston saloihin. Mets\u00e4galleriassa my\u00f6s Moottrisahaveiston SM-24 kilpailujen ty\u00f6t.<\/p>\n\n\n\n<p>Lastenp\u00e4iv\u00e4n\u00e4 runsaan kilometrin mittainen luontopolku kierret\u00e4\u00e4n omassa rauhallisessa tahdissa. Polku on kuljettavissa lastenvaunuilla. Polun varrelta l\u00f6ytyy my\u00f6s paljon EU-hankkeen kautta syntynytt\u00e4 puunveistotaidetta. Puistokahvilalla keittoa ja leivottuja herkkuja.<\/p>\n\n\n\n<p>Aikuiset ja lapset yli 3 vuotta: 5 \u20ac<\/p>\n\n\n\n<p><\/p>\n","protected":false},"excerpt":{"rendered":"<p>&nbsp;Posted by&nbsp;Arboretum&nbsp;on Monday, 16 January 2023 Lasten ehdoilla rakennettu koko perheen luontotapahtuma \u2013 luontoel\u00e4myksi\u00e4, aktiviteetteja, oppimista ja yhdess\u00e4oloa! Lastenp\u00e4iv\u00e4 Mustilassa on arboretumin kes\u00e4\u00e4n vakiintunut koko perheen luontotapahtuma, jonka ohjelmallinen sis\u00e4lt\u00f6 on rakennettu erityisesti 3\u201312 vuotiaille lapsille. Luontopolun varrella on kuitenkin paljon n\u00e4ht\u00e4v\u00e4\u00e4 ja koettavaa, joka kiinnostaa perheen kaiken ik\u00e4isi\u00e4 j\u00e4seni\u00e4. Ensimm\u00e4inen Lastenp\u00e4iv\u00e4 luotiin oppilaitosprojektina 2014 [&hellip;]<\/p>\n","protected":false},"author":2,"featured_media":0,"parent":0,"menu_order":0,"comment_status":"closed","ping_status":"closed","template":"","meta":{"iawp_total_views":54,"footnotes":""},"class_list":["post-6623","page","type-page","status-publish","hentry"],"_links":{"self":[{"href":"https:\/\/mustila.fi\/en\/wp-json\/wp\/v2\/pages\/6623","targetHints":{"allow":["GET"]}}],"collection":[{"href":"https:\/\/mustila.fi\/en\/wp-json\/wp\/v2\/pages"}],"about":[{"href":"https:\/\/mustila.fi\/en\/wp-json\/wp\/v2\/types\/page"}],"author":[{"embeddable":true,"href":"https:\/\/mustila.fi\/en\/wp-json\/wp\/v2\/users\/2"}],"replies":[{"embeddable":true,"href":"https:\/\/mustila.fi\/en\/wp-json\/wp\/v2\/comments?post=6623"}],"version-history":[{"count":0,"href":"https:\/\/mustila.fi\/en\/wp-json\/wp\/v2\/pages\/6623\/revisions"}],"wp:attachment":[{"href":"https:\/\/mustila.fi\/en\/wp-json\/wp\/v2\/media?parent=6623"}],"curies":[{"name":"wp","href":"https:\/\/api.w.org\/{rel}","templated":true}]}}