{"id":6640,"date":"2023-07-28T08:22:31","date_gmt":"2023-07-28T08:22:31","guid":{"rendered":"https:\/\/mustila.fi\/?page_id=6640"},"modified":"2023-07-28T08:22:32","modified_gmt":"2023-07-28T08:22:32","slug":"ruskakalenteri","status":"publish","type":"page","link":"https:\/\/mustila.fi\/en\/ruskakalenteri\/","title":{"rendered":"Ruskakalenteri"},"content":{"rendered":"\n<p>Luettelossa olevilla puilla ja pensailla on erityisen n\u00e4ytt\u00e4v\u00e4 syysv\u00e4ri. Aikataulu on suurpiirteinen ja vaihtelee vuosittain s\u00e4ist\u00e4 riippuen. Lis\u00e4ksi syysv\u00e4rin vaihtelu on suurta eri yksil\u00f6iden ja\/tai alkuperien v\u00e4lill\u00e4 erityisesti asteriskilla (*) merkityill\u00e4 kasveilla.<\/p>\n\n\n\n<h3 class=\"wp-block-heading\">Hyvin aikaiset (elokuun lopusta l\u00e4htien)<\/h3>\n\n\n\n<p><em>Acer barbinerve<\/em>, viitavaahtera &#8211; keltainen\u2013oranssi<br><em>Acer mandshuricum<\/em>, mantsurianvaahtera &#8211; viininpunainen<br><em>Fraxinus pennsylvanica<\/em>, punasaarni &#8211; keltainen<br><em>Crataegus douglasii<\/em>, mustamarjaorapihlaja &#8211; viininpunainen<\/p>\n\n\n\n<h3 class=\"wp-block-heading\">Aikaiset (syyskuussa)<\/h3>\n\n\n\n<p><em>Acer tataricum<\/em>&nbsp;ssp.&nbsp;<em>ginnala<\/em>, mongolianvaahtera &#8211; keltainen\u2013punainen *<br><em>Acer tataricum<\/em>&nbsp;ssp.&nbsp;<em>tataricum<\/em>, tataarivaahtera &#8211; keltainen<br><em>Acer ukurunduense<\/em>, kiinanvaahtera &#8211; oranssi\u2013lohenpunainen<br><em>Euonymus planipes<\/em>, kirsikkasorvarinpensas &#8211; valkoinen\u2013viininpunainen<br><em>Fraxinus rhynchophylla<\/em>&nbsp;var.&nbsp;<em>densata<\/em>: viininpunainen\u2013violetti<br><em>Phellodendron amurense<\/em>, amurinkorkkipuu &#8211; vaalean keltainen<br><em>Prunus maackii<\/em>, tuohituomi &#8211; vaalean keltainen<br><em>Prunus pensylvanica<\/em>, pilvikirsikka &#8211; oranssi\u2013punainen<\/p>\n\n\n\n<h3 class=\"wp-block-heading\">Keskivaiheen (syys-lokakuun taitteessa)<\/h3>\n\n\n\n<p><em>Acer komarovii<\/em>&nbsp;(<em>A. tschonoskii<\/em>&nbsp;ssp.&nbsp;<em>koreanum<\/em>), koreanperhosvaahtera &#8211; oranssi\u2013punainen<br><em>Acer palmatum<\/em>&nbsp;ssp.&nbsp;<em>amoenum<\/em>, japaninvaahtera &#8211; oranssi\u2013punainen<br><em>Acer pensylvanicum<\/em>, pensylvanianvaahtera &#8211; keltainen<br><em>Acer platanoides<\/em>, mets\u00e4vaahtera &#8211; keltainen\u2013oranssi<br><em>Acer saccharum<\/em>, sokerivaahtera &#8211; (keltainen\u2013)oranssi(\u2013punainen)<br><em>Amelanchier laevis<\/em>, sirotuomipihlaja &#8211; oranssi\u2013punainen<br><em>Cladrastis kentukea<\/em>, lakkipuu &#8211; keltainen<br><em>Cornus alternifolia<\/em>, pagodikanukka &#8211; keltainen\u2013oranssi\u2013viininpunainen<br><em>Crataegus chlorosarca<\/em>, id\u00e4norapihlaja &#8211; oranssi<br><em>Juglans mandshurica<\/em>, mantsurianjalop\u00e4hkin\u00e4 &#8211; keltainen<br><em>Larix sibirica<\/em>, siperianlehtikuusi &#8211; kullankeltainen<br><em>Maackia amurensis<\/em>, maakkia &#8211; beige<br><em>Prunus nipponica<\/em>&nbsp;var.&nbsp;<em>kurilensis<\/em>, kuriilienkirsikka &#8211; oranssi<br><em>Prunus sargentii<\/em>, rusokirsikka &#8211; oranssi\u2013punainen *<br><em>Pyrus ussuriensis<\/em>, ussurinp\u00e4\u00e4ryn\u00e4 &#8211; oranssi\u2013punainen\u2013viininpunainen *<br><em>Quercus ellipsoidalis<\/em>, keskil\u00e4nnentammi &#8211; viininpunainen<br><em>Rhododendron<\/em>, atsaleat &#8211; keltainen, oranssi, punainen, erilaiset murretut s\u00e4vyt *<br><em>Schisandra chinensis<\/em>, palsamik\u00f6ynn\u00f6s &#8211; valkoinen\u2013keltainen<br><em>Sorbus commixta<\/em>, japaninpihlaja &#8211; punainen *<br><em>Vitis amurensis<\/em>, amurinviini &#8211; punainen *<\/p>\n\n\n\n<h3 class=\"wp-block-heading\">My\u00f6h\u00e4iset (lokakuussa)<\/h3>\n\n\n\n<p><em>Acer pseudosieboldianum<\/em>, koreanvaahtera &#8211; oranssi<br><em>Acer rubrum<\/em>, punavaahtera &#8211; keltainen\u2013oranssi\u2013punainen *<br><em>Acer triflorum<\/em>, huntuvaahtera &#8211; oranssi<br><em>Actinidia kolomikta<\/em>, kiinanlaikkuk\u00f6ynn\u00f6s &#8211; keltainen\u2013punainen *<br><em>Carpinus caroliniana<\/em>, amerikanvalkopy\u00f6kki &#8211; oranssi\u2013punainen\u2013violetti<br><em>Cercidiphyllum japonicum<\/em>, katsura &#8211; keltainen(\u2013oranssi\u2013viininpunainen\u2013violetti)<br><em>Hydrangea anomala&nbsp;<\/em>ssp.&nbsp;<em>petiolaris<\/em>, k\u00f6ynn\u00f6shortensia &#8211; keltainen\u2013kuparinpunainen<br><em>Hydrangea serrata<\/em>, safiirihortensia &#8211; sinivioletti\u2013purppuranpunainen<br><em>Juglans cinerea<\/em>, amerikanjalop\u00e4hkin\u00e4 &#8211; keltainenainen<br><em>Larix decidua&nbsp;<\/em>ssp.<em>&nbsp;polonica<\/em>, puolanlehtikuusi &#8211; kullankeltainen<br><em>Larix kaempferi<\/em>, japaninlehtikuusi &#8211; kullankeltainen<br><em>Quercus robur<\/em>, mets\u00e4tammi: &#8211; ruskea<br><em>Quercus rubra<\/em>, punatammi &#8211; ruskea, joskus oranssi tai viininpunainen<br><em>Rhododendron<\/em>, atsaleat &#8211; keltainen, oranssi, punainen, erilaiset murretut s\u00e4vyt *<br><em>Ulmus,<\/em>&nbsp;jalavat &#8211; keltainen<\/p>\n\n\n\n<h3 class=\"wp-block-heading\">Hyvin my\u00f6h\u00e4iset (loka\u2013marraskuu)<\/h3>\n\n\n\n<p><em>Carpinus betulus<\/em>, euroopanvalkopy\u00f6kki &#8211; keltainen\u2013oranssi<br><em>Fagus grandifolia<\/em>, amerikanpy\u00f6kki &#8211; kuparinpunainen<br><em>Fagus sylvatica<\/em>, euroopanpy\u00f6kki &#8211; kuparinpunainen<br><em>Larix gmelinii&nbsp;<\/em>var.&nbsp;<em>japonica<\/em>, kuriilienlehtikuusi &#8211; kullankeltainen<br><em>Quercus rubra<\/em>, punatammi &#8211; punaruskea<\/p>\n","protected":false},"excerpt":{"rendered":"<p>Luettelossa olevilla puilla ja pensailla on erityisen n\u00e4ytt\u00e4v\u00e4 syysv\u00e4ri. Aikataulu on suurpiirteinen ja vaihtelee vuosittain s\u00e4ist\u00e4 riippuen. Lis\u00e4ksi syysv\u00e4rin vaihtelu on suurta eri yksil\u00f6iden ja\/tai alkuperien v\u00e4lill\u00e4 erityisesti asteriskilla (*) merkityill\u00e4 kasveilla. Hyvin aikaiset (elokuun lopusta l\u00e4htien) Acer barbinerve, viitavaahtera &#8211; keltainen\u2013oranssiAcer mandshuricum, mantsurianvaahtera &#8211; viininpunainenFraxinus pennsylvanica, punasaarni &#8211; keltainenCrataegus douglasii, mustamarjaorapihlaja &#8211; viininpunainen Aikaiset [&hellip;]<\/p>\n","protected":false},"author":2,"featured_media":0,"parent":0,"menu_order":0,"comment_status":"closed","ping_status":"closed","template":"","meta":{"iawp_total_views":128,"footnotes":""},"class_list":["post-6640","page","type-page","status-publish","hentry"],"_links":{"self":[{"href":"https:\/\/mustila.fi\/en\/wp-json\/wp\/v2\/pages\/6640","targetHints":{"allow":["GET"]}}],"collection":[{"href":"https:\/\/mustila.fi\/en\/wp-json\/wp\/v2\/pages"}],"about":[{"href":"https:\/\/mustila.fi\/en\/wp-json\/wp\/v2\/types\/page"}],"author":[{"embeddable":true,"href":"https:\/\/mustila.fi\/en\/wp-json\/wp\/v2\/users\/2"}],"replies":[{"embeddable":true,"href":"https:\/\/mustila.fi\/en\/wp-json\/wp\/v2\/comments?post=6640"}],"version-history":[{"count":0,"href":"https:\/\/mustila.fi\/en\/wp-json\/wp\/v2\/pages\/6640\/revisions"}],"wp:attachment":[{"href":"https:\/\/mustila.fi\/en\/wp-json\/wp\/v2\/media?parent=6640"}],"curies":[{"name":"wp","href":"https:\/\/api.w.org\/{rel}","templated":true}]}}