{"id":6642,"date":"2025-04-24T08:23:12","date_gmt":"2025-04-24T08:23:12","guid":{"rendered":"https:\/\/mustila.fi\/?page_id=6642"},"modified":"2025-04-24T23:03:48","modified_gmt":"2025-04-24T23:03:48","slug":"lintuja_mustilassa","status":"publish","type":"page","link":"https:\/\/mustila.fi\/en\/lintuja_mustilassa\/","title":{"rendered":"Lintuja Mustilassa"},"content":{"rendered":"\n<p>Mustila on tavallista talousmets\u00e4\u00e4 paljon monipuolisempi ymp\u00e4rist\u00f6, joka tarjoaa sopivia elinpaikkoja monille lintu- ja el\u00e4inlajeille. Arboretumissa ja sen l\u00e4hiymp\u00e4rist\u00f6ss\u00e4 on n\u00e4hty tai kuultu viime vuosina ainakin seuraavia lintuja:<\/p>\n\n\n\n<ul class=\"wp-block-list\">\n<li>Harmaap\u00e4\u00e4tikka (<em>Picus canus<\/em>) *+<\/li>\n\n\n\n<li>Harmaasieppo (<em>Muscicapa striata<\/em>) *+<\/li>\n\n\n\n<li>Harakka (<em>Pica pica<\/em>) +<\/li>\n\n\n\n<li>Hemppo (<em>Linaria cannabina<\/em>) *<\/li>\n\n\n\n<li>Hernekerttu (<em>Curruca curruca<\/em>) *<\/li>\n\n\n\n<li>Hippi\u00e4inen (<em>Regulus regulus<\/em>) *+<\/li>\n\n\n\n<li>H\u00f6m\u00f6tiainen (<em>Poecile montanus<\/em>) *<\/li>\n\n\n\n<li>Id\u00e4nuunilintu (<em>Seicercus trochiloides<\/em>) *<\/li>\n\n\n\n<li>Isok\u00e4pylintu (<em>Loxia pytyopsittacus<\/em>) *<\/li>\n\n\n\n<li>J\u00e4rripeippo (<em>Fringilla montifringilla<\/em>) *<\/li>\n\n\n\n<li>Kanahaukka (<em>Accipiter gentilis<\/em>) *+<\/li>\n\n\n\n<li>Kehr\u00e4\u00e4j\u00e4 (<em>Caprimulgus europaeus<\/em>) *+<\/li>\n\n\n\n<li>Keltasirkku (<em>Emberiza citrinella<\/em>) *<\/li>\n\n\n\n<li>Kirjosieppo (<em>Ficedula hypoleuca<\/em>) *+<\/li>\n\n\n\n<li>Kirjosiipik\u00e4pylintu (<em>Loxia leucoptera<\/em>) *+<\/li>\n\n\n\n<li>Kiuru eli leivo (<em>Alauda arvensis<\/em>) +<\/li>\n\n\n\n<li>Korppi (<em>Corvus corax<\/em>) *+<\/li>\n\n\n\n<li>Kulorastas (<em>Turdus viscivorus<\/em>) *+<\/li>\n\n\n\n<li>Kultarinta (<em>Hippolais icterina<\/em>) *<\/li>\n\n\n\n<li>Kuusitiainen (<em>Periparus ater<\/em>) *<\/li>\n\n\n\n<li>K\u00e4ki (<em>Cuculus canorus<\/em>) *+<\/li>\n\n\n\n<li>K\u00e4pytikka (<em>Dendrocopos major<\/em>) *+<\/li>\n\n\n\n<li>Laulurastas (<em>Turdus philomelos<\/em>) *+<\/li>\n\n\n\n<li>Lehtokerttu (<em>Sylvia borin<\/em>) *+<\/li>\n\n\n\n<li>Lehtokurppa (<em>Scolopax rusticola<\/em>) +<\/li>\n\n\n\n<li>Lehtop\u00f6ll\u00f6 (<em>Strix aluco<\/em>) *+<\/li>\n\n\n\n<li>Lepp\u00e4lintu (<em>Phoenicurus phoenicurus<\/em>) *<\/li>\n\n\n\n<li>Luhtakerttunen (<em>Acrocephalus palustris<\/em>) *<\/li>\n\n\n\n<li>Maakotka (<em>Aquila chrysaetos<\/em>) +<\/li>\n\n\n\n<li>Mustap\u00e4\u00e4kerttu (<em>Sylvia atricapilla<\/em>) *+<\/li>\n\n\n\n<li>Mustarastas (<em>Turdus merula<\/em>) *+<\/li>\n\n\n\n<li>Naakka (<em>Corvus monedula<\/em>) *+<\/li>\n\n\n\n<li>Nokkavarpunen (<em>Coccothraustes coccothraustes<\/em>) *<\/li>\n\n\n\n<li>N\u00e4rhi (<em>Garrulus glandarius<\/em>) *+<\/li>\n\n\n\n<li>Pajulintu eli uunilintu (<em>Phylloscopus trochilus<\/em>) *+<\/li>\n\n\n\n<li>Palok\u00e4rki (<em>Phylloscopus trochilus<\/em>) *+<\/li>\n\n\n\n<li>Peippo (<em>Dryocopus martius<\/em>) *+<\/li>\n\n\n\n<li>Pensaskerttu (<em>Curruca communis<\/em>) *<\/li>\n\n\n\n<li>Peukaloinen (<em>Troglodytes troglodytes<\/em>) *<\/li>\n\n\n\n<li>Pikkuk\u00e4pylintu (<em>Loxia curvirostra<\/em>) *+<\/li>\n\n\n\n<li>Pikkusieppo (<em>Ficedula parva<\/em>) *<\/li>\n\n\n\n<li>Pikkutikka (<em>Dendrocopos minor<\/em>) *<\/li>\n\n\n\n<li>Pikkuvarpunen (<em>Passer montanus<\/em>) *<\/li>\n\n\n\n<li>Pohjantikka (<em>Picoides tridactylus<\/em>) *<\/li>\n\n\n\n<li>Punakylkirastas (<em>Turdus iliacus<\/em>) *+<\/li>\n\n\n\n<li>Punarinta (<em>Erithacus rubecula<\/em>) *+<\/li>\n\n\n\n<li>Punavarpunen (<em>Erythrina erythrina<\/em>) *+<\/li>\n\n\n\n<li>Puukiipij\u00e4 (<em>Certhia familiaris<\/em>) *+<\/li>\n\n\n\n<li>Pyrst\u00f6tiainen (<em>Aegithalos caudatus<\/em>) *<\/li>\n\n\n\n<li>Pyy (<em>Tetrastes bonasia<\/em>) *+<\/li>\n\n\n\n<li>P\u00e4hkin\u00e4hakki (<em>Nucifraga caryocatactes<\/em>) *+<\/li>\n\n\n\n<li>P\u00e4hkin\u00e4nakkeli (<em>Sitta europaea<\/em>) *+<\/li>\n\n\n\n<li>Rautiainen (<em>Prunella modularis<\/em>) *<\/li>\n\n\n\n<li>Ruisr\u00e4\u00e4kk\u00e4 (<em>Crex crex<\/em>) +<\/li>\n\n\n\n<li>R\u00e4k\u00e4ttirastas (<em>Turdus pilaris<\/em>) *<\/li>\n\n\n\n<li>Satakieli (<em>Luscinia luscinia<\/em>) +<\/li>\n\n\n\n<li>Sepelkyyhky (<em>Columba palumbus<\/em>) *+<\/li>\n\n\n\n<li>Sinisorsa eli hein\u00e4sorsa (<em>Anas platyrhynchos<\/em>) +<\/li>\n\n\n\n<li>Sinitiainen (<em>Cyanistes caeruleus<\/em>) *+<\/li>\n\n\n\n<li>Siperianuunilintu (<em>Phylloscopus schwarzi<\/em>) *<\/li>\n\n\n\n<li>Siritt\u00e4j\u00e4 (<em>Rhadina sibilatrix<\/em>) *+<\/li>\n\n\n\n<li>Talitiainen (<em>Parus major<\/em>) *+<\/li>\n\n\n\n<li>Taviokuurna (<em>Pinicola enucleator<\/em>) *<\/li>\n\n\n\n<li>Teeri (<em>Tetrao tetrix = Lyrurus tetrix<\/em>) +<\/li>\n\n\n\n<li>Tikli (<em>Carduelis carduelis<\/em>) *<\/li>\n\n\n\n<li>Tilhi (<em>Bombycilla garrulus<\/em>) *<\/li>\n\n\n\n<li>Tiltaltti (<em>Phylloscopus collybita<\/em>) *+<\/li>\n\n\n\n<li>Tundraurpiainen (<em>Acanthis hornemanni<\/em>) *<\/li>\n\n\n\n<li>T\u00f6yht\u00f6hyypp\u00e4 (<em>Vanellus vanellus<\/em>) +<\/li>\n\n\n\n<li>T\u00f6yht\u00f6tiainen (<em>Lophophanes cristatus<\/em>) *<\/li>\n\n\n\n<li>Urpiainen (<em>Acanthis flammea<\/em>) *<\/li>\n\n\n\n<li>Uuttukyyhky (<em>Columba oenas<\/em>) *<\/li>\n\n\n\n<li>Valkoselk\u00e4tikka (<em>Dendrocopos leucotus<\/em>) *<\/li>\n\n\n\n<li>Varis (<em>Corvus corone<\/em>) *+<\/li>\n\n\n\n<li>Varpunen (<em>Passer domesticus<\/em>) *+<\/li>\n\n\n\n<li>Varpushaukka (<em>Accipiter nisus<\/em>) *+<\/li>\n\n\n\n<li>Varpusp\u00f6ll\u00f6 (<em>Glaucidium passerinum<\/em>) *<\/li>\n\n\n\n<li>Viherpeippo (<em>Chloris chloris<\/em>) *+<\/li>\n\n\n\n<li>Vihervarpunen (Spinus spinus) *<\/li>\n\n\n\n<li>Viirup\u00f6ll\u00f6 (<em>Strix uralensis<\/em>) *<\/li>\n\n\n\n<li>Viitakerttunen (<em>Acrocephalus dumetorum<\/em>) *+<\/li>\n\n\n\n<li>V\u00e4st\u00e4r\u00e4kki (<em>Motacilla alba<\/em>) *+<\/li>\n<\/ul>\n\n\n\n<p>* =&nbsp;<a href=\"https:\/\/www.tiira.fi\/\" target=\"_blank\" rel=\"noopener\">tiira.fi<\/a>-palvelussa ilmoitettuja havaintoja (koonnut Eetu Paljakka 19.1.2022)<\/p>\n\n\n\n<p>+ = arboretumin henkil\u00f6kunnan havaintoja (koonnut Jaakko Saarinen 8.3.2022)<\/p>\n\n\n\n<p>Yll\u00e4oleva llista ei ole kattava, ja&nbsp;<strong>pyyd\u00e4mmekin kauniisti<\/strong>&nbsp;alueella liikkuvia lintujen tarkkailijoita l\u00e4hett\u00e4m\u00e4\u00e4n t\u00e4ydennyksi\u00e4 t\u00e4h\u00e4n luetteloon!<\/p>\n\n\n\n<p><strong>V\u00e4h\u00e4n my\u00f6s muusta el\u00e4inkunnasta:&nbsp;<\/strong>Vakituisesti arboretumissa asuvia tai usein alueella liikuskelevia nis\u00e4kk\u00e4it\u00e4 ovat hiiret ja myyr\u00e4t, orava, siili, j\u00e4nis, rusakko, kettu, m\u00e4yr\u00e4 ja supikoira. Lepakkolajistoa ei ole tarkemmin kartoitettu. Viime vuosina valkoh\u00e4nt\u00e4peura, mets\u00e4kauris ja hirvi ovat yleistyneet alueella ja niit\u00e4 kaikkia liikkuu my\u00f6s arboretumissa. L\u00e4hes joka talvi on havaittu ilveksen j\u00e4lki\u00e4. Satunnaisesti alueella on liikuskellut villisikoja ja karhu.<\/p>\n\n\n\n<p><strong>Hy\u00f6nteislajisto<\/strong>&nbsp;Mustilan alueella on anekdotaalisen hy\u00f6nteistutkijoilta ja -harrastajilta saadun tiedon perusteella erit\u00e4in runsas. N\u00e4in on todettu mm. alueella olevista pyydyksist\u00e4 saatujen saaliiden perusteella. Havainnoista ei kuitenkaan ole tehty kunnollista koostetta.<\/p>\n\n\n\n<figure class=\"wp-block-image size-large\"><img fetchpriority=\"high\" decoding=\"async\" width=\"1024\" height=\"768\" src=\"https:\/\/mustila.fi\/wp-content\/uploads\/2025\/04\/Valkoinen-ukkoetana-Mustilassa-08-07-2021-kuvannut-JS-1024x768.jpg\" alt=\"\" class=\"wp-image-24479\" srcset=\"https:\/\/mustila.fi\/wp-content\/uploads\/2025\/04\/Valkoinen-ukkoetana-Mustilassa-08-07-2021-kuvannut-JS-1024x768.jpg 1024w, https:\/\/mustila.fi\/wp-content\/uploads\/2025\/04\/Valkoinen-ukkoetana-Mustilassa-08-07-2021-kuvannut-JS-300x225.jpg 300w, https:\/\/mustila.fi\/wp-content\/uploads\/2025\/04\/Valkoinen-ukkoetana-Mustilassa-08-07-2021-kuvannut-JS-768x576.jpg 768w, https:\/\/mustila.fi\/wp-content\/uploads\/2025\/04\/Valkoinen-ukkoetana-Mustilassa-08-07-2021-kuvannut-JS-1536x1152.jpg 1536w, https:\/\/mustila.fi\/wp-content\/uploads\/2025\/04\/Valkoinen-ukkoetana-Mustilassa-08-07-2021-kuvannut-JS-scaled.jpg 2048w\" sizes=\"(max-width: 1024px) 100vw, 1024px\" \/><\/figure>\n\n\n\n<p><em>Kuvassa: ukkoetanan harvinainen valkoinen v\u00e4rimuoto Mustilassa syksyll\u00e4 2021.<\/em><\/p>\n","protected":false},"excerpt":{"rendered":"<p>Mustila on tavallista talousmets\u00e4\u00e4 paljon monipuolisempi ymp\u00e4rist\u00f6, joka tarjoaa sopivia elinpaikkoja monille lintu- ja el\u00e4inlajeille. Arboretumissa ja sen l\u00e4hiymp\u00e4rist\u00f6ss\u00e4 on n\u00e4hty tai kuultu viime vuosina ainakin seuraavia lintuja: * =&nbsp;tiira.fi-palvelussa ilmoitettuja havaintoja (koonnut Eetu Paljakka 19.1.2022) + = arboretumin henkil\u00f6kunnan havaintoja (koonnut Jaakko Saarinen 8.3.2022) Yll\u00e4oleva llista ei ole kattava, ja&nbsp;pyyd\u00e4mmekin kauniisti&nbsp;alueella liikkuvia lintujen tarkkailijoita [&hellip;]<\/p>\n","protected":false},"author":9,"featured_media":0,"parent":0,"menu_order":0,"comment_status":"closed","ping_status":"closed","template":"","meta":{"iawp_total_views":52,"footnotes":""},"class_list":["post-6642","page","type-page","status-publish","hentry"],"_links":{"self":[{"href":"https:\/\/mustila.fi\/en\/wp-json\/wp\/v2\/pages\/6642","targetHints":{"allow":["GET"]}}],"collection":[{"href":"https:\/\/mustila.fi\/en\/wp-json\/wp\/v2\/pages"}],"about":[{"href":"https:\/\/mustila.fi\/en\/wp-json\/wp\/v2\/types\/page"}],"author":[{"embeddable":true,"href":"https:\/\/mustila.fi\/en\/wp-json\/wp\/v2\/users\/9"}],"replies":[{"embeddable":true,"href":"https:\/\/mustila.fi\/en\/wp-json\/wp\/v2\/comments?post=6642"}],"version-history":[{"count":0,"href":"https:\/\/mustila.fi\/en\/wp-json\/wp\/v2\/pages\/6642\/revisions"}],"wp:attachment":[{"href":"https:\/\/mustila.fi\/en\/wp-json\/wp\/v2\/media?parent=6642"}],"curies":[{"name":"wp","href":"https:\/\/api.w.org\/{rel}","templated":true}]}}