{"id":6654,"date":"2023-07-28T08:42:30","date_gmt":"2023-07-28T08:42:30","guid":{"rendered":"https:\/\/mustila.fi\/?page_id=6654"},"modified":"2023-09-26T19:22:39","modified_gmt":"2023-09-26T19:22:39","slug":"1992-2","status":"publish","type":"page","link":"https:\/\/mustila.fi\/en\/1992-2\/","title":{"rendered":"1992"},"content":{"rendered":"\n<figure class=\"wp-block-table\"><table><tbody><tr><td><a href=\"https:\/\/mustila.fi\/ulsike-1992-1-ulmus-americana-amerikanjalava\/\" data-type=\"page\" data-id=\"17481\"><em>Ulmus americana<\/em><\/a><\/td><td>amerikanjalava<\/td><td>&nbsp;K09-91-150<\/td><td>&nbsp;<\/td><\/tr><tr><td><a href=\"https:\/\/mustila.fi\/2_quercus_macrocarpa\/\" data-type=\"page\" data-id=\"17484\"><em>Quercus macrocarpa<\/em><\/a><\/td><td>takiaistammi<\/td><td>&nbsp;K09-91-149<\/td><td>&nbsp;<\/td><\/tr><tr><td><a href=\"https:\/\/mustila.fi\/3_fraxinus_americana\/\" data-type=\"page\" data-id=\"17487\"><em>Fraxinus americana<\/em><\/a><\/td><td>valkosaarni<\/td><td>&nbsp;K09-91-151<\/td><td>&nbsp;<\/td><\/tr><tr><td><a href=\"https:\/\/mustila.fi\/ulsike-1992-4-rhus-typhina-samettisumakki\/\" data-type=\"page\" data-id=\"17490\"><em>Rhus typhina<\/em><\/a><\/td><td>samettisumakki<\/td><td>&nbsp;K09-91-174<\/td><td>&nbsp;<\/td><\/tr><tr><td><a href=\"https:\/\/mustila.fi\/ulsike-1992-5-rhus-aromatica-tuoksusumakki\/\" data-type=\"page\" data-id=\"17493\"><em>Rhus aromatica<\/em><\/a><\/td><td>tuoksusumakki<\/td><td>&nbsp;K09-91-173<\/td><td>&nbsp;<\/td><\/tr><tr><td><a href=\"https:\/\/mustila.fi\/ulsike-1992-6-carya-ovata-liuskahikkori-valkohikkori\/\" data-type=\"page\" data-id=\"17498\"><em>Carya ovata<\/em><\/a><\/td><td>liuskahikkori<\/td><td>&nbsp;K09-91-175<\/td><td>&nbsp;<\/td><\/tr><tr><td><a href=\"https:\/\/mustila.fi\/ulsike-1992-7-carya-cordiformis-karvashikkori\/\" data-type=\"page\" data-id=\"17499\"><em>Carya cordiformis<\/em><\/a><\/td><td>karvashikkori<\/td><td>&nbsp;K09-91-176<\/td><td>&nbsp;<\/td><\/tr><tr><td><a href=\"https:\/\/mustila.fi\/ulsike-1992-8-catalpa-speciosa-katalpa-trumpettipuu\/\" data-type=\"page\" data-id=\"17500\"><em>Catalpa speciosa<\/em><\/a><\/td><td>trumpettipuu<\/td><td>&nbsp;K09-91-210<\/td><td>&nbsp;<\/td><\/tr><tr><td><a href=\"https:\/\/mustila.fi\/ulsike-1992-9-gymnocladus-dioica-kentuckynkahvipuu\/\" data-type=\"page\" data-id=\"17506\"><em>Gymnocladus dioica<\/em><\/a><\/td><td>kentuckynkahvipuu<\/td><td>&nbsp;K09-91-209<\/td><td>&nbsp;<\/td><\/tr><tr><td><a href=\"https:\/\/mustila.fi\/ulsike-1992-10-11-abies-amabilis-purppurapihta\/\" data-type=\"page\" data-id=\"17515\"><em>Abies amabilis<\/em><\/a><\/td><td>purppurapihta<\/td><td>&nbsp;K09-91-113<\/td><td>&nbsp;K09-89-001<\/td><\/tr><tr><td><a href=\"https:\/\/mustila.fi\/ulsike-1992-12-13-thuja-plicata-jattituija\/\" data-type=\"page\" data-id=\"17518\"><em>Thuja plicata<\/em><\/a><\/td><td>j\u00e4ttituija<\/td><td>&nbsp;K09-91-104<\/td><td>&nbsp;K09-89-010<\/td><\/tr><tr><td><a href=\"https:\/\/mustila.fi\/ulsike-1992-14-fraxinus-mandshurica-mantsuriansaarni\/\" data-type=\"page\" data-id=\"17520\"><em>Fraxinus mandshurica<\/em><\/a><\/td><td>mantsuriansaarni<\/td><td>&nbsp;K09-92-014<\/td><td>&nbsp;<\/td><\/tr><tr><td><a href=\"https:\/\/mustila.fi\/ulsike-1992-15-prunus-avium-imelakirsikka\/\" data-type=\"page\" data-id=\"17522\"><em>Prunus avium<\/em><\/a><\/td><td>imel\u00e4kirsikka<\/td><td>&nbsp;K09-92-008<\/td><td>&nbsp;<\/td><\/tr><tr><td><a href=\"https:\/\/mustila.fi\/ulsike-1992-16-prunus-ussuriensis-ussurinluumu\/\" data-type=\"page\" data-id=\"17524\"><em>Prunus ussuriensis<\/em><\/a><\/td><td>ussurinluumu<\/td><td>&nbsp;K09-92-007<\/td><td>&nbsp;<\/td><\/tr><tr><td><a href=\"https:\/\/mustila.fi\/ulsike-1992-17-prunus-tomentosa-nukkakirsikka\/\" data-type=\"page\" data-id=\"17526\"><em>Prunus tomentosa<\/em><\/a><\/td><td>nukkakirsikka<\/td><td>&nbsp;K09-92-009<\/td><td>&nbsp;<\/td><\/tr><tr><td><a href=\"https:\/\/mustila.fi\/ulsike-1992-18-prunus-mahaleb-veikselinkirsikka\/\" data-type=\"page\" data-id=\"17528\"><em>Prunus mahaleb<\/em><\/a><\/td><td>veikselinkirsikka<\/td><td>&nbsp;K09-92-011<\/td><td>&nbsp;<\/td><\/tr><tr><td><a href=\"https:\/\/mustila.fi\/ulsike-1992-19-20-juglans-mandshurica-mantsurianjalopahkina\/\" data-type=\"page\" data-id=\"17530\"><em>Juglans mandshurica<\/em><\/a><\/td><td>mantsurianjalop\u00e4hkin\u00e4<\/td><td>&nbsp;K09-92-004<\/td><td>&nbsp;K09-92-012<\/td><\/tr><tr><td><a href=\"https:\/\/mustila.fi\/ulsike-1992-21-pyrus-ussuriensis-ussurinpaaryna\/\" data-type=\"page\" data-id=\"17532\"><em>Pyrus ussuriensis<\/em><\/a><\/td><td>ussurinp\u00e4\u00e4ryn\u00e4<\/td><td>&nbsp;K09-92-010<\/td><td>&nbsp;<\/td><\/tr><tr><td><a href=\"https:\/\/mustila.fi\/ulsike-1992-22-23-schisandra-chinensis-palsamikoynnos\/\" data-type=\"page\" data-id=\"17534\"><em>Schisandra chinensis<\/em><\/a><\/td><td>palsamik\u00f6ynn\u00f6s<\/td><td>&nbsp;K09-92-013<\/td><td>&nbsp;K09-92-026<\/td><\/tr><tr><td><a href=\"https:\/\/mustila.fi\/ulsike-1992-24-25-phellodendron-amurense-amurinkorkkipuu\/\" data-type=\"page\" data-id=\"17536\"><em>Phellodendron amurense<\/em><\/a><\/td><td>amurinkorkkipuu<\/td><td>&nbsp;K09-91-211<\/td><td>&nbsp;K09-92-015<\/td><\/tr><tr><td><a href=\"https:\/\/mustila.fi\/ulsike-1992-26-cornus-mas-punamarjakanukka\/\" data-type=\"page\" data-id=\"17538\"><em>Cornus mas<\/em><\/a><\/td><td>punamarjakanukka<\/td><td>&nbsp;K09-92-016<\/td><td>&nbsp;<\/td><\/tr><tr><td><a href=\"https:\/\/mustila.fi\/ulsike-1992-27-abies-lasiocarpa-lannenpihta\/\" data-type=\"page\" data-id=\"17541\"><em>Abies lasiocarpa<\/em><\/a><\/td><td>l\u00e4nnenpihta<\/td><td>&nbsp;K09-92-019<\/td><td>&nbsp;<\/td><\/tr><tr><td><a href=\"https:\/\/mustila.fi\/ulsike-1992-28-pinus-ponderosa-ponderosamanty-keltamanty\/\" data-type=\"page\" data-id=\"17511\"><em>Pinus ponderosa<\/em><\/a><\/td><td>ponderosam\u00e4nty<\/td><td>&nbsp;K09-92-018<\/td><\/tr><\/tbody><\/table><\/figure>\n","protected":false},"excerpt":{"rendered":"<p>Ulmus americana amerikanjalava &nbsp;K09-91-150 &nbsp; Quercus macrocarpa takiaistammi &nbsp;K09-91-149 &nbsp; Fraxinus americana valkosaarni &nbsp;K09-91-151 &nbsp; Rhus typhina samettisumakki &nbsp;K09-91-174 &nbsp; Rhus aromatica tuoksusumakki &nbsp;K09-91-173 &nbsp; Carya ovata liuskahikkori &nbsp;K09-91-175 &nbsp; Carya cordiformis karvashikkori &nbsp;K09-91-176 &nbsp; Catalpa speciosa trumpettipuu &nbsp;K09-91-210 &nbsp; Gymnocladus dioica kentuckynkahvipuu &nbsp;K09-91-209 &nbsp; Abies amabilis purppurapihta &nbsp;K09-91-113 &nbsp;K09-89-001 Thuja plicata j\u00e4ttituija &nbsp;K09-91-104 &nbsp;K09-89-010 [&hellip;]<\/p>\n","protected":false},"author":2,"featured_media":0,"parent":0,"menu_order":0,"comment_status":"closed","ping_status":"closed","template":"","meta":{"iawp_total_views":23,"footnotes":""},"class_list":["post-6654","page","type-page","status-publish","hentry"],"_links":{"self":[{"href":"https:\/\/mustila.fi\/en\/wp-json\/wp\/v2\/pages\/6654","targetHints":{"allow":["GET"]}}],"collection":[{"href":"https:\/\/mustila.fi\/en\/wp-json\/wp\/v2\/pages"}],"about":[{"href":"https:\/\/mustila.fi\/en\/wp-json\/wp\/v2\/types\/page"}],"author":[{"embeddable":true,"href":"https:\/\/mustila.fi\/en\/wp-json\/wp\/v2\/users\/2"}],"replies":[{"embeddable":true,"href":"https:\/\/mustila.fi\/en\/wp-json\/wp\/v2\/comments?post=6654"}],"version-history":[{"count":0,"href":"https:\/\/mustila.fi\/en\/wp-json\/wp\/v2\/pages\/6654\/revisions"}],"wp:attachment":[{"href":"https:\/\/mustila.fi\/en\/wp-json\/wp\/v2\/media?parent=6654"}],"curies":[{"name":"wp","href":"https:\/\/api.w.org\/{rel}","templated":true}]}}