{"id":6662,"date":"2023-07-28T08:44:09","date_gmt":"2023-07-28T08:44:09","guid":{"rendered":"https:\/\/mustila.fi\/?page_id=6662"},"modified":"2023-09-27T08:05:11","modified_gmt":"2023-09-27T08:05:11","slug":"1996-2","status":"publish","type":"page","link":"https:\/\/mustila.fi\/en\/1996-2\/","title":{"rendered":"1996"},"content":{"rendered":"\n<figure class=\"wp-block-table\"><table><tbody><tr><td><a href=\"https:\/\/mustila.fi\/ulsike-1996-86-aralia-elata-pirunkeppi\/\" data-type=\"page\" data-id=\"17855\"><em>Aralia elata<\/em><\/a><\/td><td>pirunkeppi<\/td><td>&nbsp;K09-95-284<\/td><td>&nbsp;<\/td><\/tr><tr><td><em><a href=\"https:\/\/mustila.fi\/ulsike-1996-87-abies-sachalinensis-var-mayriana-sahalininpihta\/\" data-type=\"page\" data-id=\"17858\">Abies sach<\/a><\/em><a href=\"https:\/\/mustila.fi\/ulsike\/1996\/87_abies_sachalinensis_var_mayriana\"><em>alinensis\u00a0<\/em>var<em>. mayriana<\/em><\/a><\/td><td>sahalininpihta<\/td><td>&nbsp;K09-95-278<\/td><td>&nbsp;<\/td><\/tr><tr><td><a href=\"https:\/\/mustila.fi\/ulsike-1996-88-alnus-japonica\/\" data-type=\"page\" data-id=\"17860\"><em>Alnus japonica<\/em><\/a><\/td><td>&nbsp;<\/td><td>&nbsp;K09-95-283<\/td><td>&nbsp;<\/td><\/tr><tr><td><a href=\"https:\/\/mustila.fi\/ulsike-1996-89-tripterygium-regelii-siipikoynnos\/\" data-type=\"page\" data-id=\"17862\"><em>Tripterygium regelii<\/em><\/a><\/td><td>siipik\u00f6ynn\u00f6s<\/td><td>&nbsp;K09-95-294<\/td><td>&nbsp;<\/td><\/tr><tr><td><a href=\"https:\/\/mustila.fi\/ulsike-1996-90-juniperus-rigida-f-prostrata\/\" data-type=\"page\" data-id=\"17864\"><em>Juniperus rigida\u00a0<\/em>f.\u00a0<em>prostrata<\/em><\/a><\/td><td>&nbsp;<\/td><td>&nbsp;K09-95-291<\/td><td>&nbsp;<\/td><\/tr><tr><td><a href=\"https:\/\/mustila.fi\/ulsike-1996-91-viburnum-sargentii-rusoheisi\/\" data-type=\"page\" data-id=\"17866\"><em>Viburnum sargentii<\/em><\/a><\/td><td>rusoheisi<\/td><td>&nbsp;K09-95-295<\/td><td>&nbsp;<\/td><\/tr><tr><td><a href=\"https:\/\/mustila.fi\/ulsike-1996-92-acer-ukurunduense-kiinanvaahtera\/\" data-type=\"page\" data-id=\"17868\"><em>Acer ukurunduense<\/em><\/a><\/td><td>kiinanvaahtera<\/td><td>&nbsp;K09-95-281<\/td><td>&nbsp;<\/td><\/tr><tr><td><a href=\"https:\/\/mustila.fi\/ulsike-1996-93-celastrus-strigillosus\/\" data-type=\"page\" data-id=\"17870\"><em>Celastrus strigillosus<\/em><\/a><\/td><td>&nbsp;<\/td><td>&nbsp;K09-95-287<\/td><td>&nbsp;<\/td><\/tr><tr><td><a href=\"https:\/\/mustila.fi\/ulsike-1996-94-acanthopanax-senticosus-venajanjuuri\/\" data-type=\"page\" data-id=\"17872\"><em>Acanthopanax senticosus<\/em><\/a><\/td><td>ven\u00e4j\u00e4njuuri<\/td><td>&nbsp;K09-95-289<\/td><td>&nbsp;<\/td><\/tr><tr><td><em><a href=\"https:\/\/mustila.fi\/ulsike-1996-95-betula-tauschii\/\" data-type=\"page\" data-id=\"17874\">Betula tauschii<\/a><\/em><\/td><td>japaninkoivu<\/td><td>&nbsp;K09-95-286<\/td><td>&nbsp;<\/td><\/tr><tr><td><a href=\"https:\/\/mustila.fi\/ulsike-1996-96-pinus-koraiensis-koreanmanty-koreansembra\/\" data-type=\"page\" data-id=\"17876\"><em>Pinus koraiensis<\/em><\/a><\/td><td>koreanm\u00e4nty, -sembra<\/td><td>&nbsp;K09-95-267<\/td><td>&nbsp;<\/td><\/tr><tr><td><a href=\"https:\/\/mustila.fi\/ulsike-1996-97-betula-maximowicziana-monarkkikoivu\/\" data-type=\"page\" data-id=\"17879\"><em>Betula maximowiziana<\/em><\/a><\/td><td>monarkkikoivu<\/td><td>&nbsp;K04-93-508 tai<\/td><td>K04-93-566<\/td><\/tr><tr><td><a href=\"https:\/\/mustila.fi\/ulsike\/1996\/98_betula_costata\"><em>Betula cos<\/em><\/a><em><a href=\"https:\/\/mustila.fi\/ulsike-1996-98-betula-costata-koreankoivu\/\" data-type=\"page\" data-id=\"17881\">t<\/a><\/em><a href=\"https:\/\/mustila.fi\/ulsike\/1996\/98_betula_costata\"><em>ata<\/em><\/a><\/td><td>koreankoivu<\/td><td>&nbsp;K04-94-1001<\/td><td>&nbsp;<\/td><\/tr><tr><td><a href=\"https:\/\/mustila.fi\/ulsike-1996-99-fraxinus-chinensis-var-rhynchophylla\/\" data-type=\"page\" data-id=\"17883\"><em>Fraxinus chinensis\u00a0<\/em>var<em>. rhynchophylla<\/em><\/a><\/td><td>id\u00e4nsaarni<\/td><td>&nbsp;K04-94-1078<\/td><td>&nbsp;<\/td><\/tr><tr><td><a href=\"https:\/\/mustila.fi\/ulsike-1996-100-betula-ermanii-kivikoivu\/\" data-type=\"page\" data-id=\"17885\"><em>Betula ermanii<\/em><\/a><\/td><td>kivikoivu<\/td><\/tr><\/tbody><\/table><\/figure>\n","protected":false},"excerpt":{"rendered":"<p>Aralia elata pirunkeppi &nbsp;K09-95-284 &nbsp; Abies sachalinensis\u00a0var. mayriana sahalininpihta &nbsp;K09-95-278 &nbsp; Alnus japonica &nbsp; &nbsp;K09-95-283 &nbsp; Tripterygium regelii siipik\u00f6ynn\u00f6s &nbsp;K09-95-294 &nbsp; Juniperus rigida\u00a0f.\u00a0prostrata &nbsp; &nbsp;K09-95-291 &nbsp; Viburnum sargentii rusoheisi &nbsp;K09-95-295 &nbsp; Acer ukurunduense kiinanvaahtera &nbsp;K09-95-281 &nbsp; Celastrus strigillosus &nbsp; &nbsp;K09-95-287 &nbsp; Acanthopanax senticosus ven\u00e4j\u00e4njuuri &nbsp;K09-95-289 &nbsp; Betula tauschii japaninkoivu &nbsp;K09-95-286 &nbsp; Pinus koraiensis koreanm\u00e4nty, -sembra [&hellip;]<\/p>\n","protected":false},"author":2,"featured_media":0,"parent":0,"menu_order":0,"comment_status":"closed","ping_status":"closed","template":"","meta":{"iawp_total_views":15,"footnotes":""},"class_list":["post-6662","page","type-page","status-publish","hentry"],"_links":{"self":[{"href":"https:\/\/mustila.fi\/en\/wp-json\/wp\/v2\/pages\/6662","targetHints":{"allow":["GET"]}}],"collection":[{"href":"https:\/\/mustila.fi\/en\/wp-json\/wp\/v2\/pages"}],"about":[{"href":"https:\/\/mustila.fi\/en\/wp-json\/wp\/v2\/types\/page"}],"author":[{"embeddable":true,"href":"https:\/\/mustila.fi\/en\/wp-json\/wp\/v2\/users\/2"}],"replies":[{"embeddable":true,"href":"https:\/\/mustila.fi\/en\/wp-json\/wp\/v2\/comments?post=6662"}],"version-history":[{"count":0,"href":"https:\/\/mustila.fi\/en\/wp-json\/wp\/v2\/pages\/6662\/revisions"}],"wp:attachment":[{"href":"https:\/\/mustila.fi\/en\/wp-json\/wp\/v2\/media?parent=6662"}],"curies":[{"name":"wp","href":"https:\/\/api.w.org\/{rel}","templated":true}]}}