{"id":6664,"date":"2023-07-28T08:44:34","date_gmt":"2023-07-28T08:44:34","guid":{"rendered":"https:\/\/mustila.fi\/?page_id=6664"},"modified":"2023-09-27T08:37:30","modified_gmt":"2023-09-27T08:37:30","slug":"1997-2","status":"publish","type":"page","link":"https:\/\/mustila.fi\/en\/1997-2\/","title":{"rendered":"1997"},"content":{"rendered":"\n<figure class=\"wp-block-table\"><table><tbody><tr><td><em><a href=\"https:\/\/mustila.fi\/ulsike-1997-101-carpinus-caroliniana-karoliinanvalkopyokki-amerikanvalkopyokki\/\" data-type=\"page\" data-id=\"17888\">Carpinus caroliniana<\/a><\/em><\/td><td>karoliinanvalkopy\u00f6kki<\/td><td>&nbsp;K09-96-265<\/td><td>&nbsp;<\/td><\/tr><tr><td><em><a href=\"https:\/\/mustila.fi\/ulsike-1997-102-betula-alleghaniensis-keltakoivu\/\" data-type=\"page\" data-id=\"17891\">Betula alleghaniensis<\/a><\/em><\/td><td>keltakoivu<\/td><td>&nbsp;K09-96-316<\/td><td>&nbsp;<\/td><\/tr><tr><td><em><a href=\"https:\/\/mustila.fi\/ulsike-1997-103-betula-lenta-sokerikoivu\/\" data-type=\"page\" data-id=\"17894\">Betu<\/a><a href=\"https:\/\/mustila.fi\/ulsike\/1997\/103_betula_lenta\">la lenta<\/a><\/em><\/td><td>sokerikoivu<\/td><td>&nbsp;K09-96-392<\/td><td>&nbsp;<\/td><\/tr><tr><td><a href=\"https:\/\/mustila.fi\/ulsike-1997-104-hamamelis-virginiana-amerikantaikapahkina\/\" data-type=\"page\" data-id=\"17896\"><em>Hamamelis virginiana<\/em><\/a><\/td><td>amerikantaikap\u00e4hkin\u00e4<\/td><td>&nbsp;K09-96-301<\/td><td>&nbsp;<\/td><\/tr><tr><td><em><a href=\"https:\/\/mustila.fi\/ulsike-1997-105-tsuga-canadensis-kanadanhemlokki\/\" data-type=\"page\" data-id=\"17898\">Tsuga cana<\/a><a href=\"https:\/\/mustila.fi\/ulsike\/1997\/105_tsuga_canadensis\">densis<\/a><\/em><\/td><td>kanadanhemlokki<\/td><td>&nbsp;K09-96-310<\/td><td>&nbsp;<\/td><\/tr><tr><td><em><a href=\"https:\/\/mustila.fi\/ulsike-1997-106-ostrya-virginiana-humalapyokki\/\" data-type=\"page\" data-id=\"17900\">Ostrya virginiana<\/a><\/em><\/td><td>humalapy\u00f6kki<\/td><td>&nbsp;K09-96-255<\/td><td>&nbsp;<\/td><\/tr><tr><td><em><a href=\"https:\/\/mustila.fi\/ulsike-1997-107-fraxinus-nigra-mustasaarni\/\" data-type=\"page\" data-id=\"17902\">Fraxinus nigra<\/a><\/em><\/td><td>mustasaarni<\/td><td>&nbsp;K09-96-231<\/td><td>&nbsp;<\/td><\/tr><tr><td><em><a href=\"https:\/\/mustila.fi\/ulsike-1997-108-juniperus-virginiana-kynakataja\/\" data-type=\"page\" data-id=\"17904\">Juniperus virginiana<\/a><\/em><\/td><td>kyn\u00e4kataja<\/td><td>&nbsp;K09-96-396<\/td><td>&nbsp;<\/td><\/tr><tr><td><em><a href=\"https:\/\/mustila.fi\/ulsike-1997-109-tsuga-mertensiana-vuorihemlokki\/\" data-type=\"page\" data-id=\"17906\">Tsuga mertensiana<\/a><\/em><\/td><td>vuorihemlokki<\/td><td>&nbsp;K09-97-410<\/td><td>&nbsp;<\/td><\/tr><tr><td><em><a href=\"https:\/\/mustila.fi\/ulsike-1997-110-fagus-grandifolia-amerikanpyokki\/\" data-type=\"page\" data-id=\"17909\">Fagus grandifolia<\/a><\/em><\/td><td>amerikanpy\u00f6kki<\/td><td>&nbsp;K09-96-250<\/td><td>&nbsp;<\/td><\/tr><tr><td><a href=\"https:\/\/mustila.fi\/ulsike-1997-111-acer-spicatum-tahkavaahtera\/\" data-type=\"page\" data-id=\"17911\"><em>Acer spicatum<\/em><\/a><\/td><td>t\u00e4hk\u00e4vaahtera<\/td><td>&nbsp;K09-96-<\/td><td>&nbsp;<\/td><\/tr><tr><td><em><a href=\"https:\/\/mustila.fi\/ulsike-1997-112-acer-pensylvanicum-pensylvanianvaahtera\/\" data-type=\"page\" data-id=\"17913\">Acer pensylvanicum<\/a><\/em><\/td><td>pensylvanianvaahtera<\/td><td>&nbsp;K09-96-348<\/td><td>&nbsp;<\/td><\/tr><tr><td><em><a href=\"https:\/\/mustila.fi\/ulsike-1997-113-acer-saccharum-sokerivaahtera\/\" data-type=\"page\" data-id=\"17915\">Acer saccharum<\/a><\/em><\/td><td>sokerivaahtera<\/td><td>&nbsp;K09-96-222<\/td><td>&nbsp;<\/td><\/tr><tr><td><em><a href=\"https:\/\/mustila.fi\/ulsike-1997-114-quercus-alba-valkotammi\/\" data-type=\"page\" data-id=\"17917\">Quercus alba<\/a><\/em><\/td><td>valkotammi<\/td><td>&nbsp;K09-96-386\/389?<\/td><td>&nbsp;<\/td><\/tr><tr><td><em><a href=\"https:\/\/mustila.fi\/ulsike-1997-115-prunus-triloba-ruusumanteli\/\" data-type=\"page\" data-id=\"17919\">Prunus triloba<\/a><\/em><\/td><td>ruusumanteli<\/td><td>&nbsp;K09-97-468<\/td><\/tr><\/tbody><\/table><\/figure>\n","protected":false},"excerpt":{"rendered":"<p>Carpinus caroliniana karoliinanvalkopy\u00f6kki &nbsp;K09-96-265 &nbsp; Betula alleghaniensis keltakoivu &nbsp;K09-96-316 &nbsp; Betula lenta sokerikoivu &nbsp;K09-96-392 &nbsp; Hamamelis virginiana amerikantaikap\u00e4hkin\u00e4 &nbsp;K09-96-301 &nbsp; Tsuga canadensis kanadanhemlokki &nbsp;K09-96-310 &nbsp; Ostrya virginiana humalapy\u00f6kki &nbsp;K09-96-255 &nbsp; Fraxinus nigra mustasaarni &nbsp;K09-96-231 &nbsp; Juniperus virginiana kyn\u00e4kataja &nbsp;K09-96-396 &nbsp; Tsuga mertensiana vuorihemlokki &nbsp;K09-97-410 &nbsp; Fagus grandifolia amerikanpy\u00f6kki &nbsp;K09-96-250 &nbsp; Acer spicatum t\u00e4hk\u00e4vaahtera &nbsp;K09-96- &nbsp; [&hellip;]<\/p>\n","protected":false},"author":2,"featured_media":0,"parent":0,"menu_order":0,"comment_status":"closed","ping_status":"closed","template":"","meta":{"iawp_total_views":18,"footnotes":""},"class_list":["post-6664","page","type-page","status-publish","hentry"],"_links":{"self":[{"href":"https:\/\/mustila.fi\/en\/wp-json\/wp\/v2\/pages\/6664","targetHints":{"allow":["GET"]}}],"collection":[{"href":"https:\/\/mustila.fi\/en\/wp-json\/wp\/v2\/pages"}],"about":[{"href":"https:\/\/mustila.fi\/en\/wp-json\/wp\/v2\/types\/page"}],"author":[{"embeddable":true,"href":"https:\/\/mustila.fi\/en\/wp-json\/wp\/v2\/users\/2"}],"replies":[{"embeddable":true,"href":"https:\/\/mustila.fi\/en\/wp-json\/wp\/v2\/comments?post=6664"}],"version-history":[{"count":0,"href":"https:\/\/mustila.fi\/en\/wp-json\/wp\/v2\/pages\/6664\/revisions"}],"wp:attachment":[{"href":"https:\/\/mustila.fi\/en\/wp-json\/wp\/v2\/media?parent=6664"}],"curies":[{"name":"wp","href":"https:\/\/api.w.org\/{rel}","templated":true}]}}