{"id":17490,"date":"2023-09-26T19:02:51","date_gmt":"2023-09-26T19:02:51","guid":{"rendered":"https:\/\/mustila.fi\/?page_id=17490"},"modified":"2023-09-26T19:02:53","modified_gmt":"2023-09-26T19:02:53","slug":"ulsike-1992-4-rhus-typhina-samettisumakki","status":"publish","type":"page","link":"https:\/\/mustila.fi\/ru\/ulsike-1992-4-rhus-typhina-samettisumakki\/","title":{"rendered":"Ulsike 1992: 4. Rhus typhina &#8212; samettisumakki"},"content":{"rendered":"\n<p><em><small>Ulkomaisten kasvilajien menestymistutkimuksessa eli Ulsike-projektissa laadittiin vuosien 1992-1997 koelajeista kuvaukset. T\u00e4m\u00e4n sivun tiedot koskevat siten tietty\u00e4 koesiemener\u00e4\u00e4 ja ovat saattaneet p\u00e4ivitty\u00e4 mm. Ulsike-projektista saatujen kokemusten perusteella.<\/small><\/em><\/p>\n\n\n\n<p>koe-er\u00e4n tunnus: K09-91-174<\/p>\n\n\n\n<p>alkuper\u00e4: Guelph, Ontario, Kanada 43 32&#8217;N x 80 13&#8217;W, 350 m m.p.y.<\/p>\n\n\n\n<p>Kotoisin Pohjois-Amerikan koillisosasta rajoittuen pohjoisessa Ontarioon ja Quebeciin, id\u00e4ss\u00e4 Atlanttiin, etel\u00e4ss\u00e4 Delawaren lounaisosiin, mahdollisesti etel\u00e4mm\u00e4ksikin, sek\u00e4 l\u00e4nness\u00e4 Tennesseehen. Samettisumakki on Suomessa mahdollisesti menestyvist\u00e4 sumakeista todenn\u00e4k\u00f6isesti kest\u00e4vin. Se on t\u00e4ysin kest\u00e4v\u00e4 mm. Ruotsissa Tukholman pohjoispuolelle asti. Samettisumakki on suosittu koristekasvi, josta on viljelyyn kehitetty useita lajikkeita.<\/p>\n\n\n\n<p>Samettisumakki kasvaa kotiseudullaan 6-10 m korkeaksi puuksi tai juurivesalliseksi pensaaksi. Se viihtyy aurinkoisilla hiekkaper\u00e4isill\u00e4 rinnemailla ja esim. teiden varsilla. Sen lehdet ovat kerrannaiset, 11-31-lehdykk\u00e4iset, 30-60 cm pitk\u00e4t, ja v\u00e4rilt\u00e4\u00e4n tummanvihre\u00e4t. Ne saavat upean syysv\u00e4rin kaikissa keltaisen, oranssin ja punaisen s\u00e4vyiss\u00e4. Samettisumakin hedelm\u00e4 on punaisten karvojen peitt\u00e4m\u00e4 marja, joka j\u00e4\u00e4 kasvun pystyiss\u00e4, n\u00e4ytt\u00e4viss\u00e4 tertuissa lehtien varistua. Samettisumakki on tavallisesti kaksikotinen, marjat sijaitsevat emiyksil\u00f6iss\u00e4.<\/p>\n\n\n\n<p>Samettisumakki on merkitt\u00e4v\u00e4 koristekasvi. Linnut k\u00e4ytt\u00e4v\u00e4t yli talven s\u00e4ilyvi\u00e4 marjoja ravintonaan, ja kasvin oranssins\u00e4vyist\u00e4 puuainesta on k\u00e4ytetty koriste-esineiden valmistamiseen. Samettisumakin kosketus saattaa aiheuttaa iho-oireita allergikoille.<br>&nbsp;<br>Samettisumakin siemenen kova kuori vaatii pehmitt\u00e4misen fysikaalisen alkiolevon purkamiseksi. T\u00e4llainen toimenpide voidaan suorittaa useilla tavoilla; t\u00e4m\u00e4 siemener\u00e4 on saanut lyhyen kuumavesik\u00e4sittelyn. Niin ollen siemenen alkio on joutunut veden kanssa yhteyteen ja it\u00e4misprosessi on k\u00e4ynnistynyt. Siemen tulisikin kylv\u00e4\u00e4 v\u00e4litt\u00f6m\u00e4sti n. 0,5 cm syvyyteen. Samettisumakki vaatii sek\u00e4 sirkkataimena ett\u00e4 my\u00f6hemmin jatkokasvatusalustalla mahdollisimman paljon valoa sek\u00e4 niukan kastelun. Sirkkataimi voidaan koulia jatkokasvatusalustalle heti, kun ensimm\u00e4iset varsinaiset kasvulehdet ovat puhjenneet. It\u00e4vyys n. 50 %, id\u00e4tysaika 10-14 vrk.<br>&nbsp;<br>Samettisumakin oletetaan menestyv\u00e4n Suomessa vy\u00f6hykkeell\u00e4 I. Menestyess\u00e4\u00e4n se saattaa saavuttaa 3-4 m korkeuden. Siemener\u00e4 on ker\u00e4tty kasvin luontaisen esiintymisalueen luoteisosasta luonnonvaraisista yksil\u00f6ist\u00e4.<br>&nbsp;<\/p>\n\n\n\n<h2 class=\"wp-block-heading\">Kasvin perustiedot<\/h2>\n\n\n\n<p>SukuRhusLajiTyphina<\/p>\n\n\n\n<h2 class=\"wp-block-heading\">Keywords<\/h2>\n\n\n\n<ul class=\"wp-block-list\">\n<li>Ulsike<\/li>\n\n\n\n<li>1992<\/li>\n\n\n\n<li>Rhus<\/li>\n\n\n\n<li>Rhus typhina<\/li>\n<\/ul>\n","protected":false},"excerpt":{"rendered":"<p>Ulkomaisten kasvilajien menestymistutkimuksessa eli Ulsike-projektissa laadittiin vuosien 1992-1997 koelajeista kuvaukset. T\u00e4m\u00e4n sivun tiedot koskevat siten tietty\u00e4 koesiemener\u00e4\u00e4 ja ovat saattaneet p\u00e4ivitty\u00e4 mm. Ulsike-projektista saatujen kokemusten perusteella. koe-er\u00e4n tunnus: K09-91-174 alkuper\u00e4: Guelph, Ontario, Kanada 43 32&#8217;N x 80 13&#8217;W, 350 m m.p.y. Kotoisin Pohjois-Amerikan koillisosasta rajoittuen pohjoisessa Ontarioon ja Quebeciin, id\u00e4ss\u00e4 Atlanttiin, etel\u00e4ss\u00e4 Delawaren lounaisosiin, mahdollisesti [&hellip;]<\/p>\n","protected":false},"author":2,"featured_media":0,"parent":0,"menu_order":0,"comment_status":"closed","ping_status":"closed","template":"","meta":{"iawp_total_views":3,"footnotes":""},"class_list":["post-17490","page","type-page","status-publish","hentry"],"_links":{"self":[{"href":"https:\/\/mustila.fi\/ru\/wp-json\/wp\/v2\/pages\/17490","targetHints":{"allow":["GET"]}}],"collection":[{"href":"https:\/\/mustila.fi\/ru\/wp-json\/wp\/v2\/pages"}],"about":[{"href":"https:\/\/mustila.fi\/ru\/wp-json\/wp\/v2\/types\/page"}],"author":[{"embeddable":true,"href":"https:\/\/mustila.fi\/ru\/wp-json\/wp\/v2\/users\/2"}],"replies":[{"embeddable":true,"href":"https:\/\/mustila.fi\/ru\/wp-json\/wp\/v2\/comments?post=17490"}],"version-history":[{"count":0,"href":"https:\/\/mustila.fi\/ru\/wp-json\/wp\/v2\/pages\/17490\/revisions"}],"wp:attachment":[{"href":"https:\/\/mustila.fi\/ru\/wp-json\/wp\/v2\/media?parent=17490"}],"curies":[{"name":"wp","href":"https:\/\/api.w.org\/{rel}","templated":true}]}}