{"id":17520,"date":"2023-09-26T19:15:31","date_gmt":"2023-09-26T19:15:31","guid":{"rendered":"https:\/\/mustila.fi\/?page_id=17520"},"modified":"2023-09-26T19:15:33","modified_gmt":"2023-09-26T19:15:33","slug":"ulsike-1992-14-fraxinus-mandshurica-mantsuriansaarni","status":"publish","type":"page","link":"https:\/\/mustila.fi\/ru\/ulsike-1992-14-fraxinus-mandshurica-mantsuriansaarni\/","title":{"rendered":"Ulsike 1992: 14. Fraxinus mandshurica &#8212; mantsuriansaarni"},"content":{"rendered":"\n<p><em><small>Ulkomaisten kasvilajien menestymistutkimuksessa eli Ulsike-projektissa laadittiin vuosien 1992-1997 koelajeista kuvaukset. T\u00e4m\u00e4n sivun tiedot koskevat siten tietty\u00e4 koesiemener\u00e4\u00e4 ja ovat saattaneet p\u00e4ivitty\u00e4 mm. Ulsike-projektista saatujen kokemusten perusteella.<\/small><\/em><\/p>\n\n\n\n<p>koe-er\u00e4n tunnus: K09-92-014<\/p>\n\n\n\n<p>alkuper\u00e4: Birobidjan, Ven\u00e4j\u00e4 48 30&#8217;N x 133 00 &#171;E, korkeus merenpinnasta tuntematon<br><br>Kotoisin Aasiasta Kiinan koillisosasta ja Amurin liepeilt\u00e4 levinneisyyden ollessa jokseenkin yhtenev\u00e4inen esim. korkkipuun kanssa. Maailmasta tunnetaan noin 65&nbsp;<em>Fraxinus<\/em>-lajia Aasiasta, Amerikasta sek\u00e4 Euroopasta. N\u00e4ist\u00e4 ainakin 3-4 voidaan viljell\u00e4 Suomessa luonnonvaraisen lehtosaarnen lis\u00e4ksi.<br><br>Mantsuriansaarni on Suomessa harvoin viljelty, mutta kest\u00e4v\u00e4n\u00e4 pidetty laji, josta odotetaan kotimaista saarnea parempia tuloksia Keski-Suomen alueella. Kotiseudullaan mantsuriansaarni kasvaa suureksi, jopa 30 m korkeaksi puuksi. Se suosii lajitovereidensa tapaan kosteita, ravinteikkaita lehtomaita sek\u00e4 kest\u00e4\u00e4 varsin hyvin varjostusta. Lehdet ovat lajille tyypilliset, ilmiasultaan ehk\u00e4 l\u00e4hinn\u00e4 punasaarnen (<em>F. pennsylvanica<\/em>) lehti\u00e4. Hedelm\u00e4 on siivek\u00e4s p\u00e4hkyl\u00e4; lenninsiipi ehk\u00e4p\u00e4 hivenen meill\u00e4 viljelyksess\u00e4 olevien saarnien hedelm\u00e4n lenninsiipe\u00e4 lyhyempi.<br><br>Saarnet ovat hankalimpia siemenest\u00e4 lis\u00e4tt\u00e4vi\u00e4 kasvisukuja, koska lajien v\u00e4liset erot it\u00e4misess\u00e4 ovat suuria. Yleisp\u00e4tevien ohjeiden antaminen on mahdotonta, mutta voidaan olettaa, ett\u00e4 siemen it\u00e4\u00e4 ilman esik\u00e4sittely\u00e4 kylv\u00f6vuonna. Siement\u00e4 on ennen kylv\u00f6\u00e4 syyt\u00e4 liottaa 24 &#8212; 48 h. Kylv\u00f6 0,5 &#8212; 1 cm syvyyteen. Siemen it\u00e4\u00e4 hitaasti, n. 30 vrk:ssa. Mik\u00e4li it\u00e4mist\u00e4 ei kohtuullisen ajan kuluessa tapahdu, oletetaan siemenen it\u00e4v\u00e4n kylv\u00f6\u00e4 seuraavana kev\u00e4\u00e4n\u00e4. Taimet voidaan koulia jatkokasvatusalustalle varsinaisten kasvulehtien puhjettua. Arvioitu it\u00e4vyys 40-50 %.<br><br>Mantsuriansaarni saavuttanee meill\u00e4 n. 25 m korkeuden. Sen oletetaan menestyv\u00e4n aina III -vy\u00f6hykkeell\u00e4 saakka, mahdollisesti pohjoisempanakin. Siemener\u00e4 on ker\u00e4tty kasvin luontaisen esiintymisalueen keskivaiheilta luonnonvaraisista puista.<\/p>\n\n\n\n<h2 class=\"wp-block-heading\">Kasvin perustiedot<\/h2>\n\n\n\n<p>SukuFraxinusLajiMandshurica<\/p>\n\n\n\n<h2 class=\"wp-block-heading\">Keywords<\/h2>\n\n\n\n<ul class=\"wp-block-list\">\n<li>Ulsike<\/li>\n\n\n\n<li>1992<\/li>\n\n\n\n<li>Fraxinus<\/li>\n\n\n\n<li>Fraxinus mandshurica<\/li>\n<\/ul>\n","protected":false},"excerpt":{"rendered":"<p>Ulkomaisten kasvilajien menestymistutkimuksessa eli Ulsike-projektissa laadittiin vuosien 1992-1997 koelajeista kuvaukset. T\u00e4m\u00e4n sivun tiedot koskevat siten tietty\u00e4 koesiemener\u00e4\u00e4 ja ovat saattaneet p\u00e4ivitty\u00e4 mm. Ulsike-projektista saatujen kokemusten perusteella. koe-er\u00e4n tunnus: K09-92-014 alkuper\u00e4: Birobidjan, Ven\u00e4j\u00e4 48 30&#8217;N x 133 00 &#171;E, korkeus merenpinnasta tuntematon Kotoisin Aasiasta Kiinan koillisosasta ja Amurin liepeilt\u00e4 levinneisyyden ollessa jokseenkin yhtenev\u00e4inen esim. korkkipuun kanssa. [&hellip;]<\/p>\n","protected":false},"author":2,"featured_media":0,"parent":0,"menu_order":0,"comment_status":"closed","ping_status":"closed","template":"","meta":{"iawp_total_views":11,"footnotes":""},"class_list":["post-17520","page","type-page","status-publish","hentry"],"_links":{"self":[{"href":"https:\/\/mustila.fi\/ru\/wp-json\/wp\/v2\/pages\/17520","targetHints":{"allow":["GET"]}}],"collection":[{"href":"https:\/\/mustila.fi\/ru\/wp-json\/wp\/v2\/pages"}],"about":[{"href":"https:\/\/mustila.fi\/ru\/wp-json\/wp\/v2\/types\/page"}],"author":[{"embeddable":true,"href":"https:\/\/mustila.fi\/ru\/wp-json\/wp\/v2\/users\/2"}],"replies":[{"embeddable":true,"href":"https:\/\/mustila.fi\/ru\/wp-json\/wp\/v2\/comments?post=17520"}],"version-history":[{"count":0,"href":"https:\/\/mustila.fi\/ru\/wp-json\/wp\/v2\/pages\/17520\/revisions"}],"wp:attachment":[{"href":"https:\/\/mustila.fi\/ru\/wp-json\/wp\/v2\/media?parent=17520"}],"curies":[{"name":"wp","href":"https:\/\/api.w.org\/{rel}","templated":true}]}}