{"id":17526,"date":"2023-09-26T19:16:54","date_gmt":"2023-09-26T19:16:54","guid":{"rendered":"https:\/\/mustila.fi\/?page_id=17526"},"modified":"2023-09-26T19:16:55","modified_gmt":"2023-09-26T19:16:55","slug":"ulsike-1992-17-prunus-tomentosa-nukkakirsikka","status":"publish","type":"page","link":"https:\/\/mustila.fi\/ru\/ulsike-1992-17-prunus-tomentosa-nukkakirsikka\/","title":{"rendered":"Ulsike 1992: 17. Prunus tomentosa &#8212; nukkakirsikka"},"content":{"rendered":"\n<p><em><small>Ulkomaisten kasvilajien menestymistutkimuksessa eli Ulsike-projektissa laadittiin vuosien 1992-1997 koelajeista kuvaukset. T\u00e4m\u00e4n sivun tiedot koskevat siten tietty\u00e4 koesiemener\u00e4\u00e4 ja ovat saattaneet p\u00e4ivitty\u00e4 mm. Ulsike-projektista saatujen kokemusten perusteella.<\/small><\/em><\/p>\n\n\n\n<p>koe-er\u00e4n tunnus: K09-92-009<\/p>\n\n\n\n<p>alkuper\u00e4: Habarovsk, Ven\u00e4j\u00e4 48 00 &#171;N x 135 30 &#8216;E, korkeus merenpinnasta tuntematon<\/p>\n\n\n\n<p>Kotoisin Pohjois-ja L\u00e4nsi-Kiinasta sek\u00e4 Himalajalta. Maassamme harvoin viljelty juurivesallinen pensas, josta hyvin v\u00e4h\u00e4n tietoja tarjolla. Kukkii pienin valkoisin tai vaaleanpunertavin kukin lehtien puhkeamisen aikoihin. Hedelm\u00e4 on karvainen tai kalju, sy\u00f6t\u00e4v\u00e4 punainen luumarja, joka kypsyy elokuussa. Nukkakirsikka on 1-2 m korkea pensas; kiintoisa lis\u00e4 niukkaan kirsikkavalikoimaamme.<\/p>\n\n\n\n<p>Nukkakirsikan siemen on kylm\u00e4stratifioitu, ja tulee kylv\u00e4\u00e4 v\u00e4litt\u00f6m\u00e4sti n. 1 cm syvyyteen. Kylv\u00f6alusta ja jatkokasvatusalusta on suojattava jyrsij\u00f6ilt\u00e4. It\u00e4vyys n. 50 %, id\u00e4tysaika n. 30 vrk.<\/p>\n\n\n\n<p>Nukkakirsikan on todettu menestyv\u00e4n maamme lounaisosassa aina vy\u00f6hykkeell\u00e4 Ib. Koesiemener\u00e4 on valittu alkuper\u00e4tietojen mukaan tarkoituksena siirt\u00e4\u00e4 kest\u00e4vyysrajaa ylemm\u00e4ksi, mahdollisesti jopa vy\u00f6hykkeelle III saakka. Siemener\u00e4 on todenn\u00e4k\u00f6isesti ker\u00e4tty luonnonvaraisen levinneisyysalueen ulkopuolella viljellyist\u00e4 kasveista.<\/p>\n\n\n\n<h2 class=\"wp-block-heading\">Kasvin perustiedot<\/h2>\n\n\n\n<p>SukuPrunusLajiTomentosa<\/p>\n\n\n\n<h2 class=\"wp-block-heading\">Keywords<\/h2>\n\n\n\n<ul class=\"wp-block-list\">\n<li>Ulsike<\/li>\n\n\n\n<li>1992<\/li>\n\n\n\n<li>Prunus<\/li>\n\n\n\n<li>Prunus tomentosa<\/li>\n<\/ul>\n","protected":false},"excerpt":{"rendered":"<p>Ulkomaisten kasvilajien menestymistutkimuksessa eli Ulsike-projektissa laadittiin vuosien 1992-1997 koelajeista kuvaukset. T\u00e4m\u00e4n sivun tiedot koskevat siten tietty\u00e4 koesiemener\u00e4\u00e4 ja ovat saattaneet p\u00e4ivitty\u00e4 mm. Ulsike-projektista saatujen kokemusten perusteella. koe-er\u00e4n tunnus: K09-92-009 alkuper\u00e4: Habarovsk, Ven\u00e4j\u00e4 48 00 &#171;N x 135 30 &#8216;E, korkeus merenpinnasta tuntematon Kotoisin Pohjois-ja L\u00e4nsi-Kiinasta sek\u00e4 Himalajalta. Maassamme harvoin viljelty juurivesallinen pensas, josta hyvin v\u00e4h\u00e4n [&hellip;]<\/p>\n","protected":false},"author":2,"featured_media":0,"parent":0,"menu_order":0,"comment_status":"closed","ping_status":"closed","template":"","meta":{"iawp_total_views":18,"footnotes":""},"class_list":["post-17526","page","type-page","status-publish","hentry"],"_links":{"self":[{"href":"https:\/\/mustila.fi\/ru\/wp-json\/wp\/v2\/pages\/17526","targetHints":{"allow":["GET"]}}],"collection":[{"href":"https:\/\/mustila.fi\/ru\/wp-json\/wp\/v2\/pages"}],"about":[{"href":"https:\/\/mustila.fi\/ru\/wp-json\/wp\/v2\/types\/page"}],"author":[{"embeddable":true,"href":"https:\/\/mustila.fi\/ru\/wp-json\/wp\/v2\/users\/2"}],"replies":[{"embeddable":true,"href":"https:\/\/mustila.fi\/ru\/wp-json\/wp\/v2\/comments?post=17526"}],"version-history":[{"count":0,"href":"https:\/\/mustila.fi\/ru\/wp-json\/wp\/v2\/pages\/17526\/revisions"}],"wp:attachment":[{"href":"https:\/\/mustila.fi\/ru\/wp-json\/wp\/v2\/media?parent=17526"}],"curies":[{"name":"wp","href":"https:\/\/api.w.org\/{rel}","templated":true}]}}