{"id":17552,"date":"2023-09-26T19:26:29","date_gmt":"2023-09-26T19:26:29","guid":{"rendered":"https:\/\/mustila.fi\/?page_id=17552"},"modified":"2023-09-26T19:26:30","modified_gmt":"2023-09-26T19:26:30","slug":"ukk-1-abies-amabilis-purppurapihta","status":"publish","type":"page","link":"https:\/\/mustila.fi\/ru\/ukk-1-abies-amabilis-purppurapihta\/","title":{"rendered":"UKK: 1. Abies amabilis &#8212; purppurapihta"},"content":{"rendered":"\n<h3 class=\"wp-block-heading\">Luontainen levinneisyys<\/h3>\n\n\n\n<p>Purppurapihta on kotoisin Pohjois-Amerikan luoteisosista. Sit\u00e4 kasvaa etel\u00e4ss\u00e4 aina Kalifornian pohjoisimmista osista USA:ssa Brittil\u00e4iseen Kolumbiaan Kanadassa. Sen kasvupaikkoja ovat rannikkovy\u00f6hykkeen laaksot ja vuorenrinteet. Etel\u00e4ss\u00e4 esiintym\u00e4t ulottuvat aina 3000 metrin korkeuteen saakka.<\/p>\n\n\n\n<h3 class=\"wp-block-heading\">Lajikuvaus<\/h3>\n\n\n\n<p>Purppurapihta kasvaa luontaisesti parhaimmillaan jopa 50 metrin pituiseksi. Kotiseuduillaan se on yleens\u00e4 30-50 metrin mittainen. Meill\u00e4 vanhimmat puut ovat jo ylitt\u00e4neet 30 metrin pituuden. Nuorena purppurapihta on hyvin s\u00e4\u00e4nn\u00f6llinen kasvutavaltaan. Oksat ovat pitki\u00e4 ja k\u00e4\u00e4ntyv\u00e4t kauniisti toistensa lomitse tehden lehv\u00e4st\u00f6n hyvin tihe\u00e4ksi. Neulanen on p\u00e4\u00e4lt\u00e4 tummanvihre\u00e4 ja alta valkojuovainen. Suuret, yli 10-senttiset, tynnyrim\u00e4iset k\u00e4vyt kypsyv\u00e4t lokakuussa ja ovat ruskeanharmaita.<\/p>\n\n\n\n<h3 class=\"wp-block-heading\">Menestyminen sek\u00e4 viljely meill\u00e4 ja muualla<\/h3>\n\n\n\n<p>Purppurapihtaa on viljelty Suomessa noin sadan vuoden ajan. Se on menestynyt I-II-vy\u00f6hykkeill\u00e4, mutta saattaa menesty\u00e4 viel\u00e4 III-vy\u00f6hykkeell\u00e4kin. Purppurapihta on meill\u00e4 hyvin harvoin viljelty laji. Sit\u00e4 viljell\u00e4\u00e4n muualla maailmassa melko harvinaisena, sill\u00e4 t\u00e4t\u00e4 pihtalajia pidet\u00e4\u00e4n yleisesti vaikeana oikuttelijana.<\/p>\n\n\n\n<h3 class=\"wp-block-heading\">K\u00e4ytt\u00f6<\/h3>\n\n\n\n<p>Purppurapihta on erinomainen yksitt\u00e4ispuu tai ryhm\u00e4puu sopiviin paikkoihin. Tummanvihre\u00e4n lehv\u00e4st\u00f6ns\u00e4 vuoksi se soveltuu my\u00f6s taustakasviksi.<\/p>\n\n\n\n<h3 class=\"wp-block-heading\">Kasvupaikkavaatimukset<\/h3>\n\n\n\n<p>Purppurapihta suosii kosteina pysyvi\u00e4 kasvupaikkoja. Rinteiss\u00e4 se on viihtynyt hyvin. Maa ei kuitenkaan saa olla kylm\u00e4\u00e4. Mereisen\u00e4 lajina se suosii pohjois- ja it\u00e4suuntia, joissa kosteus on suuri. Valoisuuden suhteen se ei ole erityisen vaatelias, vaan viihtyy puolivarjossa. Paahdetta se ei sied\u00e4.<\/p>\n\n\n\n<h3 class=\"wp-block-heading\">Lis\u00e4ys ja taimikasvatus<\/h3>\n\n\n\n<p>Pihtalajeja lis\u00e4t\u00e4\u00e4n siemenest\u00e4, jota kylm\u00e4k\u00e4sitell\u00e4\u00e4n 30-45 p\u00e4iv\u00e4\u00e4. Kylv\u00f6 voidaan my\u00f6s tehd\u00e4 syksyll\u00e4 ulos, jolloin siemen it\u00e4\u00e4 seuraavana kev\u00e4\u00e4n\u00e4. Purppurapihta on aluksi hyvin hidaskasvuinen eik\u00e4 ensimm\u00e4isen\u00e4 vuonna kasva juuri lainkaan. Taimet koulitaan kuusien kasvatuskennoihin tai potteihin ja kasvatetaan niiss\u00e4 kaksi vuotta. T\u00e4m\u00e4n j\u00e4lkeen taimet siirret\u00e4\u00e4n peltoon ja kasvatetaan 4-8 vuoteen riippuen halutusta koosta. Isompia taimia voidaan joutua kasvattamaan viel\u00e4 kauemmin. Purppurapihdan hidaskasvuisuus loppuu vasta noin kymmenvuotiaana. Lajia on helppo kasvattaa mik\u00e4li kasvatusolosuhteet ovat riitt\u00e4v\u00e4n suojaisat.<br>&nbsp;<\/p>\n\n\n\n<h2 class=\"wp-block-heading\">Kasvin perustiedot<\/h2>\n\n\n\n<p>SukuAbiesLajiAmabilis<\/p>\n\n\n\n<h2 class=\"wp-block-heading\">Keywords<\/h2>\n\n\n\n<ul class=\"wp-block-list\">\n<li>Abies<\/li>\n\n\n\n<li>Abies amabilis<\/li>\n<\/ul>\n","protected":false},"excerpt":{"rendered":"<p>Luontainen levinneisyys Purppurapihta on kotoisin Pohjois-Amerikan luoteisosista. Sit\u00e4 kasvaa etel\u00e4ss\u00e4 aina Kalifornian pohjoisimmista osista USA:ssa Brittil\u00e4iseen Kolumbiaan Kanadassa. Sen kasvupaikkoja ovat rannikkovy\u00f6hykkeen laaksot ja vuorenrinteet. Etel\u00e4ss\u00e4 esiintym\u00e4t ulottuvat aina 3000 metrin korkeuteen saakka. Lajikuvaus Purppurapihta kasvaa luontaisesti parhaimmillaan jopa 50 metrin pituiseksi. Kotiseuduillaan se on yleens\u00e4 30-50 metrin mittainen. Meill\u00e4 vanhimmat puut ovat jo ylitt\u00e4neet [&hellip;]<\/p>\n","protected":false},"author":2,"featured_media":0,"parent":0,"menu_order":0,"comment_status":"closed","ping_status":"closed","template":"","meta":{"iawp_total_views":25,"footnotes":""},"class_list":["post-17552","page","type-page","status-publish","hentry"],"_links":{"self":[{"href":"https:\/\/mustila.fi\/ru\/wp-json\/wp\/v2\/pages\/17552","targetHints":{"allow":["GET"]}}],"collection":[{"href":"https:\/\/mustila.fi\/ru\/wp-json\/wp\/v2\/pages"}],"about":[{"href":"https:\/\/mustila.fi\/ru\/wp-json\/wp\/v2\/types\/page"}],"author":[{"embeddable":true,"href":"https:\/\/mustila.fi\/ru\/wp-json\/wp\/v2\/users\/2"}],"replies":[{"embeddable":true,"href":"https:\/\/mustila.fi\/ru\/wp-json\/wp\/v2\/comments?post=17552"}],"version-history":[{"count":0,"href":"https:\/\/mustila.fi\/ru\/wp-json\/wp\/v2\/pages\/17552\/revisions"}],"wp:attachment":[{"href":"https:\/\/mustila.fi\/ru\/wp-json\/wp\/v2\/media?parent=17552"}],"curies":[{"name":"wp","href":"https:\/\/api.w.org\/{rel}","templated":true}]}}