{"id":17586,"date":"2023-09-26T19:31:44","date_gmt":"2023-09-26T19:31:44","guid":{"rendered":"https:\/\/mustila.fi\/?page_id=17586"},"modified":"2023-09-26T19:32:03","modified_gmt":"2023-09-26T19:32:03","slug":"ukk-16-acer-spicatum-tahkavaahtera","status":"publish","type":"page","link":"https:\/\/mustila.fi\/ru\/ukk-16-acer-spicatum-tahkavaahtera\/","title":{"rendered":"UKK: 16. Acer spicatum &#8212; t\u00e4hk\u00e4vaahtera"},"content":{"rendered":"\n<h3 class=\"wp-block-heading\">Luontainen levinneisyys<\/h3>\n\n\n\n<p>T\u00e4hk\u00e4vaahtera kasvaa luontaisena Pohjois-Amerikan koillisosissa USA:n ja Kanadan alueilla Suurten j\u00e4rvien it\u00e4puolisilla alueilla.<\/p>\n\n\n\n<h3 class=\"wp-block-heading\">Lajikuvaus<\/h3>\n\n\n\n<p>T\u00e4hk\u00e4vaahtera on pystykasvuinen pensas, joka saattaa luontaisilla alueillaan ylt\u00e4\u00e4 8 metrin mittaan. Meill\u00e4 se on j\u00e4\u00e4nyt t\u00e4t\u00e4 pienemm\u00e4ksi, 4-5 metrin pituiseksi. Rungon kuori pysyy harmaana, lehdet ovat perinteisest\u00e4 vaahteranlehdest\u00e4 suuresti poikkeavia. Ne saavat usein hyv\u00e4n syysv\u00e4rin, joka voi olla keltaisesta punaiseen tai oranssiin vivahtava. T\u00e4hk\u00e4vaahteran kukinto on pysty ja t\u00e4hk\u00e4m\u00e4inen, mist\u00e4 se on saanut nimens\u00e4kin. My\u00f6s hedelm\u00e4t ovat pystyss\u00e4 tertussa muista vaahteroista poiketen.<\/p>\n\n\n\n<h3 class=\"wp-block-heading\">Menestyminen sek\u00e4 viljely meill\u00e4 ja muualla<\/h3>\n\n\n\n<p>T\u00e4hk\u00e4vaahtera on saarnivaahteran ohella kenties maapallon kest\u00e4vin vaahteralaji, jonka luontainen levinneisyysalue ulottuu kauas boreaaliselle mets\u00e4vy\u00f6hykkeelle. Meill\u00e4 sit\u00e4 on viljelty vuosikymmeni\u00e4 ja sen on todettu olevan t\u00e4ysin kest\u00e4v\u00e4 I-III-vy\u00f6hykkeill\u00e4. Ilmeisesti sit\u00e4 voitaisiin viljell\u00e4 t\u00e4t\u00e4 pohjoisempanakin jos k\u00e4ytett\u00e4isiin riitt\u00e4v\u00e4n pohjoisia siemeneri\u00e4. Muualla maailmassa t\u00e4hk\u00e4vaahtera on viljeltyn\u00e4 varsin harvinainen, eik\u00e4 siit\u00e4 ole viljelyss\u00e4 kuin muutama kanta.<\/p>\n\n\n\n<h3 class=\"wp-block-heading\">K\u00e4ytt\u00f6<\/h3>\n\n\n\n<p>T\u00e4hk\u00e4vaahteraa voitaisiin k\u00e4ytt\u00e4\u00e4 mets\u00e4nreunuspensaana kulttuurialueita rajaamassa sek\u00e4 pensasryhmin\u00e4 luomassa ruskaa.<\/p>\n\n\n\n<h3 class=\"wp-block-heading\">Kasvupaikkavaatimukset<\/h3>\n\n\n\n<p>T\u00e4hk\u00e4vaahtera viihtyy puolivarjossa tai auringossa hikevill\u00e4 humuspitoisilla mailla.<\/p>\n\n\n\n<h3 class=\"wp-block-heading\">Lis\u00e4ys ja taimikasvatus<\/h3>\n\n\n\n<p>T\u00e4hk\u00e4vaahteraa lis\u00e4t\u00e4\u00e4n siemenist\u00e4. Se kuuluu helpoimpiin vaahteroihin lis\u00e4yst\u00e4 ajatellen. Siemen tarvitsee 90 p\u00e4iv\u00e4n kylm\u00e4k\u00e4sittelyn ja se kannattaa kylv\u00e4\u00e4 syksyll\u00e4 ulos niin, ett\u00e4 kylv\u00f6ksen p\u00e4\u00e4lle seulotaan hiekkaa kunnes siemen peittyy. It\u00e4neet taimet koulitaan ruukkuihin tai kasvatuskennoihin. Lehtipuille tarkoitetut kennot soveltuvat erinomaisesti t\u00e4hk\u00e4vaahteralle. Se on hyvin nopeakasvuinen laji, josta kasvaa helposti pitk\u00e4 puska. Taimi kuitenkin haaroittuu kun se istutetaan maahan. Istutuskokoinen taimi saadaan 2-3 vuodessa. Taimet voidaan talvettaa jo ensi vuotenaan ulkona, sill\u00e4 ne tuleentuvat aikaisin.<br>&nbsp;<\/p>\n\n\n\n<h2 class=\"wp-block-heading\">Kasvin perustiedot<\/h2>\n\n\n\n<p>SukuAcerLajiSpicatum<\/p>\n\n\n\n<h2 class=\"wp-block-heading\">Keywords<\/h2>\n\n\n\n<ul class=\"wp-block-list\">\n<li>Acer<\/li>\n\n\n\n<li>Acer spicatum<\/li>\n<\/ul>\n","protected":false},"excerpt":{"rendered":"<p>Luontainen levinneisyys T\u00e4hk\u00e4vaahtera kasvaa luontaisena Pohjois-Amerikan koillisosissa USA:n ja Kanadan alueilla Suurten j\u00e4rvien it\u00e4puolisilla alueilla. Lajikuvaus T\u00e4hk\u00e4vaahtera on pystykasvuinen pensas, joka saattaa luontaisilla alueillaan ylt\u00e4\u00e4 8 metrin mittaan. Meill\u00e4 se on j\u00e4\u00e4nyt t\u00e4t\u00e4 pienemm\u00e4ksi, 4-5 metrin pituiseksi. Rungon kuori pysyy harmaana, lehdet ovat perinteisest\u00e4 vaahteranlehdest\u00e4 suuresti poikkeavia. Ne saavat usein hyv\u00e4n syysv\u00e4rin, joka voi olla [&hellip;]<\/p>\n","protected":false},"author":2,"featured_media":0,"parent":0,"menu_order":0,"comment_status":"closed","ping_status":"closed","template":"","meta":{"iawp_total_views":12,"footnotes":""},"class_list":["post-17586","page","type-page","status-publish","hentry"],"_links":{"self":[{"href":"https:\/\/mustila.fi\/ru\/wp-json\/wp\/v2\/pages\/17586","targetHints":{"allow":["GET"]}}],"collection":[{"href":"https:\/\/mustila.fi\/ru\/wp-json\/wp\/v2\/pages"}],"about":[{"href":"https:\/\/mustila.fi\/ru\/wp-json\/wp\/v2\/types\/page"}],"author":[{"embeddable":true,"href":"https:\/\/mustila.fi\/ru\/wp-json\/wp\/v2\/users\/2"}],"replies":[{"embeddable":true,"href":"https:\/\/mustila.fi\/ru\/wp-json\/wp\/v2\/comments?post=17586"}],"version-history":[{"count":0,"href":"https:\/\/mustila.fi\/ru\/wp-json\/wp\/v2\/pages\/17586\/revisions"}],"wp:attachment":[{"href":"https:\/\/mustila.fi\/ru\/wp-json\/wp\/v2\/media?parent=17586"}],"curies":[{"name":"wp","href":"https:\/\/api.w.org\/{rel}","templated":true}]}}