{"id":17589,"date":"2023-09-26T19:32:31","date_gmt":"2023-09-26T19:32:31","guid":{"rendered":"https:\/\/mustila.fi\/?page_id=17589"},"modified":"2023-09-26T19:32:37","modified_gmt":"2023-09-26T19:32:37","slug":"ukk-19-betula-alleghaniensis-keltakoivu","status":"publish","type":"page","link":"https:\/\/mustila.fi\/ru\/ukk-19-betula-alleghaniensis-keltakoivu\/","title":{"rendered":"UKK: 19. Betula alleghaniensis &#8212; keltakoivu"},"content":{"rendered":"\n<h3 class=\"wp-block-heading\">Luontainen levinneisyys<\/h3>\n\n\n\n<p>Keltakoivu on pohjoisamerikkalainen laji, jonka luontainen levinneisyysalue ulottuu mantereen koillisosiin Suurilta j\u00e4rvilt\u00e4 it\u00e4\u00e4n. Se ulottaa alueensa havupuuvy\u00f6hykkeen rajalle saakka.<\/p>\n\n\n\n<h3 class=\"wp-block-heading\">Lajikuvaus<\/h3>\n\n\n\n<p>Keltakoivu kasvaa luontaisilla alueillaan komeaksi, 30 metrin mittaiseksi puuksi. Viljeltyn\u00e4 se j\u00e4\u00e4 t\u00e4t\u00e4 pienemm\u00e4ksi. Kasvupaikasta riippuen puut ovat meill\u00e4 5-15 metrin pituisia. Nimens\u00e4 keltakoivu on saanut keltaisesta puuaineestaan, joka on arvokasta. Rungon kuori on harmahtava, eik\u00e4 tuohi irtoa meik\u00e4l\u00e4isten koivujen tapaan. Lehdet ovat suuria, pitkulaisia, valkopy\u00f6kin lehti\u00e4 muistuttavia. Ne saavat keltaisen syysv\u00e4rin. Siemennorkot ovat suuria ja paksuja, mutta lyhyit\u00e4.<\/p>\n\n\n\n<h3 class=\"wp-block-heading\">Menestyminen sek\u00e4 viljely meill\u00e4 ja muualla<\/h3>\n\n\n\n<p>Keltakoivun on todettu menestyv\u00e4n Suomessa ainakin I-II-vy\u00f6hykkeill\u00e4. K\u00e4ytt\u00e4m\u00e4ll\u00e4 pohjoisia siemenalkuperi\u00e4 se menestynee viel\u00e4 III-vy\u00f6hykkeell\u00e4 saakka. Keltakoivua on viljelty meill\u00e4 harvinaisena jo pitk\u00e4\u00e4n, mutta se ei koskaan ole yleistynyt. Muualla maailmassa keltakoivu on verrattain yleisesti k\u00e4ytetty koristepuu.<\/p>\n\n\n\n<h3 class=\"wp-block-heading\">K\u00e4ytt\u00f6<\/h3>\n\n\n\n<p>Keltakoivu on n\u00e4ytt\u00e4v\u00e4 laji, jonka ilmiasu muistuttaa varttuneena jaloja lehtipuita. Sit\u00e4 voidaan k\u00e4ytt\u00e4\u00e4 samaan tapaan yksitt\u00e4ispuuna tai ryhmin\u00e4.<\/p>\n\n\n\n<h3 class=\"wp-block-heading\">Kasvupaikkavaatimukset<\/h3>\n\n\n\n<p>Keltakoivu viihtyy parhaiten l\u00e4mpim\u00e4ss\u00e4, syv\u00e4multaisessa maassa. Valoisuuden suhteen se ei ole yht\u00e4 vaatelias kuin meik\u00e4l\u00e4iset koivut vaan viihtyy puolivarjossakin. Kasvupaikan tulisi kuitenkin olla l\u00e4mmin.<\/p>\n\n\n\n<h3 class=\"wp-block-heading\">Lis\u00e4ys ja taimikasvatus<\/h3>\n\n\n\n<p>Siemen it\u00e4\u00e4 koivujen tapaan valossa eik\u00e4 sit\u00e4 peitet\u00e4. 60-75 vuorokauden kylm\u00e4k\u00e4sittely edesauttaa it\u00e4mist\u00e4 suuresti. Mik\u00e4li siemen kylvet\u00e4\u00e4n syksyll\u00e4 ulos, ei kotimaisten koivujen siement\u00e4misest\u00e4 kylv\u00f6astiaan ole juurikaan haittaa, kuten usein vieraita koivuja viljelless\u00e4 on. Keltakoivun taimi poikkeaa niin paljon muista koivuista, ett\u00e4 on helppo koulia ne erilleen. Viljelyss\u00e4 k\u00e4ytet\u00e4\u00e4n koivuille soveltuvia kennoja tai potteja. Taimet siirret\u00e4\u00e4n kahden vuoden j\u00e4lkeen peltoon, jossa ne kasvavat 2-6-vuotiaiksi riippuen halutusta koosta. Keltakoivu ei ole ekologisesti pioneerilaji, joka n\u00e4kyy my\u00f6s sen taimikasvatuksessa. Hallanaroilla paikoilla taimet k\u00e4rsiv\u00e4t suuresti ja pensastuvat. Suojaisilla taimialueilla ne ovat nopeakasvuisia ja helppoja kasvattaa.<\/p>\n\n\n\n<h2 class=\"wp-block-heading\">Kasvin perustiedot<\/h2>\n\n\n\n<p>SukuBetulaLajiAlleghaniensis<\/p>\n\n\n\n<h2 class=\"wp-block-heading\">Keywords<\/h2>\n\n\n\n<ul class=\"wp-block-list\">\n<li>Lehtipuut ja -pensaat<\/li>\n\n\n\n<li>Betula<\/li>\n\n\n\n<li>Betula alleghaniensis<\/li>\n<\/ul>\n","protected":false},"excerpt":{"rendered":"<p>Luontainen levinneisyys Keltakoivu on pohjoisamerikkalainen laji, jonka luontainen levinneisyysalue ulottuu mantereen koillisosiin Suurilta j\u00e4rvilt\u00e4 it\u00e4\u00e4n. Se ulottaa alueensa havupuuvy\u00f6hykkeen rajalle saakka. Lajikuvaus Keltakoivu kasvaa luontaisilla alueillaan komeaksi, 30 metrin mittaiseksi puuksi. Viljeltyn\u00e4 se j\u00e4\u00e4 t\u00e4t\u00e4 pienemm\u00e4ksi. Kasvupaikasta riippuen puut ovat meill\u00e4 5-15 metrin pituisia. Nimens\u00e4 keltakoivu on saanut keltaisesta puuaineestaan, joka on arvokasta. Rungon kuori [&hellip;]<\/p>\n","protected":false},"author":2,"featured_media":0,"parent":0,"menu_order":0,"comment_status":"closed","ping_status":"closed","template":"","meta":{"iawp_total_views":22,"footnotes":""},"class_list":["post-17589","page","type-page","status-publish","hentry"],"_links":{"self":[{"href":"https:\/\/mustila.fi\/ru\/wp-json\/wp\/v2\/pages\/17589","targetHints":{"allow":["GET"]}}],"collection":[{"href":"https:\/\/mustila.fi\/ru\/wp-json\/wp\/v2\/pages"}],"about":[{"href":"https:\/\/mustila.fi\/ru\/wp-json\/wp\/v2\/types\/page"}],"author":[{"embeddable":true,"href":"https:\/\/mustila.fi\/ru\/wp-json\/wp\/v2\/users\/2"}],"replies":[{"embeddable":true,"href":"https:\/\/mustila.fi\/ru\/wp-json\/wp\/v2\/comments?post=17589"}],"version-history":[{"count":0,"href":"https:\/\/mustila.fi\/ru\/wp-json\/wp\/v2\/pages\/17589\/revisions"}],"wp:attachment":[{"href":"https:\/\/mustila.fi\/ru\/wp-json\/wp\/v2\/media?parent=17589"}],"curies":[{"name":"wp","href":"https:\/\/api.w.org\/{rel}","templated":true}]}}