{"id":17600,"date":"2023-09-26T19:33:34","date_gmt":"2023-09-26T19:33:34","guid":{"rendered":"https:\/\/mustila.fi\/?page_id=17600"},"modified":"2023-09-26T19:33:40","modified_gmt":"2023-09-26T19:33:40","slug":"ukk-24-magnolia-sieboldii-pensasmagnolia","status":"publish","type":"page","link":"https:\/\/mustila.fi\/ru\/ukk-24-magnolia-sieboldii-pensasmagnolia\/","title":{"rendered":"UKK: 24. Magnolia sieboldii &#8212; pensasmagnolia"},"content":{"rendered":"\n<h3 class=\"wp-block-heading\">Luontainen levinneisyys<\/h3>\n\n\n\n<p>Pensasmagnolia on kotoisin Kaukoid\u00e4st\u00e4, miss\u00e4 sit\u00e4 kasvaa Kiinassa, Korean niemimaalla, Ven\u00e4j\u00e4ll\u00e4 sek\u00e4 Japanin etel\u00e4isill\u00e4 saarilla happamilla mailla.<\/p>\n\n\n\n<h3 class=\"wp-block-heading\">Lajikuvaus<\/h3>\n\n\n\n<p>Pensasmagnolia on 2-3 metrin mittainen pensas. Lehdet ovat leve\u00e4nsoikeita, ehytlaitaisia, kooltaan 6-15 cm. V\u00e4rilt\u00e4\u00e4n ne ovat p\u00e4\u00e4lt\u00e4 vaaleanvihreit\u00e4 ja alta sinivihreit\u00e4. Ne saavat vaaleankeltaisen syysv\u00e4rin. Kukat ovat 4 cm kokoisia, v\u00e4rilt\u00e4\u00e4n valkoisia, ter\u00e4lehdilt\u00e4\u00e4n suuria. Hedelm\u00e4 on outo, k\u00e4pym\u00e4inen tuppilo.<\/p>\n\n\n\n<h3 class=\"wp-block-heading\">Menestyminen sek\u00e4 viljely meill\u00e4 ja muualla<\/h3>\n\n\n\n<p>Pensasmagnolia on menestynyt meill\u00e4 I-II-vy\u00f6hykkeill\u00e4. Se on tosin viljeltyn\u00e4 niin harvinainen, ett\u00e4 todellista viljelyrajaa ei ole viel\u00e4 m\u00e4\u00e4ritetty. Oikein valitulla siemenalkuper\u00e4ll\u00e4 pensasmagnoliaa luulisi voivan kasvattaa III-vy\u00f6hykkeell\u00e4.<\/p>\n\n\n\n<h3 class=\"wp-block-heading\">K\u00e4ytt\u00f6<\/h3>\n\n\n\n<p>Pensasmagnolia soveltuu yksitt\u00e4ispensaaksi.<\/p>\n\n\n\n<h3 class=\"wp-block-heading\">Kasvupaikkavaatimukset<\/h3>\n\n\n\n<p>Pensasmagnolia ei ole erityisen vaatelias kasvupaikan suhteen. Se viihtyy parhaiten, routimattomalla, ravinteikkaalla maalla l\u00e4mpim\u00e4ll\u00e4 paikalla, mutta siet\u00e4\u00e4 my\u00f6s jonkin verran varjoa.<\/p>\n\n\n\n<h3 class=\"wp-block-heading\">Lis\u00e4ys ja taimikasvatus<\/h3>\n\n\n\n<p>Pensasmagnoliaa lis\u00e4t\u00e4\u00e4n siemenest\u00e4, jotka tarvitsevat 90-120 vrk kylm\u00e4k\u00e4sittelyn ennen it\u00e4mist\u00e4. Siemen kannattaa kylv\u00e4\u00e4 syksyll\u00e4 ulos, jolloin se it\u00e4\u00e4 seuraavana kev\u00e4\u00e4n\u00e4. Siemenen on oltava tuoretta, sill\u00e4 magnolioiden siemen ei kest\u00e4 kuivumista, vaan menett\u00e4\u00e4 it\u00e4vyytens\u00e4 nopeasti. Taimet koulitaan lehtipuiden kasvatukseen soveltuviin kennoihin tai ruukkuihin ja kasvatetaan niiss\u00e4 kaksi vuotta. T\u00e4m\u00e4n j\u00e4lkeen ne siirret\u00e4\u00e4n suurempiin astioihin. Pensasmagnolia on varsin nopeakasvuinen taimena ja istutuskuntoinen taimi saadaan 2+2 vuotiaista kasveista. Kasvatus on kaikenkaikkiaan varsin ongelmatonta.<\/p>\n\n\n\n<h2 class=\"wp-block-heading\">Kasvin perustiedot<\/h2>\n\n\n\n<p>SukuMagnoliaLajiSieboldii<\/p>\n\n\n\n<h2 class=\"wp-block-heading\">Keywords<\/h2>\n\n\n\n<ul class=\"wp-block-list\">\n<li>Lehtipuut ja -pensaat<\/li>\n\n\n\n<li>Magnolia<\/li>\n\n\n\n<li>Magnolia sieboldii<\/li>\n<\/ul>\n","protected":false},"excerpt":{"rendered":"<p>Luontainen levinneisyys Pensasmagnolia on kotoisin Kaukoid\u00e4st\u00e4, miss\u00e4 sit\u00e4 kasvaa Kiinassa, Korean niemimaalla, Ven\u00e4j\u00e4ll\u00e4 sek\u00e4 Japanin etel\u00e4isill\u00e4 saarilla happamilla mailla. Lajikuvaus Pensasmagnolia on 2-3 metrin mittainen pensas. Lehdet ovat leve\u00e4nsoikeita, ehytlaitaisia, kooltaan 6-15 cm. V\u00e4rilt\u00e4\u00e4n ne ovat p\u00e4\u00e4lt\u00e4 vaaleanvihreit\u00e4 ja alta sinivihreit\u00e4. Ne saavat vaaleankeltaisen syysv\u00e4rin. Kukat ovat 4 cm kokoisia, v\u00e4rilt\u00e4\u00e4n valkoisia, ter\u00e4lehdilt\u00e4\u00e4n suuria. Hedelm\u00e4 [&hellip;]<\/p>\n","protected":false},"author":2,"featured_media":0,"parent":0,"menu_order":0,"comment_status":"closed","ping_status":"closed","template":"","meta":{"iawp_total_views":34,"footnotes":""},"class_list":["post-17600","page","type-page","status-publish","hentry"],"_links":{"self":[{"href":"https:\/\/mustila.fi\/ru\/wp-json\/wp\/v2\/pages\/17600","targetHints":{"allow":["GET"]}}],"collection":[{"href":"https:\/\/mustila.fi\/ru\/wp-json\/wp\/v2\/pages"}],"about":[{"href":"https:\/\/mustila.fi\/ru\/wp-json\/wp\/v2\/types\/page"}],"author":[{"embeddable":true,"href":"https:\/\/mustila.fi\/ru\/wp-json\/wp\/v2\/users\/2"}],"replies":[{"embeddable":true,"href":"https:\/\/mustila.fi\/ru\/wp-json\/wp\/v2\/comments?post=17600"}],"version-history":[{"count":0,"href":"https:\/\/mustila.fi\/ru\/wp-json\/wp\/v2\/pages\/17600\/revisions"}],"wp:attachment":[{"href":"https:\/\/mustila.fi\/ru\/wp-json\/wp\/v2\/media?parent=17600"}],"curies":[{"name":"wp","href":"https:\/\/api.w.org\/{rel}","templated":true}]}}