{"id":17603,"date":"2023-09-26T19:34:03","date_gmt":"2023-09-26T19:34:03","guid":{"rendered":"https:\/\/mustila.fi\/?page_id=17603"},"modified":"2023-09-26T19:34:05","modified_gmt":"2023-09-26T19:34:05","slug":"ukk-26-phellodendron-amurense-amurinkorkkipuu","status":"publish","type":"page","link":"https:\/\/mustila.fi\/ru\/ukk-26-phellodendron-amurense-amurinkorkkipuu\/","title":{"rendered":"UKK: 26. Phellodendron amurense &#8212; amurinkorkkipuu"},"content":{"rendered":"\n<h3 class=\"wp-block-heading\">Luontainen levinneisyys<\/h3>\n\n\n\n<p>Amurinkorkkipuu, johon t\u00e4ss\u00e4 luetaan kuuluvaksi my\u00f6s sen Sahalinin saarella esiintyv\u00e4 maantieteellinen rotu (<em>P.sachalinense, P. amurense&nbsp;<\/em>var.&nbsp;<em>sachalinense<\/em>) kasvaa Kaukoid\u00e4ss\u00e4 Korean niemimaalla, Kiinassa sek\u00e4 Ven\u00e4j\u00e4ll\u00e4 sek\u00e4 Sahalinin saarella. Se esiintyy yhdess\u00e4 muiden lehtipuiden kanssa sek\u00e4 vaativien havupuiden seurassa runsasravinteisissa rinnemetsiss\u00e4 ja jokilaaksoissa.<\/p>\n\n\n\n<h3 class=\"wp-block-heading\">Lajikuvaus<\/h3>\n\n\n\n<p>Amurinkorkkipuu kasvaa luontaisesti 20 metrin pituiseksi, mutta viljelyss\u00e4 se j\u00e4\u00e4 hieman pienemm\u00e4ksi, 12-15 m pituiseksi. Hyv\u00e4ll\u00e4 kasvupaikalla latvus levittyy v\u00e4hint\u00e4\u00e4n samanmittaiseksi, usein puu on pituuttaan leve\u00e4mpi. Rungon kuori on paksu ja korkkimainen, vanhemmiten eritt\u00e4in koristeellinen. Lehti muodostuu 5-13 lehdyk\u00e4st\u00e4 ja kasvaa parikymmensenttiseksi. Puu on hyvin aromaattinen ja erityisesti lehdiss\u00e4 on voimakas mausteinen tuoksu. Lehdet saavat hyvill\u00e4 paikoilla eritt\u00e4in kauniin keltaisen syysv\u00e4rin. Korkkipuun hedelm\u00e4 on musta marja, joka kypsyy syyskuussa.<\/p>\n\n\n\n<h3 class=\"wp-block-heading\">Menestyminen sek\u00e4 viljely meill\u00e4 ja muualla<\/h3>\n\n\n\n<p>Amurinkorkkipuuta ja sen l\u00e4hilajeja on meill\u00e4 viljelty pitk\u00e4\u00e4n ja ne ovat menestyneet I-II-vy\u00f6hykkeill\u00e4. Vaikka Suomessa on t\u00e4ll\u00e4 hetkell\u00e4 ainakin nelj\u00e4 eri kantaa viljelyss\u00e4, tulisi silti jatkaa ponnisteluja parhaimman mahdollisen alkuper\u00e4n l\u00f6yt\u00e4miseksi meille. Mustilaan on hiljattain saatu hyvin lupaava kanta Sahalinilta, joka taimivaiheessa n\u00e4ytt\u00e4\u00e4 olevan muita kantoja kest\u00e4v\u00e4mpi. Levinneisyysalueeseen verrattuna korkkipuuta pit\u00e4isi voida viljell\u00e4 nykyist\u00e4 pohjoisempana, esimerkiksi III-vy\u00f6hykkeell\u00e4. Muualla maailmassa korkkipuut ovat suhteellisen v\u00e4h\u00e4n viljeltyj\u00e4. USA:ssa niit\u00e4 on kokeiltu katupuina, mutta tulokset eiv\u00e4t ole olleet rohkaisevia.<\/p>\n\n\n\n<h3 class=\"wp-block-heading\">K\u00e4ytt\u00f6<\/h3>\n\n\n\n<p>Amurinkorkkipuu sopii hienosti yksitt\u00e4ispuuksi tai ryhmiin, kujanteisiin yms.<\/p>\n\n\n\n<h3 class=\"wp-block-heading\">Kasvupaikkavaatimukset<\/h3>\n\n\n\n<p>Korkkipuut ovat vaateliaita niin kasvupaikan viljavuuden kuin sen valoisuudenkin suhteen. Ne vaativat ravinteikasta, l\u00e4p\u00e4isev\u00e4\u00e4, hikev\u00e4\u00e4 maata sek\u00e4 runsaasti valoa koko el\u00e4m\u00e4ns\u00e4 ajan.<\/p>\n\n\n\n<h3 class=\"wp-block-heading\">Lis\u00e4ys ja taimikasvatus<\/h3>\n\n\n\n<p>Korkkipuita lis\u00e4t\u00e4\u00e4n siemenest\u00e4, joka ei vaadi esik\u00e4sittely\u00e4. It\u00e4misen varmistamiseksi siemen voidaan kuitenkin kylm\u00e4k\u00e4sitell\u00e4 15-30 vrk ajan. Kylv\u00f6s peitet\u00e4\u00e4n hiekalla ohuelti. Taimet koulitaan lehtipuille soveltuviin kennoihin ja kasvatetaan niiss\u00e4 kaksi vuotta. T\u00e4m\u00e4n j\u00e4lkeen taimet siirret\u00e4\u00e4n joko peltoon 2-4 vuoden ajaksi tai astiaan. Korkkipuun kasvunopeus on vaihdellut suuresti ja eri alkuper\u00e4t tai rodut saattavat olla kasvunopeuden suhteen erilaisia. Se on taimena hyvin nopeakasvuinen ja arka paleltumaan. Vanhemmiten se muuttuu kest\u00e4v\u00e4mm\u00e4ksi. Sahalinilta per\u00e4isin oleva kanta on menestynyt taimena paremmin, mutta se on kasvanut hitaammin.<\/p>\n\n\n\n<h2 class=\"wp-block-heading\">Kasvin perustiedot<\/h2>\n\n\n\n<p>SukuPhellodendronLajiAmurense<\/p>\n\n\n\n<h2 class=\"wp-block-heading\">Keywords<\/h2>\n\n\n\n<ul class=\"wp-block-list\">\n<li>Lehtipuut ja -pensaat<\/li>\n\n\n\n<li>Phellodendron<\/li>\n\n\n\n<li>Phellodendron amurense<\/li>\n<\/ul>\n","protected":false},"excerpt":{"rendered":"<p>Luontainen levinneisyys Amurinkorkkipuu, johon t\u00e4ss\u00e4 luetaan kuuluvaksi my\u00f6s sen Sahalinin saarella esiintyv\u00e4 maantieteellinen rotu (P.sachalinense, P. amurense&nbsp;var.&nbsp;sachalinense) kasvaa Kaukoid\u00e4ss\u00e4 Korean niemimaalla, Kiinassa sek\u00e4 Ven\u00e4j\u00e4ll\u00e4 sek\u00e4 Sahalinin saarella. Se esiintyy yhdess\u00e4 muiden lehtipuiden kanssa sek\u00e4 vaativien havupuiden seurassa runsasravinteisissa rinnemetsiss\u00e4 ja jokilaaksoissa. Lajikuvaus Amurinkorkkipuu kasvaa luontaisesti 20 metrin pituiseksi, mutta viljelyss\u00e4 se j\u00e4\u00e4 hieman pienemm\u00e4ksi, 12-15 [&hellip;]<\/p>\n","protected":false},"author":2,"featured_media":0,"parent":0,"menu_order":0,"comment_status":"closed","ping_status":"closed","template":"","meta":{"iawp_total_views":17,"footnotes":""},"class_list":["post-17603","page","type-page","status-publish","hentry"],"_links":{"self":[{"href":"https:\/\/mustila.fi\/ru\/wp-json\/wp\/v2\/pages\/17603","targetHints":{"allow":["GET"]}}],"collection":[{"href":"https:\/\/mustila.fi\/ru\/wp-json\/wp\/v2\/pages"}],"about":[{"href":"https:\/\/mustila.fi\/ru\/wp-json\/wp\/v2\/types\/page"}],"author":[{"embeddable":true,"href":"https:\/\/mustila.fi\/ru\/wp-json\/wp\/v2\/users\/2"}],"replies":[{"embeddable":true,"href":"https:\/\/mustila.fi\/ru\/wp-json\/wp\/v2\/comments?post=17603"}],"version-history":[{"count":0,"href":"https:\/\/mustila.fi\/ru\/wp-json\/wp\/v2\/pages\/17603\/revisions"}],"wp:attachment":[{"href":"https:\/\/mustila.fi\/ru\/wp-json\/wp\/v2\/media?parent=17603"}],"curies":[{"name":"wp","href":"https:\/\/api.w.org\/{rel}","templated":true}]}}