{"id":17608,"date":"2023-09-26T19:34:45","date_gmt":"2023-09-26T19:34:45","guid":{"rendered":"https:\/\/mustila.fi\/?page_id=17608"},"modified":"2023-09-26T19:34:47","modified_gmt":"2023-09-26T19:34:47","slug":"ukk-31-pyrus-ussuriensis-ussurinpaaryna","status":"publish","type":"page","link":"https:\/\/mustila.fi\/ru\/ukk-31-pyrus-ussuriensis-ussurinpaaryna\/","title":{"rendered":"UKK: 31. Pyrus ussuriensis &#8212; ussurinp\u00e4\u00e4ryn\u00e4"},"content":{"rendered":"\n<h3 class=\"wp-block-heading\">Luontainen levinneisyys<\/h3>\n\n\n\n<p>Ussurinp\u00e4\u00e4ryn\u00e4 on kotoisin Kaukoid\u00e4st\u00e4, jossa sit\u00e4 esiintyy Koreassa, Kiinassa, Ven\u00e4j\u00e4ll\u00e4 sek\u00e4 Japanin etel\u00e4osissa. Sit\u00e4 on viljelty lis\u00e4ksi vuosisatojen ajan ja n\u00e4it\u00e4 jalostettuja kantoja on todenn\u00e4k\u00f6isesti sekoittunut luonnonkantoihin.<\/p>\n\n\n\n<h3 class=\"wp-block-heading\">Lajikuvaus<\/h3>\n\n\n\n<p>Ussurinp\u00e4\u00e4ryn\u00e4 kasvaa luontaisesti 15 metrin pituiseksi, py\u00f6re\u00e4latvuksiseksi puuksi. Ussurinp\u00e4\u00e4ryn\u00e4n lehdet ovat koristeellisia, sahalaitaisia ja soikeita. Ne ovat kes\u00e4ll\u00e4 tummanvihreit\u00e4 muuttuen syksyll\u00e4 parhaimmillaan tummanpunaisiksi. Ussurinp\u00e4\u00e4ryn\u00e4 kukkii valkoisin kukin alkukes\u00e4st\u00e4. Hedelm\u00e4 on pieni, py\u00f6re\u00e4, v\u00e4rilt\u00e4\u00e4n vihert\u00e4v\u00e4 p\u00e4\u00e4ryn\u00e4, joka on kooltaan 4-5 cm.<\/p>\n\n\n\n<h3 class=\"wp-block-heading\">Menestyminen sek\u00e4 viljely meill\u00e4 ja muualla<\/h3>\n\n\n\n<p>Ussurinp\u00e4\u00e4ryn\u00e4\u00e4 ei ole juuri viljelty meill\u00e4. Sit\u00e4 tiedet\u00e4\u00e4n viljellyn Mustilassa 1930-luvun j\u00e4lkipuoliskolla, mutta n\u00e4ist\u00e4 viljelyksist\u00e4 ei ole nykyisin mit\u00e4\u00e4n j\u00e4ljell\u00e4. Uudemmissa viljelyksiss\u00e4 laji on osoittautunut yll\u00e4tt\u00e4v\u00e4nkin kest\u00e4v\u00e4ksi ja on menestynyt jopa IV-vy\u00f6hykkeell\u00e4. Muualla ussurinp\u00e4\u00e4ryn\u00e4\u00e4 viljell\u00e4\u00e4n jonkin verran. Sit\u00e4 on jalostettu Kanadassa ja jalostetaan parhaillaan USA:ssa kylm\u00e4nkestoa silm\u00e4ll\u00e4pit\u00e4en. Ussurinp\u00e4\u00e4ryn\u00e4 on maapallon p\u00e4\u00e4ryn\u00e4lajeista ilmastollisesti kaikkein kest\u00e4vin ja sen hyvi\u00e4 koristeominaisuuksia tulisi k\u00e4ytt\u00e4\u00e4 hyv\u00e4ksi p\u00e4\u00e4ryn\u00e4jalostuksessa.<\/p>\n\n\n\n<h3 class=\"wp-block-heading\">Kasvupaikkavaatimukset<\/h3>\n\n\n\n<p>Ussurinp\u00e4\u00e4ryn\u00e4 viihtyy hyvin siell\u00e4, miss\u00e4 hedelm\u00e4puut yleens\u00e4kin viihtyv\u00e4t hyvin. Se vaatii runsaasti valoa ja ravinteikkaan kasvupaikan, mutta tulee toimeen hieman kuivemmallakin maalla.<\/p>\n\n\n\n<h3 class=\"wp-block-heading\">Lis\u00e4ys ja taimikasvatus<\/h3>\n\n\n\n<p>Ussurinp\u00e4\u00e4ryn\u00e4\u00e4 lis\u00e4t\u00e4\u00e4n siemenest\u00e4, joka tarvitsee 30-60 vrk kylm\u00e4k\u00e4sittelyn it\u00e4\u00e4kseen. Siemen voidaan kylv\u00e4\u00e4 syksyll\u00e4 ulos ja seuloa kylv\u00f6ksen p\u00e4\u00e4lle hiekkaa niin, ett\u00e4 siemen peittyy. It\u00e4minen tapahtuu seuraavana kev\u00e4\u00e4n\u00e4. Kylv\u00f6s kannattaa suojata jyrsij\u00f6ilt\u00e4. Taimet koulitaan lehtipuille soveltuviin kennoihin tai potteihin ja kasvatetaan niiss\u00e4 kaksi vuotta. T\u00e4m\u00e4n j\u00e4lkeen taimet siirret\u00e4\u00e4n astioihin tai peltoon. Kummassakin kasvu on nopeaa, kuten muilla hedelm\u00e4puilla. Kaikenkaikkiaan taimikasvatus on helppoa ja ongelmatonta.<br>&nbsp;<\/p>\n\n\n\n<h2 class=\"wp-block-heading\">Kasvin perustiedot<\/h2>\n\n\n\n<p>SukuPyrusLajiUssuriensis<\/p>\n\n\n\n<h2 class=\"wp-block-heading\">Keywords<\/h2>\n\n\n\n<ul class=\"wp-block-list\">\n<li>Lehtipuut ja -pensaat<\/li>\n\n\n\n<li>Pyrus<\/li>\n\n\n\n<li>Pyrus ussuriensis<\/li>\n<\/ul>\n","protected":false},"excerpt":{"rendered":"<p>Luontainen levinneisyys Ussurinp\u00e4\u00e4ryn\u00e4 on kotoisin Kaukoid\u00e4st\u00e4, jossa sit\u00e4 esiintyy Koreassa, Kiinassa, Ven\u00e4j\u00e4ll\u00e4 sek\u00e4 Japanin etel\u00e4osissa. Sit\u00e4 on viljelty lis\u00e4ksi vuosisatojen ajan ja n\u00e4it\u00e4 jalostettuja kantoja on todenn\u00e4k\u00f6isesti sekoittunut luonnonkantoihin. Lajikuvaus Ussurinp\u00e4\u00e4ryn\u00e4 kasvaa luontaisesti 15 metrin pituiseksi, py\u00f6re\u00e4latvuksiseksi puuksi. Ussurinp\u00e4\u00e4ryn\u00e4n lehdet ovat koristeellisia, sahalaitaisia ja soikeita. Ne ovat kes\u00e4ll\u00e4 tummanvihreit\u00e4 muuttuen syksyll\u00e4 parhaimmillaan tummanpunaisiksi. Ussurinp\u00e4\u00e4ryn\u00e4 kukkii [&hellip;]<\/p>\n","protected":false},"author":2,"featured_media":0,"parent":0,"menu_order":0,"comment_status":"closed","ping_status":"closed","template":"","meta":{"iawp_total_views":16,"footnotes":""},"class_list":["post-17608","page","type-page","status-publish","hentry"],"_links":{"self":[{"href":"https:\/\/mustila.fi\/ru\/wp-json\/wp\/v2\/pages\/17608","targetHints":{"allow":["GET"]}}],"collection":[{"href":"https:\/\/mustila.fi\/ru\/wp-json\/wp\/v2\/pages"}],"about":[{"href":"https:\/\/mustila.fi\/ru\/wp-json\/wp\/v2\/types\/page"}],"author":[{"embeddable":true,"href":"https:\/\/mustila.fi\/ru\/wp-json\/wp\/v2\/users\/2"}],"replies":[{"embeddable":true,"href":"https:\/\/mustila.fi\/ru\/wp-json\/wp\/v2\/comments?post=17608"}],"version-history":[{"count":0,"href":"https:\/\/mustila.fi\/ru\/wp-json\/wp\/v2\/pages\/17608\/revisions"}],"wp:attachment":[{"href":"https:\/\/mustila.fi\/ru\/wp-json\/wp\/v2\/media?parent=17608"}],"curies":[{"name":"wp","href":"https:\/\/api.w.org\/{rel}","templated":true}]}}