{"id":17617,"date":"2023-09-26T19:35:11","date_gmt":"2023-09-26T19:35:11","guid":{"rendered":"https:\/\/mustila.fi\/?page_id=17617"},"modified":"2023-09-26T19:35:13","modified_gmt":"2023-09-26T19:35:13","slug":"ulsike-1993-37-tsuga-heterophylla-lannenhemlokki","status":"publish","type":"page","link":"https:\/\/mustila.fi\/ru\/ulsike-1993-37-tsuga-heterophylla-lannenhemlokki\/","title":{"rendered":"Ulsike 1993: 37. Tsuga heterophylla &#8212; l\u00e4nnenhemlokki"},"content":{"rendered":"\n<p><em><small>Ulkomaisten kasvilajien menestymistutkimuksessa eli Ulsike-projektissa laadittiin vuosien 1992-1997 koelajeista kuvaukset. T\u00e4m\u00e4n sivun tiedot koskevat siten tietty\u00e4 koesiemener\u00e4\u00e4 ja ovat saattaneet p\u00e4ivitty\u00e4 mm. Ulsike-projektista saatujen kokemusten perusteella.<\/small><\/em><\/p>\n\n\n\n<p>koe-er\u00e4n tunnus: K09-93-036<\/p>\n\n\n\n<p>aikuper\u00e4: Crescent Spur, B.C.,Kanada, 53 34 N x 120 45 W.850 m.m.p.y.<br><br>Laji kasvaa Yhdysvaltojen ja Kanadan l\u00e4nsirannikolla Kaliforniasta Alaskaan saakka. Hemlokkisukuun kuuluu noin 10 eri lajia, joista nelj\u00e4 Pohjois-Amerikassa ja loput It\u00e4-Aasiassa Himalajalta Japaniin. Hemlokkeja on kasvanut aikoinaan my\u00f6s Euroopassa, mik\u00e4 on todettu mm. vanhojen maalajikerrostumien siitep\u00f6lyj\u00e4\u00e4nteist\u00e4.<br><br>Etel\u00e4isess\u00e4 Suomessa menestyv\u00e4t my\u00f6s l\u00e4nnenhemlokkia pienempikokoiset japaninhemlokki (<em>Tsuga diversifolia<\/em>), kanadanhemlokki (<em>T. canadensis<\/em>), vuorihemlokki (<em>T. mertensiana<\/em>) sek\u00e4 rotkohemlokki (<em>T. caroliniana<\/em>).<br><br>Hemlokit kasvavat varjoisissa rinnemetsiss\u00e4 sekapuina saavuttaen usein yli 50 metrin pituuden. Laji on kotimaassaan t\u00e4rke\u00e4 mets\u00e4talouspuu. Hemlokit ovat siroimpia havupuita nuokkuvine latvoineen. Suurten puiden ojentuvia oksia saattavat koristaa jopa tuhannet sormenp\u00e4\u00e4n kokoiset k\u00e4vyt.<br><br>L\u00e4nnenhemlokki vaatii suojaisen, mielell\u00e4\u00e4n tuoreen ja ravinteikkaan kasvupaikan. Aukealla peltotontilla se helposti k\u00e4rsii ankarina talvina aivan etel\u00e4isimm\u00e4ss\u00e4kin Suomessa. Hemlokki kest\u00e4\u00e4 hyvin varjostusta ja se tulisikin istuttaa rakennusten tai puiden suojaan. Mustilan arboretumissa l\u00e4nnenhemlokkimets\u00e4 on er\u00e4s puiston eksoottisimmista paikoista. Hemlokkimets\u00e4n 60 -vuotiaat puut ovat jo pitk\u00e4lle yli 20 metri\u00e4 korkeita. Puusta saa my\u00f6s latvottuna mit\u00e4 siroimman havupensaan havuryhm\u00e4\u00e4 t\u00e4ydent\u00e4m\u00e4\u00e4n.<br><br>T\u00e4m\u00e4 l\u00e4nnenhemlokin siemener\u00e4 on ilmeisesti pohjoisin tunnettu alkuper\u00e4 mit\u00e4 Suomessa on koskaan kokeiltu (Mustilan hemlokkimets\u00e4n alkuper\u00e4\u00e4 ei tiedet\u00e4 varmuudella). Pieni siemen it\u00e4\u00e4 hyvin ja nopeasti, eik\u00e4 tarvitse v\u00e4ltt\u00e4m\u00e4tt\u00e4 kylm\u00e4k\u00e4sittely\u00e4. Erityisesti haluamme mainita, ett\u00e4 hemlokit ovat myyrille eritt\u00e4in suurta herkkua. Varsinkin hein\u00e4isill\u00e4 paikoilla kannattaisi harkita istutettavien taimien suojaamista taimisuojaputkin.<\/p>\n\n\n\n<h2 class=\"wp-block-heading\">Kasvin perustiedot<\/h2>\n\n\n\n<p>SukuTsugaLajiHeterophylla<\/p>\n\n\n\n<h2 class=\"wp-block-heading\">Keywords<\/h2>\n\n\n\n<ul class=\"wp-block-list\">\n<li>Ulsike<\/li>\n\n\n\n<li>1993<\/li>\n\n\n\n<li>Tsuga<\/li>\n\n\n\n<li>Tsuga heterophylla<\/li>\n<\/ul>\n","protected":false},"excerpt":{"rendered":"<p>Ulkomaisten kasvilajien menestymistutkimuksessa eli Ulsike-projektissa laadittiin vuosien 1992-1997 koelajeista kuvaukset. T\u00e4m\u00e4n sivun tiedot koskevat siten tietty\u00e4 koesiemener\u00e4\u00e4 ja ovat saattaneet p\u00e4ivitty\u00e4 mm. Ulsike-projektista saatujen kokemusten perusteella. koe-er\u00e4n tunnus: K09-93-036 aikuper\u00e4: Crescent Spur, B.C.,Kanada, 53 34 N x 120 45 W.850 m.m.p.y. Laji kasvaa Yhdysvaltojen ja Kanadan l\u00e4nsirannikolla Kaliforniasta Alaskaan saakka. Hemlokkisukuun kuuluu noin 10 eri [&hellip;]<\/p>\n","protected":false},"author":1,"featured_media":0,"parent":0,"menu_order":0,"comment_status":"closed","ping_status":"closed","template":"","meta":{"iawp_total_views":13,"footnotes":""},"class_list":["post-17617","page","type-page","status-publish","hentry"],"_links":{"self":[{"href":"https:\/\/mustila.fi\/ru\/wp-json\/wp\/v2\/pages\/17617","targetHints":{"allow":["GET"]}}],"collection":[{"href":"https:\/\/mustila.fi\/ru\/wp-json\/wp\/v2\/pages"}],"about":[{"href":"https:\/\/mustila.fi\/ru\/wp-json\/wp\/v2\/types\/page"}],"author":[{"embeddable":true,"href":"https:\/\/mustila.fi\/ru\/wp-json\/wp\/v2\/users\/1"}],"replies":[{"embeddable":true,"href":"https:\/\/mustila.fi\/ru\/wp-json\/wp\/v2\/comments?post=17617"}],"version-history":[{"count":0,"href":"https:\/\/mustila.fi\/ru\/wp-json\/wp\/v2\/pages\/17617\/revisions"}],"wp:attachment":[{"href":"https:\/\/mustila.fi\/ru\/wp-json\/wp\/v2\/media?parent=17617"}],"curies":[{"name":"wp","href":"https:\/\/api.w.org\/{rel}","templated":true}]}}