{"id":17651,"date":"2023-09-26T19:47:22","date_gmt":"2023-09-26T19:47:22","guid":{"rendered":"https:\/\/mustila.fi\/?page_id=17651"},"modified":"2023-09-26T19:47:24","modified_gmt":"2023-09-26T19:47:24","slug":"ulsike-1994-44-aesculus-octandra-keltahevoskastanja","status":"publish","type":"page","link":"https:\/\/mustila.fi\/ru\/ulsike-1994-44-aesculus-octandra-keltahevoskastanja\/","title":{"rendered":"Ulsike 1994: 44. Aesculus octandra &#8212; keltahevoskastanja"},"content":{"rendered":"\n<p><em><small>Ulkomaisten kasvilajien menestymistutkimuksessa eli Ulsike-projektissa laadittiin vuosien 1992-1997 koelajeista kuvaukset. T\u00e4m\u00e4n sivun tiedot koskevat siten tietty\u00e4 koesiemener\u00e4\u00e4 ja ovat saattaneet p\u00e4ivitty\u00e4 mm. Ulsike-projektista saatujen kokemusten perusteella.<\/small><\/em><\/p>\n\n\n\n<p>koe-er\u00e4n tunnus: K09-93-252<\/p>\n\n\n\n<p>alkuper\u00e4: tuntematon, lis\u00e4ysl\u00e4hde Chanhassen, Minnesota, USA<br><br>Keltahevoskastanja on sukua meill\u00e4 yleens\u00e4 viljellylle eurooppalaiselle balkaninhevoskastanjalle (<em>Aesculus hippocastanum<\/em>). Pohjois-Amerikasta tunnetaan useita hevoskastanjalajeja, joista nyt kuvattu keltahevoskastanja sek\u00e4 ohionhevoskastanja (<em>A. glabra<\/em>) ovat ilmastollisesti kest\u00e4vimm\u00e4t. Keltahevoskastanja on hyvin etel\u00e4inen laji, joka luontaisesti esiintyy Suurten j\u00e4rvien etel\u00e4puolella. Sit\u00e4 kuitenkin viljell\u00e4\u00e4n laajalti sen esiintymisalueen pohjoispuolella ja sit\u00e4 pidet\u00e4\u00e4n hyvin talvenkest\u00e4v\u00e4n\u00e4 lajina. Suomessa se on menestynyt lupaavasti.<br><br>Keltahevoskastanja kukkii kellanvalkein tai kellert\u00e4vin kukin ja voi saavuttaa luonnossa jopa 40 m pituuden. Viljeltyn\u00e4 se j\u00e4\u00e4 yleens\u00e4 pienehk\u00f6ksi puuksi. Sit\u00e4 pidet\u00e4\u00e4n kotiseudullaan eurooppalaista hevoskastanjaa (<em>A. hippocastanum)<\/em>&nbsp;kest\u00e4v\u00e4mp\u00e4n\u00e4 lajina, joka antaa toiveita sen menestymisest\u00e4 hevoskastanjan menestymisalueita pohjoisempana.<br><br>Siemen it\u00e4\u00e4 v\u00e4litt\u00f6m\u00e4sti kylv\u00f6n j\u00e4lkeen, sill\u00e4 sirkkajuuri on jo useilla siemenill\u00e4 ty\u00f6ntynyt ulos. Hevoskastanjat vaativat syv\u00e4multaisen kasvualustan ja ne tulisi siirt\u00e4\u00e4 lopullisille kasvupaikoilleen kaksivuotiaina. Keltahevoskastanja viihtyy parhaiten syv\u00e4multaisella, l\u00e4mpim\u00e4ll\u00e4 kasvupaikalla. Se siet\u00e4\u00e4 varjoa verraten hyvin.<\/p>\n\n\n\n<h2 class=\"wp-block-heading\">Kasvin perustiedot<\/h2>\n\n\n\n<p>SukuAesculusLajiOctandra<\/p>\n\n\n\n<h2 class=\"wp-block-heading\">Keywords<\/h2>\n\n\n\n<ul class=\"wp-block-list\">\n<li>Ulsike<\/li>\n\n\n\n<li>1994<\/li>\n\n\n\n<li><a href=\"https:\/\/mustila.fi\/ulsike\/1994\/44_aesculus_octandra\/\">Aes<\/a>c<a href=\"https:\/\/mustila.fi\/ulsike\/1994\/44_aesculus_octandra\/\">ulus<\/a><\/li>\n\n\n\n<li>Aesculus octandra<\/li>\n<\/ul>\n","protected":false},"excerpt":{"rendered":"<p>Ulkomaisten kasvilajien menestymistutkimuksessa eli Ulsike-projektissa laadittiin vuosien 1992-1997 koelajeista kuvaukset. T\u00e4m\u00e4n sivun tiedot koskevat siten tietty\u00e4 koesiemener\u00e4\u00e4 ja ovat saattaneet p\u00e4ivitty\u00e4 mm. Ulsike-projektista saatujen kokemusten perusteella. koe-er\u00e4n tunnus: K09-93-252 alkuper\u00e4: tuntematon, lis\u00e4ysl\u00e4hde Chanhassen, Minnesota, USA Keltahevoskastanja on sukua meill\u00e4 yleens\u00e4 viljellylle eurooppalaiselle balkaninhevoskastanjalle (Aesculus hippocastanum). Pohjois-Amerikasta tunnetaan useita hevoskastanjalajeja, joista nyt kuvattu keltahevoskastanja sek\u00e4 ohionhevoskastanja [&hellip;]<\/p>\n","protected":false},"author":1,"featured_media":0,"parent":0,"menu_order":0,"comment_status":"closed","ping_status":"closed","template":"","meta":{"iawp_total_views":5,"footnotes":""},"class_list":["post-17651","page","type-page","status-publish","hentry"],"_links":{"self":[{"href":"https:\/\/mustila.fi\/ru\/wp-json\/wp\/v2\/pages\/17651","targetHints":{"allow":["GET"]}}],"collection":[{"href":"https:\/\/mustila.fi\/ru\/wp-json\/wp\/v2\/pages"}],"about":[{"href":"https:\/\/mustila.fi\/ru\/wp-json\/wp\/v2\/types\/page"}],"author":[{"embeddable":true,"href":"https:\/\/mustila.fi\/ru\/wp-json\/wp\/v2\/users\/1"}],"replies":[{"embeddable":true,"href":"https:\/\/mustila.fi\/ru\/wp-json\/wp\/v2\/comments?post=17651"}],"version-history":[{"count":0,"href":"https:\/\/mustila.fi\/ru\/wp-json\/wp\/v2\/pages\/17651\/revisions"}],"wp:attachment":[{"href":"https:\/\/mustila.fi\/ru\/wp-json\/wp\/v2\/media?parent=17651"}],"curies":[{"name":"wp","href":"https:\/\/api.w.org\/{rel}","templated":true}]}}