{"id":17677,"date":"2023-09-26T19:55:45","date_gmt":"2023-09-26T19:55:45","guid":{"rendered":"https:\/\/mustila.fi\/?page_id=17677"},"modified":"2023-09-26T19:55:46","modified_gmt":"2023-09-26T19:55:46","slug":"ulsike-1994-51-prunus-americana-amerikanluumu","status":"publish","type":"page","link":"https:\/\/mustila.fi\/ru\/ulsike-1994-51-prunus-americana-amerikanluumu\/","title":{"rendered":"Ulsike 1994: 51. Prunus americana &#8212; amerikanluumu"},"content":{"rendered":"\n<p><em><small>Ulkomaisten kasvilajien menestymistutkimuksessa eli Ulsike-projektissa laadittiin vuosien 1992-1997 koelajeista kuvaukset. T\u00e4m\u00e4n sivun tiedot koskevat siten tietty\u00e4 koesiemener\u00e4\u00e4 ja ovat saattaneet p\u00e4ivitty\u00e4 mm. Ulsike-projektista saatujen kokemusten perusteella.<\/small><\/em><\/p>\n\n\n\n<p>koe-er\u00e4n tunnus: K09-93-323<\/p>\n\n\n\n<p>alkuper\u00e4: Mound, Minnesota, USA<\/p>\n\n\n\n<p>Pohjois-Amerikassa tavataan luonnonvaraisena useita luumulajeja, joista kaksi ulottavat luontaisen alueensa aina Kanadan etel\u00e4osiin saakka. Amerikanluumu on n\u00e4ist\u00e4 etel\u00e4isempi laji. Se on hyvin l\u00e4heist\u00e4 sukua alueen toiselle luumulajille, hurmeluumulle (<em>P. nigra)<\/em>, joka esiintyy viel\u00e4 amerikanluumua pohjoisempana.<\/p>\n\n\n\n<p>Amerikanluumu on tiheikk\u00f6j\u00e4 muodostava pensas tai pieni puu, joka luontaisilla alueilla saavuttaa aina 9 metrin pituuden. Se kukkii ennen lehteen puhkeamista melko suurin, 2 &#8212; 2,5 cm valkoisin kukin. Hedelm\u00e4 on pieni punainen luumu, joka yleens\u00e4 on varsin hapan. Paikallisesti hedelmi\u00e4 kuitenkin k\u00e4ytet\u00e4\u00e4n s\u00e4il\u00f6nt\u00e4\u00e4n. T\u00e4t\u00e4 lajia k\u00e4ytet\u00e4\u00e4n paljon eroosion torjuntaan preerioilla, koska se on juurivesallinen. T\u00e4m\u00e4n ominaisuuden vuoksi amerikanluumu ei sovellu esim. perusrungoksi. Siit\u00e4 on kuitenkin jalostettu makeahedelm\u00e4isi\u00e4 lajikkeita viljelyyn.<\/p>\n\n\n\n<p>Amerikanluumun siemen ei id\u00e4 ilman kylm\u00e4k\u00e4sittely\u00e4. Siemen tulisi kylv\u00e4\u00e4 syksyll\u00e4 ulos, jolloin se it\u00e4\u00e4 kylv\u00f6\u00e4 seuraavana kev\u00e4\u00e4n\u00e4. Kylv\u00f6ss\u00e4 on huolehdittava siemenen suojaaminen jyrsij\u00f6ilt\u00e4.<\/p>\n\n\n\n<p>Amerikanluumu olisi menestyess\u00e4\u00e4n oivallinen lis\u00e4 vaikkapa mets\u00e4nreunakasviksi luontoa el\u00e4v\u00f6itt\u00e4m\u00e4\u00e4n. Se viihtyy syv\u00e4multaisilla, kosteilla, mutta hyvin l\u00e4p\u00e4isevill\u00e4 l\u00e4mpimill\u00e4 mailla. Mets\u00e4n alikasvuslajina se kest\u00e4nee my\u00f6s jonkin verran varjoa.<\/p>\n\n\n\n<h2 class=\"wp-block-heading\">Kasvin perustiedot<\/h2>\n\n\n\n<p>SukuPrunusLajiAmericana<\/p>\n\n\n\n<h2 class=\"wp-block-heading\">Keywords<\/h2>\n\n\n\n<ul class=\"wp-block-list\">\n<li>Ulsike<\/li>\n\n\n\n<li>1994<\/li>\n\n\n\n<li>Prunus<\/li>\n\n\n\n<li>Prunus americana<\/li>\n<\/ul>\n","protected":false},"excerpt":{"rendered":"<p>Ulkomaisten kasvilajien menestymistutkimuksessa eli Ulsike-projektissa laadittiin vuosien 1992-1997 koelajeista kuvaukset. T\u00e4m\u00e4n sivun tiedot koskevat siten tietty\u00e4 koesiemener\u00e4\u00e4 ja ovat saattaneet p\u00e4ivitty\u00e4 mm. Ulsike-projektista saatujen kokemusten perusteella. koe-er\u00e4n tunnus: K09-93-323 alkuper\u00e4: Mound, Minnesota, USA Pohjois-Amerikassa tavataan luonnonvaraisena useita luumulajeja, joista kaksi ulottavat luontaisen alueensa aina Kanadan etel\u00e4osiin saakka. Amerikanluumu on n\u00e4ist\u00e4 etel\u00e4isempi laji. Se on hyvin [&hellip;]<\/p>\n","protected":false},"author":1,"featured_media":0,"parent":0,"menu_order":0,"comment_status":"closed","ping_status":"closed","template":"","meta":{"iawp_total_views":3,"footnotes":""},"class_list":["post-17677","page","type-page","status-publish","hentry"],"_links":{"self":[{"href":"https:\/\/mustila.fi\/ru\/wp-json\/wp\/v2\/pages\/17677","targetHints":{"allow":["GET"]}}],"collection":[{"href":"https:\/\/mustila.fi\/ru\/wp-json\/wp\/v2\/pages"}],"about":[{"href":"https:\/\/mustila.fi\/ru\/wp-json\/wp\/v2\/types\/page"}],"author":[{"embeddable":true,"href":"https:\/\/mustila.fi\/ru\/wp-json\/wp\/v2\/users\/1"}],"replies":[{"embeddable":true,"href":"https:\/\/mustila.fi\/ru\/wp-json\/wp\/v2\/comments?post=17677"}],"version-history":[{"count":0,"href":"https:\/\/mustila.fi\/ru\/wp-json\/wp\/v2\/pages\/17677\/revisions"}],"wp:attachment":[{"href":"https:\/\/mustila.fi\/ru\/wp-json\/wp\/v2\/media?parent=17677"}],"curies":[{"name":"wp","href":"https:\/\/api.w.org\/{rel}","templated":true}]}}