{"id":17691,"date":"2023-09-26T19:59:28","date_gmt":"2023-09-26T19:59:28","guid":{"rendered":"https:\/\/mustila.fi\/?page_id=17691"},"modified":"2023-09-26T19:59:29","modified_gmt":"2023-09-26T19:59:29","slug":"ulsike-1994-55-rhus-typhina-samettisumakki","status":"publish","type":"page","link":"https:\/\/mustila.fi\/ru\/ulsike-1994-55-rhus-typhina-samettisumakki\/","title":{"rendered":"Ulsike 1994: 55. Rhus typhina &#8212; samettisumakki"},"content":{"rendered":"\n<p><em><small>Ulkomaisten kasvilajien menestymistutkimuksessa eli Ulsike-projektissa laadittiin vuosien 1992-1997 koelajeista kuvaukset. T\u00e4m\u00e4n sivun tiedot koskevat siten tietty\u00e4 koesiemener\u00e4\u00e4 ja ovat saattaneet p\u00e4ivitty\u00e4 mm. Ulsike-projektista saatujen kokemusten perusteella.<\/small><\/em><\/p>\n\n\n\n<p>koe-er\u00e4n tunnus: K09-93-339<\/p>\n\n\n\n<p>alkuper\u00e4: Poplar, Wisconsin, USA<\/p>\n\n\n\n<p>Kotoisin Pohjois-Amerikan koillisosista rajoittuen pohjoisessa Ontarioon ja Quebeciin, id\u00e4ss\u00e4 Atlantiin, etel\u00e4ss\u00e4 Delawaren lounaisosiin, mahdollisesti etel\u00e4mm\u00e4ksikin, sek\u00e4 l\u00e4nness\u00e4 Tennesseehen.<\/p>\n\n\n\n<p>Samettisumakki on Suomessa mahdollisesti kest\u00e4vist\u00e4 sumakeista kest\u00e4vimpi\u00e4. Se on t\u00e4ysin kest\u00e4v\u00e4 mm. Ruotsissa Tukholman pohjoispuolelle asti. Samettisumakki on suosittu koristekasvi, josta on viljelyyn kehitetty useita eri lajikkeita. Samettisumakki kasvaa kotiseudullaan jopa 6-10 m korkeaksi puuksi tai juurivesalliseksi pensaaksi. Se viihtyy aurinkoisilla hiekkaper\u00e4isill\u00e4 rinnemailla ja esimerkiksi teiden varsilla.<\/p>\n\n\n\n<p>Sen lehdet ovat kerrannaiset, 11-31-lehdykk\u00e4iset, 30-60 cm pitk\u00e4t ja v\u00e4rilt\u00e4\u00e4n tummanvihre\u00e4t. Ne saavat syysv\u00e4rin kaikissa keltaisen, oranssin ja punaisen s\u00e4vyiss\u00e4. Samettisumakin hedelm\u00e4 on punaisten karvojen peitt\u00e4m\u00e4 marja, joka tavallisesti j\u00e4\u00e4 kasviin pystyiss\u00e4, koristeellisissa tertuissa lehtien varistua. Samettisumakki on tavallisesti kaksikotinen, marjat sijaitsevat emiyksil\u00f6iss\u00e4. Samettisumakki on merkitt\u00e4v\u00e4 koristekasvi. Linnut k\u00e4ytt\u00e4v\u00e4t yli talven s\u00e4ilyvi\u00e4 marjoja ravintonaan, ja kasvin oranssins\u00e4vyist\u00e4 puuainesta on k\u00e4ytetty koriste-esineiden valmistamiseen.<\/p>\n\n\n\n<p>Samettisumakin kosketus saattaa aiheuttaa iho-oireita allergikoille.<\/p>\n\n\n\n<p>Samettisumakin siemenen kova kuori vaatii pehmitt\u00e4misen fysikaalisen alkiolevon purkamiseksi. T\u00e4llainen toimenpide suoritetaan kaatamalla siemenet astiaan. T\u00e4m\u00e4n j\u00e4lkeen siementen p\u00e4\u00e4lle kaadetaan l\u00e4hes kiehuvaa vett\u00e4. On hyvin t\u00e4rke\u00e4\u00e4, ettei vesi kiehu. Seoksen annetaan j\u00e4\u00e4hty\u00e4 huoneenl\u00e4mp\u00f6\u00f6n ja liotusta jatketaan 2- 3 vrk. Siemen kylvet\u00e4\u00e4n kosteana ja peitet\u00e4\u00e4n kevyesti. Samettisumakki vaatii paljon valoa ja niukasti kosteutta. Id\u00e4tysaika n. 14 vrk.<\/p>\n\n\n\n<p>Samettisumakin oletetaan menestyv\u00e4n Suomessa l-ll vy\u00f6hykkeell\u00e4. Siemener\u00e4 on ker\u00e4tty aivan kasvin luontaisen esiintymisalueen luoteisosasta.<\/p>\n\n\n\n<h2 class=\"wp-block-heading\">Kasvin perustiedot<\/h2>\n\n\n\n<p>SukuRhusLajiTyphina<\/p>\n\n\n\n<h2 class=\"wp-block-heading\">Keywords<\/h2>\n\n\n\n<ul class=\"wp-block-list\">\n<li>Ulsike<\/li>\n\n\n\n<li>1994<\/li>\n\n\n\n<li>Rhus<\/li>\n\n\n\n<li>Rhus typhina<\/li>\n<\/ul>\n","protected":false},"excerpt":{"rendered":"<p>Ulkomaisten kasvilajien menestymistutkimuksessa eli Ulsike-projektissa laadittiin vuosien 1992-1997 koelajeista kuvaukset. T\u00e4m\u00e4n sivun tiedot koskevat siten tietty\u00e4 koesiemener\u00e4\u00e4 ja ovat saattaneet p\u00e4ivitty\u00e4 mm. Ulsike-projektista saatujen kokemusten perusteella. koe-er\u00e4n tunnus: K09-93-339 alkuper\u00e4: Poplar, Wisconsin, USA Kotoisin Pohjois-Amerikan koillisosista rajoittuen pohjoisessa Ontarioon ja Quebeciin, id\u00e4ss\u00e4 Atlantiin, etel\u00e4ss\u00e4 Delawaren lounaisosiin, mahdollisesti etel\u00e4mm\u00e4ksikin, sek\u00e4 l\u00e4nness\u00e4 Tennesseehen. Samettisumakki on Suomessa mahdollisesti [&hellip;]<\/p>\n","protected":false},"author":1,"featured_media":0,"parent":0,"menu_order":0,"comment_status":"closed","ping_status":"closed","template":"","meta":{"iawp_total_views":1,"footnotes":""},"class_list":["post-17691","page","type-page","status-publish","hentry"],"_links":{"self":[{"href":"https:\/\/mustila.fi\/ru\/wp-json\/wp\/v2\/pages\/17691","targetHints":{"allow":["GET"]}}],"collection":[{"href":"https:\/\/mustila.fi\/ru\/wp-json\/wp\/v2\/pages"}],"about":[{"href":"https:\/\/mustila.fi\/ru\/wp-json\/wp\/v2\/types\/page"}],"author":[{"embeddable":true,"href":"https:\/\/mustila.fi\/ru\/wp-json\/wp\/v2\/users\/1"}],"replies":[{"embeddable":true,"href":"https:\/\/mustila.fi\/ru\/wp-json\/wp\/v2\/comments?post=17691"}],"version-history":[{"count":0,"href":"https:\/\/mustila.fi\/ru\/wp-json\/wp\/v2\/pages\/17691\/revisions"}],"wp:attachment":[{"href":"https:\/\/mustila.fi\/ru\/wp-json\/wp\/v2\/media?parent=17691"}],"curies":[{"name":"wp","href":"https:\/\/api.w.org\/{rel}","templated":true}]}}