{"id":17697,"date":"2023-09-26T20:01:01","date_gmt":"2023-09-26T20:01:01","guid":{"rendered":"https:\/\/mustila.fi\/?page_id=17697"},"modified":"2023-09-26T20:01:03","modified_gmt":"2023-09-26T20:01:03","slug":"ulsike-1994-56-viburnum-lentago-kiiltoheisi","status":"publish","type":"page","link":"https:\/\/mustila.fi\/ru\/ulsike-1994-56-viburnum-lentago-kiiltoheisi\/","title":{"rendered":"Ulsike 1994: 56. Viburnum lentago &#8212; kiiltoheisi"},"content":{"rendered":"\n<p><em><small>Ulkomaisten kasvilajien menestymistutkimuksessa eli Ulsike-projektissa laadittiin vuosien 1992-1997 koelajeista kuvaukset. T\u00e4m\u00e4n sivun tiedot koskevat siten tietty\u00e4 koesiemener\u00e4\u00e4 ja ovat saattaneet p\u00e4ivitty\u00e4 mm. Ulsike-projektista saatujen kokemusten perusteella.<\/small><\/em><\/p>\n\n\n\n<p>koe-er\u00e4n tunnus: K09-93-189<\/p>\n\n\n\n<p>alkuper\u00e4: tuntematon, lis\u00e4ysl\u00e4hde Morden, Manitoba, Kanada<\/p>\n\n\n\n<p>Kiiltoheisi on pohjoisimpia sukunsa edustajia Pohjois-Amerikassa. Sen luontainen esiintymisalue ulottuu hyv\u00e4n matkaa Kanadan puolelle, ja sen on todettu menestyv\u00e4n meill\u00e4 ainakin IV-vy\u00f6hykkeell\u00e4. Mahdollisesti t\u00e4m\u00e4 koristeellinen pensas tai pieni puu menestyy hiukan pohjoisempanakin.<\/p>\n\n\n\n<p>Kiiltoheisi on pystyhaarainen pensas. Kotiseudullaan se saattaa kasvaa jopa 6 m mittaiseksi mutta j\u00e4\u00e4nee meill\u00e4 pienemm\u00e4ksi, 3-4 metrin mittaiseksi. Lehdet ovat p\u00e4\u00e4lt\u00e4 kiilt\u00e4vi\u00e4 ja saavat kauniin, punaoranssin syysv\u00e4rin. Kasvi kukkii valkoisin, miedosti tuoksuvin kukin ja hedelm\u00e4 on sinimusta marja, joka kypsyy syksyll\u00e4. Linnut k\u00e4ytt\u00e4v\u00e4t talvella marjoja ravinnokseen.<\/p>\n\n\n\n<p>T\u00e4m\u00e4 laji olisi erinomainen mets\u00e4nreunapensas rikastuttamaan kulttuurialojen reunoja laajoinakin kasvustoina. Se viihtyy sek\u00e4 avoimilla paikoilla ett\u00e4 varjossa. Kiiltoheisi vaatii runsasravinteista, kosteaa maata kasvaakseen hyvin.<\/p>\n\n\n\n<p>Siemen it\u00e4\u00e4 hyvin hitaasti ja saattaa vaatia jopa kaksi vuotta it\u00e4miseen. Siemen kylvet\u00e4\u00e4n ulos rikkakasveilta suojatulle kylv\u00f6alustalle ja kylv\u00f6s pyrit\u00e4\u00e4n pit\u00e4m\u00e4\u00e4n kosteana.<\/p>\n\n\n\n<h2 class=\"wp-block-heading\">Kasvin perustiedot<\/h2>\n\n\n\n<p>SukuViburnumLajiLentago<\/p>\n\n\n\n<h2 class=\"wp-block-heading\">Keywords<\/h2>\n\n\n\n<ul class=\"wp-block-list\">\n<li>Ulsike<\/li>\n\n\n\n<li>1994<\/li>\n\n\n\n<li>Viburnum<\/li>\n\n\n\n<li>Viburnum lentago<\/li>\n<\/ul>\n","protected":false},"excerpt":{"rendered":"<p>Ulkomaisten kasvilajien menestymistutkimuksessa eli Ulsike-projektissa laadittiin vuosien 1992-1997 koelajeista kuvaukset. T\u00e4m\u00e4n sivun tiedot koskevat siten tietty\u00e4 koesiemener\u00e4\u00e4 ja ovat saattaneet p\u00e4ivitty\u00e4 mm. Ulsike-projektista saatujen kokemusten perusteella. koe-er\u00e4n tunnus: K09-93-189 alkuper\u00e4: tuntematon, lis\u00e4ysl\u00e4hde Morden, Manitoba, Kanada Kiiltoheisi on pohjoisimpia sukunsa edustajia Pohjois-Amerikassa. Sen luontainen esiintymisalue ulottuu hyv\u00e4n matkaa Kanadan puolelle, ja sen on todettu menestyv\u00e4n meill\u00e4 [&hellip;]<\/p>\n","protected":false},"author":1,"featured_media":0,"parent":0,"menu_order":0,"comment_status":"closed","ping_status":"closed","template":"","meta":{"iawp_total_views":1,"footnotes":""},"class_list":["post-17697","page","type-page","status-publish","hentry"],"_links":{"self":[{"href":"https:\/\/mustila.fi\/ru\/wp-json\/wp\/v2\/pages\/17697","targetHints":{"allow":["GET"]}}],"collection":[{"href":"https:\/\/mustila.fi\/ru\/wp-json\/wp\/v2\/pages"}],"about":[{"href":"https:\/\/mustila.fi\/ru\/wp-json\/wp\/v2\/types\/page"}],"author":[{"embeddable":true,"href":"https:\/\/mustila.fi\/ru\/wp-json\/wp\/v2\/users\/1"}],"replies":[{"embeddable":true,"href":"https:\/\/mustila.fi\/ru\/wp-json\/wp\/v2\/comments?post=17697"}],"version-history":[{"count":0,"href":"https:\/\/mustila.fi\/ru\/wp-json\/wp\/v2\/pages\/17697\/revisions"}],"wp:attachment":[{"href":"https:\/\/mustila.fi\/ru\/wp-json\/wp\/v2\/media?parent=17697"}],"curies":[{"name":"wp","href":"https:\/\/api.w.org\/{rel}","templated":true}]}}