{"id":17743,"date":"2023-09-26T20:12:49","date_gmt":"2023-09-26T20:12:49","guid":{"rendered":"https:\/\/mustila.fi\/?page_id=17743"},"modified":"2023-09-26T20:12:50","modified_gmt":"2023-09-26T20:12:50","slug":"ulsike-1994-65-chionanthus-virginicus-partapensas","status":"publish","type":"page","link":"https:\/\/mustila.fi\/ru\/ulsike-1994-65-chionanthus-virginicus-partapensas\/","title":{"rendered":"Ulsike 1994: 65. Chionanthus virginicus &#8212; partapensas"},"content":{"rendered":"\n<p><em><small>Ulkomaisten kasvilajien menestymistutkimuksessa eli Ulsike-projektissa laadittiin vuosien 1992-1997 koelajeista kuvaukset. T\u00e4m\u00e4n sivun tiedot koskevat siten tietty\u00e4 koesiemener\u00e4\u00e4 ja ovat saattaneet p\u00e4ivitty\u00e4 mm. Ulsike-projektista saatujen kokemusten perusteella.<\/small><\/em><\/p>\n\n\n\n<p>koe-er\u00e4n tunnus: K09-93-349<\/p>\n\n\n\n<p>alkuper\u00e4: tuntematon, lis\u00e4ysl\u00e4hde Chanhassen, Minnesota, USA<\/p>\n\n\n\n<p>Partapensas on meille l\u00e4hes tuntematon, uusi laji. Se on kotoisin Pohjois-Amerikan it\u00e4osista luontaisen levinneisyysalueen ulottuessa Floridasta New Jerseyn osavaltioon.<\/p>\n\n\n\n<p>Partapensas, jonka paikallinen nimi &#8216;Old Man&#8217;s Beard&#8217; &#8212; vanhan miehen parta &#8212; viittaa sen kukkiin, on kuitenkin laajalti viljelty luontaisen kasvualueensa pohjoispuolella. Se on ollut kest\u00e4v\u00e4 aina Kanadassa saakka ja on kasvanut meill\u00e4 mm. Mustilassa 1950-luvulla. Partapensas kukkii tuoksuvin, valkoisin, hapsumaisin kukin hyvin runsaasti ja on eritt\u00e4in suosittu koristepensas.<\/p>\n\n\n\n<p>Kotiseudullaan se saavuttaa jopa 9 m pituuden ja voidaan leikata pieneksi puuksi. Sen hedelm\u00e4 on suurehko sinimusta marja, joka kypsyy my\u00f6h\u00e4\u00e4n syksyll\u00e4. Partapensaan lehdet ovat syv\u00e4nvihre\u00e4t saaden keltaisen syysv\u00e4rin. Menesty\u00e4kseen partapensas vaatii syv\u00e4multaista, kosteaa kasvualustaa. Se kasvaa luontaisesti lehtimetsien aluskasvina, mutta vaatii kukkiakseen runsaasti valoa. Sen my\u00f6h\u00e4inen lehteen puhkeaminen antaa toiveita sen menestymisest\u00e4 maamme etel\u00e4osissa.<\/p>\n\n\n\n<p>Partapensaan siemen on syv\u00e4ss\u00e4 lepotilassa, jonka purkautumiseen vaaditaan pitk\u00e4 l\u00e4mmin- ja kylm\u00e4k\u00e4sittely. Mik\u00e4li siemen kylvet\u00e4\u00e4n alkukes\u00e4ll\u00e4 ulos ja kylv\u00f6s j\u00e4tet\u00e4\u00e4n ulos talven yli, it\u00e4nee siemen kylv\u00f6\u00e4 seuraavana kev\u00e4\u00e4n\u00e4. Kylv\u00f6s on suojattava jyrsij\u00f6ilt\u00e4.<\/p>\n\n\n\n<h2 class=\"wp-block-heading\">Kasvin perustiedot<\/h2>\n\n\n\n<p>SukuChionanthusLajiVirginicus<\/p>\n\n\n\n<h2 class=\"wp-block-heading\">Keywords<\/h2>\n\n\n\n<ul class=\"wp-block-list\">\n<li>Ulsike<\/li>\n\n\n\n<li>1994<\/li>\n\n\n\n<li>Chionanthus<\/li>\n\n\n\n<li>Chionanthus virginicus<\/li>\n<\/ul>\n","protected":false},"excerpt":{"rendered":"<p>Ulkomaisten kasvilajien menestymistutkimuksessa eli Ulsike-projektissa laadittiin vuosien 1992-1997 koelajeista kuvaukset. T\u00e4m\u00e4n sivun tiedot koskevat siten tietty\u00e4 koesiemener\u00e4\u00e4 ja ovat saattaneet p\u00e4ivitty\u00e4 mm. Ulsike-projektista saatujen kokemusten perusteella. koe-er\u00e4n tunnus: K09-93-349 alkuper\u00e4: tuntematon, lis\u00e4ysl\u00e4hde Chanhassen, Minnesota, USA Partapensas on meille l\u00e4hes tuntematon, uusi laji. Se on kotoisin Pohjois-Amerikan it\u00e4osista luontaisen levinneisyysalueen ulottuessa Floridasta New Jerseyn osavaltioon. Partapensas, [&hellip;]<\/p>\n","protected":false},"author":1,"featured_media":0,"parent":0,"menu_order":0,"comment_status":"closed","ping_status":"closed","template":"","meta":{"iawp_total_views":14,"footnotes":""},"class_list":["post-17743","page","type-page","status-publish","hentry"],"_links":{"self":[{"href":"https:\/\/mustila.fi\/ru\/wp-json\/wp\/v2\/pages\/17743","targetHints":{"allow":["GET"]}}],"collection":[{"href":"https:\/\/mustila.fi\/ru\/wp-json\/wp\/v2\/pages"}],"about":[{"href":"https:\/\/mustila.fi\/ru\/wp-json\/wp\/v2\/types\/page"}],"author":[{"embeddable":true,"href":"https:\/\/mustila.fi\/ru\/wp-json\/wp\/v2\/users\/1"}],"replies":[{"embeddable":true,"href":"https:\/\/mustila.fi\/ru\/wp-json\/wp\/v2\/comments?post=17743"}],"version-history":[{"count":0,"href":"https:\/\/mustila.fi\/ru\/wp-json\/wp\/v2\/pages\/17743\/revisions"}],"wp:attachment":[{"href":"https:\/\/mustila.fi\/ru\/wp-json\/wp\/v2\/media?parent=17743"}],"curies":[{"name":"wp","href":"https:\/\/api.w.org\/{rel}","templated":true}]}}