{"id":17825,"date":"2023-09-27T07:24:37","date_gmt":"2023-09-27T07:24:37","guid":{"rendered":"https:\/\/mustila.fi\/?page_id=17825"},"modified":"2024-02-22T13:04:39","modified_gmt":"2024-02-22T13:04:39","slug":"ulsike-1995-71-juniperus-sargentii","status":"publish","type":"page","link":"https:\/\/mustila.fi\/ru\/ulsike-1995-71-juniperus-sargentii\/","title":{"rendered":"Ulsike 1995: 71. Juniperus sargentii"},"content":{"rendered":"\n<p><em><small>Ulkomaisten kasvilajien menestymistutkimuksessa eli Ulsike-projektissa laadittiin vuosien 1992-1997 koelajeista kuvaukset. T\u00e4m\u00e4n sivun tiedot koskevat siten tietty\u00e4 koesiemener\u00e4\u00e4 ja ovat saattaneet p\u00e4ivitty\u00e4 mm. Ulsike-projektista saatujen kokemusten perusteella.<\/small><\/em><\/p>\n\n\n\n<p>koe-er\u00e4n tunnus: K09-94-075<\/p>\n\n\n\n<p>alkuper\u00e4: Etel\u00e4-Sahalin, Ven\u00e4j\u00e4<\/p>\n\n\n\n<p>Useat tutkijat pit\u00e4v\u00e4t lajia yhten\u00e4 kiinankatajan alalajina (<em>Juniperus chinensis&nbsp;<\/em>var.&nbsp;<em>sargentii<\/em>). Se on saanut nimens\u00e4 lajin l\u00f6yt\u00e4neen amerikkalaisen kasvitieteilij\u00e4n C.S. Sargentin mukaan. Laji kasvaa Japanin Hokkaidolla, osissa Koreaa sek\u00e4 Ven\u00e4j\u00e4ll\u00e4 Sahalinin saarella varsin suppealla alueella. Se on kuvailtu Ven\u00e4j\u00e4n uhanalaisia lajeja esittelev\u00e4ss\u00e4 \u201cpunaisessa kirjassa\u201d. Tyypillisi\u00e4 kasvupaikkoja ovat merenrannan kivikot sek\u00e4 vuorten rinteiden vierinkivialueet ja kalliot.<br>&nbsp;<br>L\u00e4nsimaiset l\u00e4hdeteokset yleens\u00e4 kehuvat lajin kauneutta. Pienikokoinen, matalana levi\u00e4v\u00e4 pensas j\u00e4\u00e4 yleens\u00e4 30-50 cm korkeaksi. Sinivihre\u00e4t lehdet ovat l\u00e4hinn\u00e4 suomumaisia kuten vaikkapa sirolla, hyvin kapealehtisell\u00e4 tuijalla. Vanhemmiten kasviin saattaa kehitty\u00e4 my\u00f6s neulasmaisia lehti\u00e4. Laji on kaksikotinen. Pienet marjat ovat sinisi\u00e4.<br>&nbsp;<br>Siemenet vaativat kypsy\u00e4kseen useiden muiden katajien tavoin kaksi kasvukautta.<\/p>\n\n\n\n<p>Siemenet voi kylv\u00e4\u00e4 heti. Kaikki katajat ovat hitaita it\u00e4m\u00e4\u00e4n, niin ilmeisesti my\u00f6s t\u00e4m\u00e4. Taimia syntyy yleens\u00e4 vuoden kuluttua kylv\u00f6st\u00e4 tai my\u00f6hemmin. Syntyvien taimien kasvatus ei kuitenkaan t\u00e4m\u00e4n j\u00e4lkeen pit\u00e4isi olla kovinkaan konstikasta. Laji lienee kest\u00e4v\u00e4 ainakin etel\u00e4rannikolla.<br>&nbsp;<\/p>\n\n\n\n<h2 class=\"wp-block-heading\">Kasvin perustiedot<\/h2>\n\n\n\n<p>SukuJuniperusLajiSargentii<\/p>\n\n\n\n<h2 class=\"wp-block-heading\">Keywords<\/h2>\n\n\n\n<ul class=\"wp-block-list\">\n<li>Juniperus<\/li>\n\n\n\n<li><a href=\"https:\/\/mustila.fi\/ulsike\/1995\/71_juniperus_sargentii\/\">Juniper<\/a>u<a href=\"https:\/\/mustila.fi\/ulsike\/1995\/71_juniperus_sargentii\/\">s sargentii<\/a><\/li>\n<\/ul>\n","protected":false},"excerpt":{"rendered":"<p>Ulkomaisten kasvilajien menestymistutkimuksessa eli Ulsike-projektissa laadittiin vuosien 1992-1997 koelajeista kuvaukset. T\u00e4m\u00e4n sivun tiedot koskevat siten tietty\u00e4 koesiemener\u00e4\u00e4 ja ovat saattaneet p\u00e4ivitty\u00e4 mm. Ulsike-projektista saatujen kokemusten perusteella. koe-er\u00e4n tunnus: K09-94-075 alkuper\u00e4: Etel\u00e4-Sahalin, Ven\u00e4j\u00e4 Useat tutkijat pit\u00e4v\u00e4t lajia yhten\u00e4 kiinankatajan alalajina (Juniperus chinensis&nbsp;var.&nbsp;sargentii). Se on saanut nimens\u00e4 lajin l\u00f6yt\u00e4neen amerikkalaisen kasvitieteilij\u00e4n C.S. Sargentin mukaan. Laji kasvaa Japanin [&hellip;]<\/p>\n","protected":false},"author":1,"featured_media":0,"parent":0,"menu_order":0,"comment_status":"closed","ping_status":"closed","template":"","meta":{"iawp_total_views":0,"footnotes":""},"class_list":["post-17825","page","type-page","status-publish","hentry"],"_links":{"self":[{"href":"https:\/\/mustila.fi\/ru\/wp-json\/wp\/v2\/pages\/17825","targetHints":{"allow":["GET"]}}],"collection":[{"href":"https:\/\/mustila.fi\/ru\/wp-json\/wp\/v2\/pages"}],"about":[{"href":"https:\/\/mustila.fi\/ru\/wp-json\/wp\/v2\/types\/page"}],"author":[{"embeddable":true,"href":"https:\/\/mustila.fi\/ru\/wp-json\/wp\/v2\/users\/1"}],"replies":[{"embeddable":true,"href":"https:\/\/mustila.fi\/ru\/wp-json\/wp\/v2\/comments?post=17825"}],"version-history":[{"count":0,"href":"https:\/\/mustila.fi\/ru\/wp-json\/wp\/v2\/pages\/17825\/revisions"}],"wp:attachment":[{"href":"https:\/\/mustila.fi\/ru\/wp-json\/wp\/v2\/media?parent=17825"}],"curies":[{"name":"wp","href":"https:\/\/api.w.org\/{rel}","templated":true}]}}