{"id":17830,"date":"2023-09-27T07:29:01","date_gmt":"2023-09-27T07:29:01","guid":{"rendered":"https:\/\/mustila.fi\/?page_id=17830"},"modified":"2024-02-22T13:05:00","modified_gmt":"2024-02-22T13:05:00","slug":"ulsike-1995-74-aralia-cordata","status":"publish","type":"page","link":"https:\/\/mustila.fi\/ru\/ulsike-1995-74-aralia-cordata\/","title":{"rendered":"Ulsike 1995: 74. Aralia cordata"},"content":{"rendered":"\n<p><em><small>Ulkomaisten kasvilajien menestymistutkimuksessa eli Ulsike-projektissa laadittiin vuosien 1992-1997 koelajeista kuvaukset. T\u00e4m\u00e4n sivun tiedot koskevat siten tietty\u00e4 koesiemener\u00e4\u00e4 ja ovat saattaneet p\u00e4ivitty\u00e4 mm. Ulsike-projektista saatujen kokemusten perusteella.<\/small><\/em><\/p>\n\n\n\n<p>koe-er\u00e4n tunnus: K09-95-057<\/p>\n\n\n\n<p>alkuper\u00e4: Korsakov, Etel\u00e4-Sahalin, Ven\u00e4j\u00e4<br>&nbsp;<br>T\u00e4m\u00e4 l\u00e4nsimaissa hyvin huonosti tunnettu aralialaji on uhanalainen suppealla kasvualueellaan It\u00e4-Ven\u00e4j\u00e4ll\u00e4. Lajin luontaisiin kasvualueisiin kuuluu my\u00f6s osia Japanista sek\u00e4 Kurilien saaret.<br><br>Kasvupaikat vaihtelevat hein\u00e4isist\u00e4 rinteist\u00e4 mets\u00e4nreunoihin, valoisiin koivikkoihin ja jokivarsiin.<br>&nbsp;<br><em>Aralia cordatan&nbsp;<\/em>suurimpana uhkana pidet\u00e4\u00e4n lajin l\u00e4\u00e4kek\u00e4ytt\u00f6\u00e4. Sen juurakkoa k\u00e4ytet\u00e4\u00e4n monien l\u00e4hisukulaisten tavoin erilaisten l\u00e4\u00e4kevalmisteiden tekoon (vertaa mm. gingseng).<br><br>Siemen voidaan kylv\u00e4\u00e4 heti. Se ilmeisesti vaatii it\u00e4\u00e4kseen useimpien heimon kasvien tapaan sek\u00e4 l\u00e4mp\u00f6- ett\u00e4 kylm\u00e4k\u00e4sittelyn. N\u00e4in alkukes\u00e4st\u00e4 kylvettyjen siementen voidaan odottaa it\u00e4v\u00e4n ensi kev\u00e4\u00e4n\u00e4.<\/p>\n\n\n\n<h2 class=\"wp-block-heading\">Kasvin perustiedot<\/h2>\n\n\n\n<p>SukuAraliaLajiCordata<\/p>\n\n\n\n<h2 class=\"wp-block-heading\">Keywords<\/h2>\n\n\n\n<ul class=\"wp-block-list\">\n<li>Ulsike<\/li>\n\n\n\n<li>1995<\/li>\n\n\n\n<li>Aralia<\/li>\n\n\n\n<li>Aralia cordata<\/li>\n<\/ul>\n","protected":false},"excerpt":{"rendered":"<p>Ulkomaisten kasvilajien menestymistutkimuksessa eli Ulsike-projektissa laadittiin vuosien 1992-1997 koelajeista kuvaukset. T\u00e4m\u00e4n sivun tiedot koskevat siten tietty\u00e4 koesiemener\u00e4\u00e4 ja ovat saattaneet p\u00e4ivitty\u00e4 mm. Ulsike-projektista saatujen kokemusten perusteella. koe-er\u00e4n tunnus: K09-95-057 alkuper\u00e4: Korsakov, Etel\u00e4-Sahalin, Ven\u00e4j\u00e4&nbsp;T\u00e4m\u00e4 l\u00e4nsimaissa hyvin huonosti tunnettu aralialaji on uhanalainen suppealla kasvualueellaan It\u00e4-Ven\u00e4j\u00e4ll\u00e4. Lajin luontaisiin kasvualueisiin kuuluu my\u00f6s osia Japanista sek\u00e4 Kurilien saaret. Kasvupaikat vaihtelevat [&hellip;]<\/p>\n","protected":false},"author":1,"featured_media":0,"parent":0,"menu_order":0,"comment_status":"closed","ping_status":"closed","template":"","meta":{"iawp_total_views":16,"footnotes":""},"class_list":["post-17830","page","type-page","status-publish","hentry"],"_links":{"self":[{"href":"https:\/\/mustila.fi\/ru\/wp-json\/wp\/v2\/pages\/17830","targetHints":{"allow":["GET"]}}],"collection":[{"href":"https:\/\/mustila.fi\/ru\/wp-json\/wp\/v2\/pages"}],"about":[{"href":"https:\/\/mustila.fi\/ru\/wp-json\/wp\/v2\/types\/page"}],"author":[{"embeddable":true,"href":"https:\/\/mustila.fi\/ru\/wp-json\/wp\/v2\/users\/1"}],"replies":[{"embeddable":true,"href":"https:\/\/mustila.fi\/ru\/wp-json\/wp\/v2\/comments?post=17830"}],"version-history":[{"count":0,"href":"https:\/\/mustila.fi\/ru\/wp-json\/wp\/v2\/pages\/17830\/revisions"}],"wp:attachment":[{"href":"https:\/\/mustila.fi\/ru\/wp-json\/wp\/v2\/media?parent=17830"}],"curies":[{"name":"wp","href":"https:\/\/api.w.org\/{rel}","templated":true}]}}