{"id":17832,"date":"2023-09-27T07:30:37","date_gmt":"2023-09-27T07:30:37","guid":{"rendered":"https:\/\/mustila.fi\/?page_id=17832"},"modified":"2024-02-22T13:05:13","modified_gmt":"2024-02-22T13:05:13","slug":"ulsike-1995-75-betula-albo-sinensis-kuparikoivu","status":"publish","type":"page","link":"https:\/\/mustila.fi\/ru\/ulsike-1995-75-betula-albo-sinensis-kuparikoivu\/","title":{"rendered":"Ulsike 1995: 75. Betula albo-sinensis &#8212; kuparikoivu"},"content":{"rendered":"\n<p><em><small>Ulkomaisten kasvilajien menestymistutkimuksessa eli Ulsike-projektissa laadittiin vuosien 1992-1997 koelajeista kuvaukset. T\u00e4m\u00e4n sivun tiedot koskevat siten tietty\u00e4 koesiemener\u00e4\u00e4 ja ovat saattaneet p\u00e4ivitty\u00e4 mm. Ulsike-projektista saatujen kokemusten perusteella.<\/small><\/em><\/p>\n\n\n\n<p>koe-er\u00e4n tunnus: K09-95-048<\/p>\n\n\n\n<p>alkuper\u00e4: Pohjois-Kiina<br><br>Kuparikoivu on kotoisin Kiinan keskiosista. Sen levinneisyysalue on Suomea ajatellen verrattain etel\u00e4inen, mutta kuparikoivu on menestynyt lupaavasti esimerkiksi Pohjois-Amerikassa ilmastollisesti ankarilla alueilla. T\u00e4m\u00e4 antaa toiveita lajin menestymisest\u00e4 my\u00f6s meill\u00e4, varsinkin kun menestyneit\u00e4 yksil\u00f6it\u00e4 on&nbsp;olemassa muutamia Etel\u00e4-Suomessa. N\u00e4iden yksil\u00f6iden mainitaan olevan L\u00e4nsi-Kiinasta kotoisin olevaa muunnosta&nbsp;<em>B. albo-sinensis<\/em>&nbsp;var.&nbsp;<em>septentrionalis<\/em>, joka mahdollisesti ei ole yht\u00e4 kest\u00e4v\u00e4 kuin itse laji.<br><br>Kuparikoivu on saanut nimens\u00e4 kuparinv\u00e4risest\u00e4 tuohesta, joka vanhemmiten irtoaa paperimaisina liuskoina. Puu saavuttaa luontaisilla alueilla jopa 30 metrin pituuden, mutta j\u00e4\u00e4 viljeltyn\u00e4 15-20 metrin mittaiseksi Euroopassa, jossa lajia on k\u00e4ytetty paljon koristepuuna. Kanadassa kuparikoivu on j\u00e4\u00e4nyt noin kymmenmetriseksi puuksi. Kuparikoivu muodostaa py\u00f6re\u00e4n latvuksen ja se on kaunismuotoinen koristepuu. Sen lehdet ovat soikeita tai pitkulaisia, eiv\u00e4t niin syv\u00e4nvihreit\u00e4 kuin kotoisten koivujemme lehdet. Puu saa keltaisen syysv\u00e4rin.<br><br>Kuparikoivu on vaatelias laji kasvupaikan suhteen. Se viihtyy parhaiten syv\u00e4multaisilla, l\u00e4mpimill\u00e4 ja suojaisilla paikoilla. Se j\u00e4\u00e4nee meill\u00e4 pieneksi, ehk\u00e4 7-8 metrin mittaiseksi puuksi. Koivun siemen it\u00e4\u00e4 yleens\u00e4 60 p\u00e4iv\u00e4n kylm\u00e4k\u00e4sittelyn j\u00e4lkeen tai ilman kylm\u00e4k\u00e4sittely\u00e4 niin, ettei sit\u00e4 peitet\u00e4. Koivulajien siemenlis\u00e4yksen ongelmana ovat kotimaisten lajien siemenet, joita yleens\u00e4 kulkeutuu kylv\u00f6alustaan. Eri koivulajeja on taimina hyvin vaikeaa erottaa toisistaan.<\/p>\n\n\n\n<h2 class=\"wp-block-heading\">Kasvin perustiedot<\/h2>\n\n\n\n<p>SukuBetulaLajiAlbo-sinensis<\/p>\n\n\n\n<h2 class=\"wp-block-heading\">Keywords<\/h2>\n\n\n\n<ul class=\"wp-block-list\">\n<li>Ulsike<\/li>\n\n\n\n<li>1995<\/li>\n\n\n\n<li><a href=\"https:\/\/mustila.fi\/ulsike\/1995\/75_betula_albo-sinensis\/\">Bet<\/a>u<a href=\"https:\/\/mustila.fi\/ulsike\/1995\/75_betula_albo-sinensis\/\">la<\/a><\/li>\n\n\n\n<li>Betula albo-sinensis<\/li>\n<\/ul>\n","protected":false},"excerpt":{"rendered":"<p>Ulkomaisten kasvilajien menestymistutkimuksessa eli Ulsike-projektissa laadittiin vuosien 1992-1997 koelajeista kuvaukset. T\u00e4m\u00e4n sivun tiedot koskevat siten tietty\u00e4 koesiemener\u00e4\u00e4 ja ovat saattaneet p\u00e4ivitty\u00e4 mm. Ulsike-projektista saatujen kokemusten perusteella. koe-er\u00e4n tunnus: K09-95-048 alkuper\u00e4: Pohjois-Kiina Kuparikoivu on kotoisin Kiinan keskiosista. Sen levinneisyysalue on Suomea ajatellen verrattain etel\u00e4inen, mutta kuparikoivu on menestynyt lupaavasti esimerkiksi Pohjois-Amerikassa ilmastollisesti ankarilla alueilla. T\u00e4m\u00e4 antaa [&hellip;]<\/p>\n","protected":false},"author":1,"featured_media":0,"parent":0,"menu_order":0,"comment_status":"closed","ping_status":"closed","template":"","meta":{"iawp_total_views":65,"footnotes":""},"class_list":["post-17832","page","type-page","status-publish","hentry"],"_links":{"self":[{"href":"https:\/\/mustila.fi\/ru\/wp-json\/wp\/v2\/pages\/17832","targetHints":{"allow":["GET"]}}],"collection":[{"href":"https:\/\/mustila.fi\/ru\/wp-json\/wp\/v2\/pages"}],"about":[{"href":"https:\/\/mustila.fi\/ru\/wp-json\/wp\/v2\/types\/page"}],"author":[{"embeddable":true,"href":"https:\/\/mustila.fi\/ru\/wp-json\/wp\/v2\/users\/1"}],"replies":[{"embeddable":true,"href":"https:\/\/mustila.fi\/ru\/wp-json\/wp\/v2\/comments?post=17832"}],"version-history":[{"count":0,"href":"https:\/\/mustila.fi\/ru\/wp-json\/wp\/v2\/pages\/17832\/revisions"}],"wp:attachment":[{"href":"https:\/\/mustila.fi\/ru\/wp-json\/wp\/v2\/media?parent=17832"}],"curies":[{"name":"wp","href":"https:\/\/api.w.org\/{rel}","templated":true}]}}