{"id":17838,"date":"2023-09-27T07:34:37","date_gmt":"2023-09-27T07:34:37","guid":{"rendered":"https:\/\/mustila.fi\/?page_id=17838"},"modified":"2024-02-22T13:05:45","modified_gmt":"2024-02-22T13:05:45","slug":"ulsike-1995-78-juglans-ailanthifolia-var-cordiformis-herttajalopahkina","status":"publish","type":"page","link":"https:\/\/mustila.fi\/ru\/ulsike-1995-78-juglans-ailanthifolia-var-cordiformis-herttajalopahkina\/","title":{"rendered":"Ulsike 1995: 78. Juglans ailanthifolia var. cordiformis &#8212; herttajalop\u00e4hkin\u00e4"},"content":{"rendered":"\n<p><em><small>Ulkomaisten kasvilajien menestymistutkimuksessa eli Ulsike-projektissa laadittiin vuosien 1992-1997 koelajeista kuvaukset. T\u00e4m\u00e4n sivun tiedot koskevat siten tietty\u00e4 koesiemener\u00e4\u00e4 ja ovat saattaneet p\u00e4ivitty\u00e4 mm. Ulsike-projektista saatujen kokemusten perusteella.<\/small><\/em><\/p>\n\n\n\n<p>koe-er\u00e4n tunnus: K09-95-018 tai K09-95-060<\/p>\n\n\n\n<p>alkuper\u00e4: Montana, USA<br><br>Herttajalop\u00e4hkin\u00e4 on ikivanha viljelylaji, jota ei tunneta mist\u00e4\u00e4n luonnonvaraisena.&nbsp;Siin\u00e4 mieless\u00e4&nbsp;se muistuttaa vaikkapa omenaa tai p\u00e4\u00e4ryn\u00e4\u00e4, joita my\u00f6sk\u00e4\u00e4n ei tunneta mist\u00e4\u00e4n luonnonvaraisina. Sen oletetaan olevan kotoisin Japanista, josta se on levinnyt viljelyyn ymp\u00e4ri maailman.<br><br>Sit\u00e4 viljell\u00e4\u00e4n ohutkuoristen, sy\u00f6t\u00e4vien p\u00e4hkin\u00f6idens\u00e4 vuoksi. Suomessa herttajalop\u00e4hkin\u00e4\u00e4 on mainittu kasvatettavan useissa kohteissa, mutta ainoastaan Karjalohjalla sijaitsevassa Tammiston arboretumissa on l\u00f6ydett\u00e4viss\u00e4 todisteita t\u00e4m\u00e4n lajin viljelyst\u00e4. Siell\u00e4k\u00e4\u00e4n lajia ei t\u00e4ll\u00e4 hetkell\u00e4 kasva. Herttajalop\u00e4hkin\u00e4\u00e4 pidet\u00e4\u00e4n japaninjalop\u00e4hkin\u00e4n muotona tai muunnoksena, mutta t\u00e4m\u00e4 tulkinta on osittain ep\u00e4varma.<br><br>Laji on verrattain pienikasvuinen, usein vain suuri pensas, joka tuottaa ohutkuorisia, sileit\u00e4 ja litistyneit\u00e4 sy\u00f6t\u00e4vi\u00e4 p\u00e4hkin\u00f6it\u00e4. Sen lehdet ovat jalop\u00e4hkin\u00f6ille tyypillisi\u00e4, suuria ja eksoottisen n\u00e4k\u00f6isi\u00e4 kerrannaisia lehti\u00e4, jotka saavat yleens\u00e4 keltaisen syysv\u00e4rin ennen varisemista.<br><br>Jalop\u00e4hkin\u00e4t ovat kasvualustan suhteen vaativia; ne viihtyv\u00e4t kosteilla, syv\u00e4multaisilla mailla. Ne siet\u00e4v\u00e4t huonosti varjostusta ja tuulta. Kyseinen siemener\u00e4 on per\u00e4isin Montanasta, USA:sta, jossa ilmasto saattaa olla hyvinkin ankara nimenomaan talvenkestoa ajatellen. Herttajalop\u00e4hkin\u00e4n oletetaankin menestyv\u00e4n jopa III-vy\u00f6hykkeell\u00e4, mik\u00e4li lis\u00e4ykseen k\u00e4ytetty kanta on perim\u00e4lt\u00e4\u00e4n riitt\u00e4v\u00e4n hyv\u00e4\u00e4.<br><br>Jalop\u00e4hkin\u00e4lajien siemen it\u00e4\u00e4 yleens\u00e4 90-120&nbsp;p\u00e4iv\u00e4n kylm\u00e4k\u00e4sittelyjakson j\u00e4lkeen. Osa siemenist\u00e4 saattaa kuitenkin it\u00e4\u00e4 v\u00e4litt\u00f6m\u00e4sti kylv\u00f6n j\u00e4lkeen. Siemen suositellaan kylvett\u00e4v\u00e4ksi heti, jolloin se ei kuivu. Valtaosa taimista syntynee kylv\u00f6\u00e4 seuraavana kev\u00e4\u00e4n\u00e4. Kylv\u00f6s tulisi suojata oravilta ja muilta jyrsij\u00f6ilt\u00e4.<\/p>\n\n\n\n<h2 class=\"wp-block-heading\">Kasvin perustiedot<\/h2>\n\n\n\n<p>SukuJuglansLajiAilanthifolia var. cordiformis<\/p>\n\n\n\n<h2 class=\"wp-block-heading\">Keywords<\/h2>\n\n\n\n<ul class=\"wp-block-list\">\n<li>Ulsike<\/li>\n\n\n\n<li>1995<\/li>\n\n\n\n<li>Juglans<\/li>\n\n\n\n<li>Juglans ailanthifolia var. cordiformis<\/li>\n<\/ul>\n","protected":false},"excerpt":{"rendered":"<p>Ulkomaisten kasvilajien menestymistutkimuksessa eli Ulsike-projektissa laadittiin vuosien 1992-1997 koelajeista kuvaukset. T\u00e4m\u00e4n sivun tiedot koskevat siten tietty\u00e4 koesiemener\u00e4\u00e4 ja ovat saattaneet p\u00e4ivitty\u00e4 mm. Ulsike-projektista saatujen kokemusten perusteella. koe-er\u00e4n tunnus: K09-95-018 tai K09-95-060 alkuper\u00e4: Montana, USA Herttajalop\u00e4hkin\u00e4 on ikivanha viljelylaji, jota ei tunneta mist\u00e4\u00e4n luonnonvaraisena.&nbsp;Siin\u00e4 mieless\u00e4&nbsp;se muistuttaa vaikkapa omenaa tai p\u00e4\u00e4ryn\u00e4\u00e4, joita my\u00f6sk\u00e4\u00e4n ei tunneta mist\u00e4\u00e4n luonnonvaraisina. [&hellip;]<\/p>\n","protected":false},"author":1,"featured_media":0,"parent":0,"menu_order":0,"comment_status":"closed","ping_status":"closed","template":"","meta":{"iawp_total_views":73,"footnotes":""},"class_list":["post-17838","page","type-page","status-publish","hentry"],"_links":{"self":[{"href":"https:\/\/mustila.fi\/ru\/wp-json\/wp\/v2\/pages\/17838","targetHints":{"allow":["GET"]}}],"collection":[{"href":"https:\/\/mustila.fi\/ru\/wp-json\/wp\/v2\/pages"}],"about":[{"href":"https:\/\/mustila.fi\/ru\/wp-json\/wp\/v2\/types\/page"}],"author":[{"embeddable":true,"href":"https:\/\/mustila.fi\/ru\/wp-json\/wp\/v2\/users\/1"}],"replies":[{"embeddable":true,"href":"https:\/\/mustila.fi\/ru\/wp-json\/wp\/v2\/comments?post=17838"}],"version-history":[{"count":0,"href":"https:\/\/mustila.fi\/ru\/wp-json\/wp\/v2\/pages\/17838\/revisions"}],"wp:attachment":[{"href":"https:\/\/mustila.fi\/ru\/wp-json\/wp\/v2\/media?parent=17838"}],"curies":[{"name":"wp","href":"https:\/\/api.w.org\/{rel}","templated":true}]}}