{"id":17844,"date":"2023-09-27T07:38:20","date_gmt":"2023-09-27T07:38:20","guid":{"rendered":"https:\/\/mustila.fi\/?page_id=17844"},"modified":"2024-02-22T13:06:19","modified_gmt":"2024-02-22T13:06:19","slug":"ulsike-1995-81-morus-alba-tatarica-valkomulperipuu","status":"publish","type":"page","link":"https:\/\/mustila.fi\/ru\/ulsike-1995-81-morus-alba-tatarica-valkomulperipuu\/","title":{"rendered":"Ulsike 1995: 81. Morus alba tatarica &#8212; valkomulperipuu"},"content":{"rendered":"\n<p><em><small>Ulkomaisten kasvilajien menestymistutkimuksessa eli Ulsike-projektissa laadittiin vuosien 1992-1997 koelajeista kuvaukset. T\u00e4m\u00e4n sivun tiedot koskevat siten tietty\u00e4 koesiemener\u00e4\u00e4 ja ovat saattaneet p\u00e4ivitty\u00e4 mm. Ulsike-projektista saatujen kokemusten perusteella.<\/small><\/em><\/p>\n\n\n\n<p>koe-er\u00e4n tunnus: K09-95-005<\/p>\n\n\n\n<p>alkuper\u00e4: Krasnodar, Ven\u00e4j\u00e4&nbsp;<\/p>\n\n\n\n<p>Valkomulperipuu on kotoisin Kiinasta, josta se on levinnyt viljelyyn ymp\u00e4ri maailman jo vuosisatoja sitten. Sit\u00e4 k\u00e4ytettiin alunperin silkkiperhosen is\u00e4nt\u00e4puuna mm. Pohjois-Amerikassa, miss\u00e4 se on paikoin karannut viljelyst\u00e4 ja villiintynyt.&nbsp;<\/p>\n\n\n\n<p>Valkomulperipuu on pienikokoinen, menestyess\u00e4\u00e4n ehk\u00e4 n. 5 metrinen puu tai pensas. Se on kasvutavaltaan hyvin tihe\u00e4oksainen. Kukat ovat vihert\u00e4v\u00e4t, vaatimattoman n\u00e4k\u00f6iset ja syntyv\u00e4t toukokuussa. Hedelm\u00e4 on hailakanpunainen tai vaaleahko kerrannaismarja. Marjoja syntyy yleens\u00e4 runsaasti, mutta valitettavasti ne ovat mauttomia. Lajin lehdet ovat koristeellisia, ilmiasultaan vaihtelevia. Syysv\u00e4ri on keltainen, mutta lehdet saattavat varista ennen syysv\u00e4rin kehittymist\u00e4.&nbsp;<\/p>\n\n\n\n<p>Valkomulperipuu viihtyy parhaiten auringossa, mutta siet\u00e4\u00e4 jonkin verran varjostusta. Se viihtyy syv\u00e4multaisilla mailla, mutta sen mainitaan siet\u00e4v\u00e4n my\u00f6s kuivuutta. Valkomulperi on my\u00f6s kest\u00e4v\u00e4 suoloja vastaan. Se saattaa olla kest\u00e4v\u00e4 maamme etel\u00e4isiss\u00e4 osissa suojaisilla paikoilla. \u2018Tatarica\u2019-lajike on kantalajia talvenkest\u00e4v\u00e4mpi.&nbsp;<\/p>\n\n\n\n<p>Valkomulperipuun siemen it\u00e4\u00e4 ilman esik\u00e4sittely\u00e4, mutta 60 p\u00e4iv\u00e4n kylm\u00e4k\u00e4sittely varmistaa it\u00e4misen. Siemener\u00e4 voidaan kylv\u00e4\u00e4 heti, jolloin ainakin osa siemenist\u00e4 it\u00e4\u00e4 alkukes\u00e4ll\u00e4. Syksyll\u00e4 kylvett\u00e4ess\u00e4 siemen it\u00e4\u00e4 kylv\u00f6\u00e4 seuraavana kev\u00e4\u00e4n\u00e4.<\/p>\n\n\n\n<h2 class=\"wp-block-heading\">Kasvin perustiedot<\/h2>\n\n\n\n<p>SukuMorusLajiAlbaLajike&#8217;Tatarica&#8217;<\/p>\n\n\n\n<h2 class=\"wp-block-heading\">Keywords<\/h2>\n\n\n\n<ul class=\"wp-block-list\">\n<li>Ulsike<\/li>\n\n\n\n<li>1995<\/li>\n\n\n\n<li>Morus<\/li>\n\n\n\n<li>Morus alba &#8216;Tatarica&#8217;<\/li>\n<\/ul>\n","protected":false},"excerpt":{"rendered":"<p>Ulkomaisten kasvilajien menestymistutkimuksessa eli Ulsike-projektissa laadittiin vuosien 1992-1997 koelajeista kuvaukset. T\u00e4m\u00e4n sivun tiedot koskevat siten tietty\u00e4 koesiemener\u00e4\u00e4 ja ovat saattaneet p\u00e4ivitty\u00e4 mm. Ulsike-projektista saatujen kokemusten perusteella. koe-er\u00e4n tunnus: K09-95-005 alkuper\u00e4: Krasnodar, Ven\u00e4j\u00e4&nbsp; Valkomulperipuu on kotoisin Kiinasta, josta se on levinnyt viljelyyn ymp\u00e4ri maailman jo vuosisatoja sitten. Sit\u00e4 k\u00e4ytettiin alunperin silkkiperhosen is\u00e4nt\u00e4puuna mm. Pohjois-Amerikassa, miss\u00e4 se [&hellip;]<\/p>\n","protected":false},"author":1,"featured_media":0,"parent":0,"menu_order":0,"comment_status":"closed","ping_status":"closed","template":"","meta":{"iawp_total_views":50,"footnotes":""},"class_list":["post-17844","page","type-page","status-publish","hentry"],"_links":{"self":[{"href":"https:\/\/mustila.fi\/ru\/wp-json\/wp\/v2\/pages\/17844","targetHints":{"allow":["GET"]}}],"collection":[{"href":"https:\/\/mustila.fi\/ru\/wp-json\/wp\/v2\/pages"}],"about":[{"href":"https:\/\/mustila.fi\/ru\/wp-json\/wp\/v2\/types\/page"}],"author":[{"embeddable":true,"href":"https:\/\/mustila.fi\/ru\/wp-json\/wp\/v2\/users\/1"}],"replies":[{"embeddable":true,"href":"https:\/\/mustila.fi\/ru\/wp-json\/wp\/v2\/comments?post=17844"}],"version-history":[{"count":0,"href":"https:\/\/mustila.fi\/ru\/wp-json\/wp\/v2\/pages\/17844\/revisions"}],"wp:attachment":[{"href":"https:\/\/mustila.fi\/ru\/wp-json\/wp\/v2\/media?parent=17844"}],"curies":[{"name":"wp","href":"https:\/\/api.w.org\/{rel}","templated":true}]}}