{"id":17852,"date":"2023-09-27T07:43:35","date_gmt":"2023-09-27T07:43:35","guid":{"rendered":"https:\/\/mustila.fi\/?page_id=17852"},"modified":"2024-02-22T13:09:59","modified_gmt":"2024-02-22T13:09:59","slug":"ulsike-1995-85-tilia-platyphyllos-isolehtilehmus","status":"publish","type":"page","link":"https:\/\/mustila.fi\/ru\/ulsike-1995-85-tilia-platyphyllos-isolehtilehmus\/","title":{"rendered":"Ulsike 1995: 85. Tilia platyphyllos &#8212; isolehtilehmus"},"content":{"rendered":"\n<p><em><small>Ulkomaisten kasvilajien menestymistutkimuksessa eli Ulsike-projektissa laadittiin vuosien 1992-1997 koelajeista kuvaukset. T\u00e4m\u00e4n sivun tiedot koskevat siten tietty\u00e4 koesiemener\u00e4\u00e4 ja ovat saattaneet p\u00e4ivitty\u00e4 mm. Ulsike-projektista saatujen kokemusten perusteella.<\/small><\/em><\/p>\n\n\n\n<p>koe-er\u00e4n tunnus: K09-95-070<\/p>\n\n\n\n<p>alkuper\u00e4: Poltava, Ukraina<\/p>\n\n\n\n<p>Isolehtilehmus on toinen L\u00e4nsi-Euroopan suurikokoisista lehmuksista. Jopa 40-metriseksi kasvava laji kasvaa Pohjois-Espanjasta aina Uralille saakka. Laji on yleisesti viljelty puistopuuna. Pohjoisessa luontainen levinneisyysalue ulottuu juuri ja juuri Ruotsin l\u00e4nsirannikolle saakka. Meill\u00e4 laji on menestynyt viljeltyn\u00e4 puistopuuna aina l\u00e4hes Oulun korkeudelle asti. Puistoissamme yleinen muhkurarunkoinen puistolehmus (<em>Tilia vulgaris<\/em>) on mets\u00e4lehmuksen (<em>Tilia cordata<\/em>) ja isolehtilehmuksen v\u00e4linen risteytys.<\/p>\n\n\n\n<p>Isolehtilehmuksen puutavaraa k\u00e4ytet\u00e4\u00e4n kuten mets\u00e4lehmusta, josta se poikkeaalcin vain hyvin v\u00e4h\u00e4n. Isolehtilehmuksen puuaines on hieman mets\u00e4lehmusta kovempaa ja lujempaa.<\/p>\n\n\n\n<p>Isolehtilehmuksella on nimens\u00e4 mukaan mets\u00e4lehmusta suuremmat lehdet. Runko on mets\u00e4lehmuksen tavoin muhkuraton. Mets\u00e4lehmuksesta poiketen isolehtilehmuksen haararanka on karvainen. Er\u00e4iden kasvitieteilij\u00f6iden mukaan karvaisuus ei kuitenkaan ole aina kovinkaan havaittavaa. Eroja l\u00f6ytyy my\u00f6s mm. lehtien alapinnan v\u00e4rityksest\u00e4. Isolehtilehmuksen voimakass\u00e4rm\u00e4iset siemenet lienev\u00e4t helpoin tapa erottaa laji mets\u00e4lehmuksesta, jonka pienemm\u00e4t siemenet ovat pinnaltaan l\u00e4hes sileit\u00e4.<br>&nbsp;<br>Laji valittiin mukaan saadun mielenkiintoisen siemenalkuper\u00e4n vuoksi. On j\u00e4nnitt\u00e4v\u00e4\u00e4 n\u00e4hd\u00e4 kuinka hyvin n\u00e4in etel\u00e4inen ja mantereinen alkuper\u00e4 meill\u00e4 menestyy.<\/p>\n\n\n\n<p>Lehmuksen siemenet it\u00e4v\u00e4t yleens\u00e4 melko huonosti. Er\u00e4\u00e4 ei ole koeid\u00e4tetty, mutta se n\u00e4ytt\u00e4\u00e4 varsin hyv\u00e4laatuiselta. It\u00e4minen vaatii kuitenkin aikaa, ja se tapahtunee vasta ensi kev\u00e4\u00e4n\u00e4. Laji lis\u00e4\u00e4ntyy muiden lehmusten tavoin hyvin my\u00f6s pistokkaista ja tekee yleens\u00e4 my\u00f6s luonnossa sek\u00e4 juuri-, kanto- ett\u00e4 runkovesoja.<br>&nbsp;<\/p>\n\n\n\n<h2 class=\"wp-block-heading\">Kasvin perustiedot<\/h2>\n\n\n\n<p>SukuTiliaLajiPlatyphyllos<\/p>\n\n\n\n<h2 class=\"wp-block-heading\">Keywords<\/h2>\n\n\n\n<ul class=\"wp-block-list\">\n<li>Ulsike<\/li>\n\n\n\n<li>1995<\/li>\n\n\n\n<li>Tilia<\/li>\n\n\n\n<li>Tilia platyphyllos<\/li>\n<\/ul>\n","protected":false},"excerpt":{"rendered":"<p>Ulkomaisten kasvilajien menestymistutkimuksessa eli Ulsike-projektissa laadittiin vuosien 1992-1997 koelajeista kuvaukset. T\u00e4m\u00e4n sivun tiedot koskevat siten tietty\u00e4 koesiemener\u00e4\u00e4 ja ovat saattaneet p\u00e4ivitty\u00e4 mm. Ulsike-projektista saatujen kokemusten perusteella. koe-er\u00e4n tunnus: K09-95-070 alkuper\u00e4: Poltava, Ukraina Isolehtilehmus on toinen L\u00e4nsi-Euroopan suurikokoisista lehmuksista. Jopa 40-metriseksi kasvava laji kasvaa Pohjois-Espanjasta aina Uralille saakka. Laji on yleisesti viljelty puistopuuna. Pohjoisessa luontainen levinneisyysalue [&hellip;]<\/p>\n","protected":false},"author":1,"featured_media":0,"parent":0,"menu_order":0,"comment_status":"closed","ping_status":"closed","template":"","meta":{"iawp_total_views":8,"footnotes":""},"class_list":["post-17852","page","type-page","status-publish","hentry"],"_links":{"self":[{"href":"https:\/\/mustila.fi\/ru\/wp-json\/wp\/v2\/pages\/17852","targetHints":{"allow":["GET"]}}],"collection":[{"href":"https:\/\/mustila.fi\/ru\/wp-json\/wp\/v2\/pages"}],"about":[{"href":"https:\/\/mustila.fi\/ru\/wp-json\/wp\/v2\/types\/page"}],"author":[{"embeddable":true,"href":"https:\/\/mustila.fi\/ru\/wp-json\/wp\/v2\/users\/1"}],"replies":[{"embeddable":true,"href":"https:\/\/mustila.fi\/ru\/wp-json\/wp\/v2\/comments?post=17852"}],"version-history":[{"count":0,"href":"https:\/\/mustila.fi\/ru\/wp-json\/wp\/v2\/pages\/17852\/revisions"}],"wp:attachment":[{"href":"https:\/\/mustila.fi\/ru\/wp-json\/wp\/v2\/media?parent=17852"}],"curies":[{"name":"wp","href":"https:\/\/api.w.org\/{rel}","templated":true}]}}