{"id":17864,"date":"2023-09-27T07:50:46","date_gmt":"2023-09-27T07:50:46","guid":{"rendered":"https:\/\/mustila.fi\/?page_id=17864"},"modified":"2023-09-27T07:50:47","modified_gmt":"2023-09-27T07:50:47","slug":"ulsike-1996-90-juniperus-rigida-f-prostrata","status":"publish","type":"page","link":"https:\/\/mustila.fi\/ru\/ulsike-1996-90-juniperus-rigida-f-prostrata\/","title":{"rendered":"Ulsike 1996: 90. Juniperus rigida f. prostrata"},"content":{"rendered":"\n<p><em><small>Ulkomaisten kasvilajien menestymistutkimuksessa eli Ulsike-projektissa laadittiin vuosien 1992-1997 koelajeista kuvaukset. T\u00e4m\u00e4n sivun tiedot koskevat siten tietty\u00e4 koesiemener\u00e4\u00e4 ja ovat saattaneet p\u00e4ivitty\u00e4 mm. Ulsike-projektista saatujen kokemusten perusteella.<\/small><\/em><\/p>\n\n\n\n<p>koe-er\u00e4n tunnus: K09-95-291<\/p>\n\n\n\n<p>alkuper\u00e4: Sahalin, Lazovski<\/p>\n\n\n\n<p>Melko etel\u00e4inen katajalaji, joka on neulaslehtinen kuten oma katajammekin. Kasvaa luontaisena Koreasta Mantsuriaan ja Ven\u00e4j\u00e4ll\u00e4 vain hieman Vladivostokin yl\u00e4puolelle saakka. Ven\u00e4l\u00e4isess\u00e4 uhanalaisia kasveja esittelev\u00e4ss\u00e4 \u201cpunaisessa kirjassa\u201d ei mainita, ett\u00e4 laji esiintyisi Sahalinin saarella. T\u00e4m\u00e4n perusteella siemen on oletettavasti ker\u00e4tty viljellyist\u00e4 yksil\u00f6ist\u00e4. Lajia tavataan harvinaisena my\u00f6s Japanissa.<\/p>\n\n\n\n<p>T\u00e4m\u00e4n katajalajin neulaset ovat hieman omaa katajaamme pidemm\u00e4t. Usein sen oksat ovat my\u00f6s huomiota her\u00e4tt\u00e4v\u00e4n roikkuvia. Koelaji on p\u00e4\u00e4lajin (<em>Juniperus rigida<\/em>) ry\u00f6miv\u00e4 muoto, mit\u00e4 my\u00f6s latinankielisen nimen lis\u00e4m\u00e4\u00e4re f.&nbsp;<em>prostrata&nbsp;<\/em>tarkoittaa.<\/p>\n\n\n\n<p>Lajin marjat kypsyv\u00e4t useimpien muiden katajien tavoin vasta kahden kasvukauden j\u00e4lkeen kukkimisesta.<\/p>\n\n\n\n<p>Katajalajien siemen it\u00e4\u00e4 hyvin hitaasti ja kannattaakin varautua siihen, ett\u00e4 my\u00f6s t\u00e4m\u00e4n lajin it\u00e4minen saattaa kest\u00e4\u00e4 jopa kaksi vuotta.<br>&nbsp;<\/p>\n\n\n\n<h2 class=\"wp-block-heading\">Kasvin perustiedot<\/h2>\n\n\n\n<p>SukuJuniperusLajiRigida f. prostrata<\/p>\n\n\n\n<h2 class=\"wp-block-heading\">Keywords<\/h2>\n\n\n\n<ul class=\"wp-block-list\">\n<li>Ulsike<\/li>\n\n\n\n<li>1996<\/li>\n\n\n\n<li>Juniperus<\/li>\n\n\n\n<li>Juniperus rigida f. prostrata<\/li>\n<\/ul>\n","protected":false},"excerpt":{"rendered":"<p>Ulkomaisten kasvilajien menestymistutkimuksessa eli Ulsike-projektissa laadittiin vuosien 1992-1997 koelajeista kuvaukset. T\u00e4m\u00e4n sivun tiedot koskevat siten tietty\u00e4 koesiemener\u00e4\u00e4 ja ovat saattaneet p\u00e4ivitty\u00e4 mm. Ulsike-projektista saatujen kokemusten perusteella. koe-er\u00e4n tunnus: K09-95-291 alkuper\u00e4: Sahalin, Lazovski Melko etel\u00e4inen katajalaji, joka on neulaslehtinen kuten oma katajammekin. Kasvaa luontaisena Koreasta Mantsuriaan ja Ven\u00e4j\u00e4ll\u00e4 vain hieman Vladivostokin yl\u00e4puolelle saakka. Ven\u00e4l\u00e4isess\u00e4 uhanalaisia kasveja [&hellip;]<\/p>\n","protected":false},"author":1,"featured_media":0,"parent":0,"menu_order":0,"comment_status":"closed","ping_status":"closed","template":"","meta":{"iawp_total_views":5,"footnotes":""},"class_list":["post-17864","page","type-page","status-publish","hentry"],"_links":{"self":[{"href":"https:\/\/mustila.fi\/ru\/wp-json\/wp\/v2\/pages\/17864","targetHints":{"allow":["GET"]}}],"collection":[{"href":"https:\/\/mustila.fi\/ru\/wp-json\/wp\/v2\/pages"}],"about":[{"href":"https:\/\/mustila.fi\/ru\/wp-json\/wp\/v2\/types\/page"}],"author":[{"embeddable":true,"href":"https:\/\/mustila.fi\/ru\/wp-json\/wp\/v2\/users\/1"}],"replies":[{"embeddable":true,"href":"https:\/\/mustila.fi\/ru\/wp-json\/wp\/v2\/comments?post=17864"}],"version-history":[{"count":0,"href":"https:\/\/mustila.fi\/ru\/wp-json\/wp\/v2\/pages\/17864\/revisions"}],"wp:attachment":[{"href":"https:\/\/mustila.fi\/ru\/wp-json\/wp\/v2\/media?parent=17864"}],"curies":[{"name":"wp","href":"https:\/\/api.w.org\/{rel}","templated":true}]}}