{"id":17868,"date":"2023-09-27T07:53:24","date_gmt":"2023-09-27T07:53:24","guid":{"rendered":"https:\/\/mustila.fi\/?page_id=17868"},"modified":"2023-09-27T07:53:25","modified_gmt":"2023-09-27T07:53:25","slug":"ulsike-1996-92-acer-ukurunduense-kiinanvaahtera","status":"publish","type":"page","link":"https:\/\/mustila.fi\/ru\/ulsike-1996-92-acer-ukurunduense-kiinanvaahtera\/","title":{"rendered":"Ulsike 1996: 92. Acer ukurunduense &#8212; kiinanvaahtera"},"content":{"rendered":"\n<p><em><small>Ulkomaisten kasvilajien menestymistutkimuksessa eli Ulsike-projektissa laadittiin vuosien 1992-1997 koelajeista kuvaukset. T\u00e4m\u00e4n sivun tiedot koskevat siten tietty\u00e4 koesiemener\u00e4\u00e4 ja ovat saattaneet p\u00e4ivitty\u00e4 mm. Ulsike-projektista saatujen kokemusten perusteella.<\/small><\/em><\/p>\n\n\n\n<p>koe-er\u00e4n tunnus: K09-95-281<\/p>\n\n\n\n<p>alkuper\u00e4: Sahalin, Yuzno-Sakhalinsk<br>&nbsp;<br>Kiinanvaahtera on Kaukoid\u00e4n laajimmin levinneit\u00e4 vaahteralajeja. Luontainen kasvualue ulottuu Koreasta ja Kiinan it\u00e4osista pohjoiseen l\u00e4helle Habarovskia sek\u00e4 l\u00e4nness\u00e4 Japaniin. L\u00e4hinn\u00e4 sekametsiss\u00e4 tavattava puu kasvaa jokien varsilla ja vuorten rinteill\u00e4, Ven\u00e4j\u00e4ll\u00e4 aina 700 metrin korkeudella saakka.<\/p>\n\n\n\n<p>Kiinanvaahtera on leve\u00e4latvuksinen, vankkarunkoinen noin 15-metrinen puu tai haaroittuneena suuri pensas. Nuoret versorangat ovat punaruskeita, runko on kellanharmaa ja pinnaltaan hilseilev\u00e4. Ven\u00e4j\u00e4ll\u00e4 lajia kutsutaan keltavaahteraksi.<\/p>\n\n\n\n<p>Puu siet\u00e4\u00e4 melko hyvin varjostusta ja on kasvupaikan suhteen melko vaatimaton. Kiinanvaahtera on levinneisyysalueeltaan pohjoisempi kuin monet Etel\u00e4-Suomessa menestyneet harvinaiset vaahteralajit. Voidaankin olettaa, ett\u00e4 laji olisi talvenkestoltaan yksi parhaista Kaukoid\u00e4n eksoottisten vaahteroiden lukuisassa joukossa.<\/p>\n\n\n\n<p>Vaahteran siemen k\u00e4rsii kuivana s\u00e4ilytt\u00e4misest\u00e4. Maahantulohetkell\u00e4 my\u00f6s t\u00e4m\u00e4 er\u00e4 oli pelottavan kuiva. Siemeni\u00e4 kannattaa liottaa jokunen p\u00e4iv\u00e4 vett\u00e4 vaihtaen.<br>&nbsp;<\/p>\n\n\n\n<h2 class=\"wp-block-heading\">Kasvin perustiedot<\/h2>\n\n\n\n<p>SukuAcerLajiUkurunduense<\/p>\n\n\n\n<h2 class=\"wp-block-heading\">Keywords<\/h2>\n\n\n\n<ul class=\"wp-block-list\">\n<li>Ulsike<\/li>\n\n\n\n<li>1996<\/li>\n\n\n\n<li>Acer<\/li>\n\n\n\n<li>Acer ukurunduense<\/li>\n<\/ul>\n","protected":false},"excerpt":{"rendered":"<p>Ulkomaisten kasvilajien menestymistutkimuksessa eli Ulsike-projektissa laadittiin vuosien 1992-1997 koelajeista kuvaukset. T\u00e4m\u00e4n sivun tiedot koskevat siten tietty\u00e4 koesiemener\u00e4\u00e4 ja ovat saattaneet p\u00e4ivitty\u00e4 mm. Ulsike-projektista saatujen kokemusten perusteella. koe-er\u00e4n tunnus: K09-95-281 alkuper\u00e4: Sahalin, Yuzno-Sakhalinsk&nbsp;Kiinanvaahtera on Kaukoid\u00e4n laajimmin levinneit\u00e4 vaahteralajeja. Luontainen kasvualue ulottuu Koreasta ja Kiinan it\u00e4osista pohjoiseen l\u00e4helle Habarovskia sek\u00e4 l\u00e4nness\u00e4 Japaniin. L\u00e4hinn\u00e4 sekametsiss\u00e4 tavattava puu kasvaa [&hellip;]<\/p>\n","protected":false},"author":1,"featured_media":0,"parent":0,"menu_order":0,"comment_status":"closed","ping_status":"closed","template":"","meta":{"iawp_total_views":6,"footnotes":""},"class_list":["post-17868","page","type-page","status-publish","hentry"],"_links":{"self":[{"href":"https:\/\/mustila.fi\/ru\/wp-json\/wp\/v2\/pages\/17868","targetHints":{"allow":["GET"]}}],"collection":[{"href":"https:\/\/mustila.fi\/ru\/wp-json\/wp\/v2\/pages"}],"about":[{"href":"https:\/\/mustila.fi\/ru\/wp-json\/wp\/v2\/types\/page"}],"author":[{"embeddable":true,"href":"https:\/\/mustila.fi\/ru\/wp-json\/wp\/v2\/users\/1"}],"replies":[{"embeddable":true,"href":"https:\/\/mustila.fi\/ru\/wp-json\/wp\/v2\/comments?post=17868"}],"version-history":[{"count":0,"href":"https:\/\/mustila.fi\/ru\/wp-json\/wp\/v2\/pages\/17868\/revisions"}],"wp:attachment":[{"href":"https:\/\/mustila.fi\/ru\/wp-json\/wp\/v2\/media?parent=17868"}],"curies":[{"name":"wp","href":"https:\/\/api.w.org\/{rel}","templated":true}]}}