{"id":17870,"date":"2023-09-27T07:54:33","date_gmt":"2023-09-27T07:54:33","guid":{"rendered":"https:\/\/mustila.fi\/?page_id=17870"},"modified":"2023-09-27T07:54:34","modified_gmt":"2023-09-27T07:54:34","slug":"ulsike-1996-93-celastrus-strigillosus","status":"publish","type":"page","link":"https:\/\/mustila.fi\/ru\/ulsike-1996-93-celastrus-strigillosus\/","title":{"rendered":"Ulsike 1996: 93. Celastrus strigillosus"},"content":{"rendered":"\n<p><em><small>Ulkomaisten kasvilajien menestymistutkimuksessa eli Ulsike-projektissa laadittiin vuosien 1992-1997 koelajeista kuvaukset. T\u00e4m\u00e4n sivun tiedot koskevat siten tietty\u00e4 koesiemener\u00e4\u00e4 ja ovat saattaneet p\u00e4ivitty\u00e4 mm. Ulsike-projektista saatujen kokemusten perusteella.<\/small><\/em><\/p>\n\n\n\n<p>koe-er\u00e4n tunnus: K09-95-287<\/p>\n\n\n\n<p>alkuper\u00e4: Sachalin, Vevelski<\/p>\n\n\n\n<p>Kelask\u00f6ynn\u00f6kset ovat kes\u00e4vihantia, yksi- tai kaksikotisia k\u00f6ynn\u00f6ksi\u00e4, jotka kiipe\u00e4v\u00e4t tukeen kiertym\u00e4ll\u00e4. Ruotsiksi kelask\u00f6ynn\u00f6ksi\u00e4 sanotaan &#171;puuntappajiksi&#187; (tr\u00e4dd\u00f6dare), sill\u00e4 voimakkaat kiertyneet versot saattavat est\u00e4\u00e4 tukena toimineen rungon kasvun.<\/p>\n\n\n\n<p>Koelaji on japaninkelask\u00f6ynn\u00f6ksen (<em>Celastrus orbiculatus<\/em>) maantieteellinen alalaji (<em>C. o<\/em>. var.&nbsp;<em>papiiosus<\/em>) ja muistuttaa p\u00e4\u00e4lajia monin tavoin. Japaninkelask\u00f6ynn\u00f6ksen levinneisyysalue ulottuu Japanista Koreaan ja Kiinaan rajoittuen pohjoisessa Sachalinin it\u00e4p\u00e4\u00e4h\u00e4n ja mantereella Vladivostokin seudulle. Koelajin levinneisyys rajoittuu Japanin saarille kasvaen vuoriston laaksometsien tiheik\u00f6iss\u00e4 ja rinteill\u00e4.<\/p>\n\n\n\n<p>Japaninkelask\u00f6ynn\u00f6ksen py\u00f6reht\u00e4v\u00e4t hedelm\u00e4t ovat oranssinpunaisia.<\/p>\n\n\n\n<p>Kelask\u00f6ynn\u00f6sten siemenet vaativat pitk\u00e4hk\u00f6n kylm\u00e4k\u00e4sittelyn. Siemenet voi kylv\u00e4\u00e4 heti tai vasta syksyll\u00e4. It\u00e4minen tapahtuu oletettavasti kuitenkin vasta kylv\u00f6kes\u00e4\u00e4 seuraavana kev\u00e4\u00e4n\u00e4.<br>&nbsp;<\/p>\n\n\n\n<h2 class=\"wp-block-heading\">Kasvin perustiedot<\/h2>\n\n\n\n<p>SukuCelastrusLajiStrigillosus<\/p>\n\n\n\n<h2 class=\"wp-block-heading\">Keywords<\/h2>\n\n\n\n<ul class=\"wp-block-list\">\n<li>Ulsike<\/li>\n\n\n\n<li>1996<\/li>\n\n\n\n<li>Celastrus<\/li>\n\n\n\n<li>Celastrus strigillosus<\/li>\n<\/ul>\n","protected":false},"excerpt":{"rendered":"<p>Ulkomaisten kasvilajien menestymistutkimuksessa eli Ulsike-projektissa laadittiin vuosien 1992-1997 koelajeista kuvaukset. T\u00e4m\u00e4n sivun tiedot koskevat siten tietty\u00e4 koesiemener\u00e4\u00e4 ja ovat saattaneet p\u00e4ivitty\u00e4 mm. Ulsike-projektista saatujen kokemusten perusteella. koe-er\u00e4n tunnus: K09-95-287 alkuper\u00e4: Sachalin, Vevelski Kelask\u00f6ynn\u00f6kset ovat kes\u00e4vihantia, yksi- tai kaksikotisia k\u00f6ynn\u00f6ksi\u00e4, jotka kiipe\u00e4v\u00e4t tukeen kiertym\u00e4ll\u00e4. Ruotsiksi kelask\u00f6ynn\u00f6ksi\u00e4 sanotaan &#171;puuntappajiksi&#187; (tr\u00e4dd\u00f6dare), sill\u00e4 voimakkaat kiertyneet versot saattavat est\u00e4\u00e4 tukena [&hellip;]<\/p>\n","protected":false},"author":1,"featured_media":0,"parent":0,"menu_order":0,"comment_status":"closed","ping_status":"closed","template":"","meta":{"iawp_total_views":2,"footnotes":""},"class_list":["post-17870","page","type-page","status-publish","hentry"],"_links":{"self":[{"href":"https:\/\/mustila.fi\/ru\/wp-json\/wp\/v2\/pages\/17870","targetHints":{"allow":["GET"]}}],"collection":[{"href":"https:\/\/mustila.fi\/ru\/wp-json\/wp\/v2\/pages"}],"about":[{"href":"https:\/\/mustila.fi\/ru\/wp-json\/wp\/v2\/types\/page"}],"author":[{"embeddable":true,"href":"https:\/\/mustila.fi\/ru\/wp-json\/wp\/v2\/users\/1"}],"replies":[{"embeddable":true,"href":"https:\/\/mustila.fi\/ru\/wp-json\/wp\/v2\/comments?post=17870"}],"version-history":[{"count":0,"href":"https:\/\/mustila.fi\/ru\/wp-json\/wp\/v2\/pages\/17870\/revisions"}],"wp:attachment":[{"href":"https:\/\/mustila.fi\/ru\/wp-json\/wp\/v2\/media?parent=17870"}],"curies":[{"name":"wp","href":"https:\/\/api.w.org\/{rel}","templated":true}]}}