{"id":17872,"date":"2023-09-27T07:55:57","date_gmt":"2023-09-27T07:55:57","guid":{"rendered":"https:\/\/mustila.fi\/?page_id=17872"},"modified":"2023-09-27T07:55:58","modified_gmt":"2023-09-27T07:55:58","slug":"ulsike-1996-94-acanthopanax-senticosus-venajanjuuri","status":"publish","type":"page","link":"https:\/\/mustila.fi\/ru\/ulsike-1996-94-acanthopanax-senticosus-venajanjuuri\/","title":{"rendered":"Ulsike 1996: 94. Acanthopanax senticosus &#8212; ven\u00e4j\u00e4njuuri"},"content":{"rendered":"\n<p>koe-er\u00e4n tunnus: K09-95-289<\/p>\n\n\n\n<p>alkuper\u00e4: Sachalin, Yuzno-Sakhalinsk<br>&nbsp;<br>Ven\u00e4j\u00e4njuuri on sukunsa pohjoisin edustaja kasvaen Koreasta Ven\u00e4j\u00e4n Amurille esiintyen my\u00f6s Kiinan koillisosissa sek\u00e4 Japanissa. Muut suvun edustajat kasvavat etel\u00e4mp\u00e4n\u00e4 Kiinassa ja Himalajalla.<br>&nbsp;<br>Lajia kutsutaan ven\u00e4j\u00e4nginsengiksi ja sit\u00e4 k\u00e4ytet\u00e4\u00e4n varsinaisen ginsengin tavoin hyvin paljon luontaisl\u00e4\u00e4kkeiden valmistukseen. Juurista jauhettua ven\u00e4j\u00e4njuurta tuodaan Suomeenkin melkoisen huomattavia m\u00e4\u00e4ri\u00e4. Viime vuosina Suomessa on aloiteltu ven\u00e4j\u00e4njuuren kotimaisen viljelyn mahdollisuuksia selvitt\u00e4v\u00e4\u00e4 tutkimusty\u00f6t\u00e4.<\/p>\n\n\n\n<p>Kasvin versot ovat kauttaaltaan pienten piikkien peitossa. Pienet huomaamattomat kellanvihre\u00e4t kukat muodostuvat monikukkaisiin sarjakukintoihin. Kotimaassaan jopa 5-metriseksi kasvava pensas on Mustilassa j\u00e4\u00e4nyt 1,5-2 metri\u00e4 korkeaksi.<\/p>\n\n\n\n<p>Ven\u00e4j\u00e4njuuren kest\u00e4vimm\u00e4t alkuper\u00e4t menestynev\u00e4t todenn\u00e4k\u00f6isesti l\u00e4hes Pohjois-Suomessa asti, mutta t\u00e4lle koe-er\u00e4lle ei uskalla luvata niin paljoa. Todettakoon ett\u00e4 Mustilan Etel\u00e4rinteen voimakaskasvuinen pensasryhm\u00e4 ei k\u00e4rsinyt v\u00e4h\u00e4\u00e4k\u00e4\u00e4n 1980-luvun pakkastalvista ja koristautuu vuosittain n\u00e4ytt\u00e4viin mustiin marjaterttuihin.<\/p>\n\n\n\n<p>My\u00f6s siemenet ovat yleens\u00e4 it\u00e4neet hyvin, tosin vasta pitk\u00e4n l\u00e4mmin- ja kylm\u00e4stratifioinnin j\u00e4lkeen. Siemen on paras kylv\u00e4\u00e4 ulos jo alkukes\u00e4st\u00e4 ensi kev\u00e4\u00e4n\u00e4 tapahtuvaa it\u00e4mist\u00e4 odottamaan.<br>&nbsp;<\/p>\n\n\n\n<h2 class=\"wp-block-heading\">Kasvin perustiedot<\/h2>\n\n\n\n<p>SukuEleutherococcusLajiSenticosus<\/p>\n\n\n\n<h2 class=\"wp-block-heading\">Keywords<\/h2>\n\n\n\n<ul class=\"wp-block-list\">\n<li>Ulsike<\/li>\n\n\n\n<li>1996<\/li>\n\n\n\n<li>Acanthopanax<\/li>\n\n\n\n<li>Acanthopanax senticosus<\/li>\n<\/ul>\n","protected":false},"excerpt":{"rendered":"<p>koe-er\u00e4n tunnus: K09-95-289 alkuper\u00e4: Sachalin, Yuzno-Sakhalinsk&nbsp;Ven\u00e4j\u00e4njuuri on sukunsa pohjoisin edustaja kasvaen Koreasta Ven\u00e4j\u00e4n Amurille esiintyen my\u00f6s Kiinan koillisosissa sek\u00e4 Japanissa. Muut suvun edustajat kasvavat etel\u00e4mp\u00e4n\u00e4 Kiinassa ja Himalajalla.&nbsp;Lajia kutsutaan ven\u00e4j\u00e4nginsengiksi ja sit\u00e4 k\u00e4ytet\u00e4\u00e4n varsinaisen ginsengin tavoin hyvin paljon luontaisl\u00e4\u00e4kkeiden valmistukseen. Juurista jauhettua ven\u00e4j\u00e4njuurta tuodaan Suomeenkin melkoisen huomattavia m\u00e4\u00e4ri\u00e4. Viime vuosina Suomessa on aloiteltu ven\u00e4j\u00e4njuuren kotimaisen [&hellip;]<\/p>\n","protected":false},"author":1,"featured_media":0,"parent":0,"menu_order":0,"comment_status":"closed","ping_status":"closed","template":"","meta":{"iawp_total_views":0,"footnotes":""},"class_list":["post-17872","page","type-page","status-publish","hentry"],"_links":{"self":[{"href":"https:\/\/mustila.fi\/ru\/wp-json\/wp\/v2\/pages\/17872","targetHints":{"allow":["GET"]}}],"collection":[{"href":"https:\/\/mustila.fi\/ru\/wp-json\/wp\/v2\/pages"}],"about":[{"href":"https:\/\/mustila.fi\/ru\/wp-json\/wp\/v2\/types\/page"}],"author":[{"embeddable":true,"href":"https:\/\/mustila.fi\/ru\/wp-json\/wp\/v2\/users\/1"}],"replies":[{"embeddable":true,"href":"https:\/\/mustila.fi\/ru\/wp-json\/wp\/v2\/comments?post=17872"}],"version-history":[{"count":0,"href":"https:\/\/mustila.fi\/ru\/wp-json\/wp\/v2\/pages\/17872\/revisions"}],"wp:attachment":[{"href":"https:\/\/mustila.fi\/ru\/wp-json\/wp\/v2\/media?parent=17872"}],"curies":[{"name":"wp","href":"https:\/\/api.w.org\/{rel}","templated":true}]}}