{"id":17874,"date":"2023-09-27T07:57:07","date_gmt":"2023-09-27T07:57:07","guid":{"rendered":"https:\/\/mustila.fi\/?page_id=17874"},"modified":"2023-09-27T07:57:08","modified_gmt":"2023-09-27T07:57:08","slug":"ulsike-1996-95-betula-tauschii","status":"publish","type":"page","link":"https:\/\/mustila.fi\/ru\/ulsike-1996-95-betula-tauschii\/","title":{"rendered":"Ulsike 1996: 95. Betula tauschii"},"content":{"rendered":"\n<p><em><small>Ulkomaisten kasvilajien menestymistutkimuksessa eli Ulsike-projektissa laadittiin vuosien 1992-1997 koelajeista kuvaukset. T\u00e4m\u00e4n sivun tiedot koskevat siten tietty\u00e4 koesiemener\u00e4\u00e4 ja ovat saattaneet p\u00e4ivitty\u00e4 mm. Ulsike-projektista saatujen kokemusten perusteella.<\/small><\/em><\/p>\n\n\n\n<p>koe-er\u00e4n tunnus: K09-95-286<\/p>\n\n\n\n<p>alkuper\u00e4: Sachalin, Yuzno-Sakhalinsk<br><br>Laji on kohtalaisesen paljon omaa rauduskoivuamme (<em>Betula pendula<\/em>) muistuttava maantieteellinen laji Koillis-Aasiasta.<br><br>Eri l\u00e4hdeteoksissa&nbsp;<em>B. tauschii<\/em>&nbsp;luetaan joko<em>&nbsp;Betula platyphylla<\/em>&nbsp;var.&nbsp;<em>japonican&nbsp;<\/em>alle tai lajiksi&nbsp;<em>A mandshurica&nbsp;<\/em>var<em>. japonica<\/em>.<br><br>N\u00e4ht\u00e4v\u00e4ksi j\u00e4\u00e4 tarjoaako laji muuta kuin puhtaasti botaanista ja taksonomista mielenkiintoa. Siemen it\u00e4\u00e4 nopeasti ilman esik\u00e4sittelyj\u00e4.<\/p>\n\n\n\n<h2 class=\"wp-block-heading\">Kasvin perustiedot<\/h2>\n\n\n\n<p>SukuBetulaLajiTauschii<\/p>\n\n\n\n<h2 class=\"wp-block-heading\">Keywords<\/h2>\n\n\n\n<ul class=\"wp-block-list\">\n<li>Ulsike<\/li>\n\n\n\n<li>1996<\/li>\n\n\n\n<li>Betula<\/li>\n\n\n\n<li>Betula tauschii<\/li>\n<\/ul>\n","protected":false},"excerpt":{"rendered":"<p>Ulkomaisten kasvilajien menestymistutkimuksessa eli Ulsike-projektissa laadittiin vuosien 1992-1997 koelajeista kuvaukset. T\u00e4m\u00e4n sivun tiedot koskevat siten tietty\u00e4 koesiemener\u00e4\u00e4 ja ovat saattaneet p\u00e4ivitty\u00e4 mm. Ulsike-projektista saatujen kokemusten perusteella. koe-er\u00e4n tunnus: K09-95-286 alkuper\u00e4: Sachalin, Yuzno-Sakhalinsk Laji on kohtalaisesen paljon omaa rauduskoivuamme (Betula pendula) muistuttava maantieteellinen laji Koillis-Aasiasta. Eri l\u00e4hdeteoksissa&nbsp;B. tauschii&nbsp;luetaan joko&nbsp;Betula platyphylla&nbsp;var.&nbsp;japonican&nbsp;alle tai lajiksi&nbsp;A mandshurica&nbsp;var. japonica. N\u00e4ht\u00e4v\u00e4ksi j\u00e4\u00e4 [&hellip;]<\/p>\n","protected":false},"author":1,"featured_media":0,"parent":0,"menu_order":0,"comment_status":"closed","ping_status":"closed","template":"","meta":{"iawp_total_views":0,"footnotes":""},"class_list":["post-17874","page","type-page","status-publish","hentry"],"_links":{"self":[{"href":"https:\/\/mustila.fi\/ru\/wp-json\/wp\/v2\/pages\/17874","targetHints":{"allow":["GET"]}}],"collection":[{"href":"https:\/\/mustila.fi\/ru\/wp-json\/wp\/v2\/pages"}],"about":[{"href":"https:\/\/mustila.fi\/ru\/wp-json\/wp\/v2\/types\/page"}],"author":[{"embeddable":true,"href":"https:\/\/mustila.fi\/ru\/wp-json\/wp\/v2\/users\/1"}],"replies":[{"embeddable":true,"href":"https:\/\/mustila.fi\/ru\/wp-json\/wp\/v2\/comments?post=17874"}],"version-history":[{"count":0,"href":"https:\/\/mustila.fi\/ru\/wp-json\/wp\/v2\/pages\/17874\/revisions"}],"wp:attachment":[{"href":"https:\/\/mustila.fi\/ru\/wp-json\/wp\/v2\/media?parent=17874"}],"curies":[{"name":"wp","href":"https:\/\/api.w.org\/{rel}","templated":true}]}}