{"id":17881,"date":"2023-09-27T08:01:35","date_gmt":"2023-09-27T08:01:35","guid":{"rendered":"https:\/\/mustila.fi\/?page_id=17881"},"modified":"2023-09-27T08:01:38","modified_gmt":"2023-09-27T08:01:38","slug":"ulsike-1996-98-betula-costata-koreankoivu","status":"publish","type":"page","link":"https:\/\/mustila.fi\/ru\/ulsike-1996-98-betula-costata-koreankoivu\/","title":{"rendered":"Ulsike 1996: 98. Betula costata &#8212; koreankoivu"},"content":{"rendered":"\n<p><em><small>Ulkomaisten kasvilajien menestymistutkimuksessa eli Ulsike-projektissa laadittiin vuosien 1992-1997 koelajeista kuvaukset. T\u00e4m\u00e4n sivun tiedot koskevat siten tietty\u00e4 koesiemener\u00e4\u00e4 ja ovat saattaneet p\u00e4ivitty\u00e4 mm. Ulsike-projektista saatujen kokemusten perusteella.<\/small><\/em><\/p>\n\n\n\n<p>koe-er\u00e4n tunnus: K04-94-1001<\/p>\n\n\n\n<p>alkuper\u00e4: Kiina, Jilin prov. Mt. Changbai 42 20\u2019N x 128 07\u2019E, 875 m m.p.y.<\/p>\n\n\n\n<p>Suurikokoinen koivulaji kasvaa Kiinassa parhaimmillaan 30-metriseksi kasvattaen jopa metrisen rungon. Paitsi ett\u00e4 laji on t\u00e4rke\u00e4 vaneri- ja huonekaluteollisuuden raaka-aine, mainitaan se my\u00f6s kauniiksi puistopuuksi. Levinneisyysalue on suhteellisen mantereinen ulottuen Koreasta Kiinaan sek\u00e4 Ven\u00e4j\u00e4ll\u00e4 l\u00e4helle Habarovskia.<\/p>\n\n\n\n<p>Kirjassaan &#171;Vihre\u00e4t j\u00e4ttil\u00e4iset, Suomen suurimmat puut&#187; Niilo Karhu kehuu Hiittisell\u00e4 Piktm\u00e4ell\u00e4 kasvavia kaunisrunkoisia koivulajin nuoria puuyksil\u00f6it\u00e4, jotka vuonna 1992 olivat 12-13,5 metri\u00e4 pitki\u00e4.<\/p>\n\n\n\n<p>Koivulla on pienet, pitkulaiset lehdet. Kuorien v\u00e4ri vaihtelee loistavan kellert\u00e4v\u00e4st\u00e4 kellanharmaaseen ja kellanruskeaan. Useiden muiden koivujen tapaan runko kuoriutuu ohuina levein\u00e4 tuohiluiskina. Vanhana puulle kasvaa huomiota her\u00e4tt\u00e4v\u00e4n paksu kaarna.<\/p>\n\n\n\n<p>Lajin siemenet kypsyv\u00e4t vasta syksyll\u00e4 syys-lokakuussa. Siemenet it\u00e4v\u00e4t heti ilman esik\u00e4sittelyj\u00e4.<br>&nbsp;<\/p>\n\n\n\n<h2 class=\"wp-block-heading\">Kasvin perustiedot<\/h2>\n\n\n\n<p>SukuBetulaLajiCostata<\/p>\n\n\n\n<h2 class=\"wp-block-heading\">Keywords<\/h2>\n\n\n\n<ul class=\"wp-block-list\">\n<li>Ulsike<\/li>\n\n\n\n<li>1996<\/li>\n\n\n\n<li>Lehtipuut ja -pensaat<\/li>\n\n\n\n<li>Betula<\/li>\n\n\n\n<li>Betula costata<\/li>\n<\/ul>\n","protected":false},"excerpt":{"rendered":"<p>Ulkomaisten kasvilajien menestymistutkimuksessa eli Ulsike-projektissa laadittiin vuosien 1992-1997 koelajeista kuvaukset. T\u00e4m\u00e4n sivun tiedot koskevat siten tietty\u00e4 koesiemener\u00e4\u00e4 ja ovat saattaneet p\u00e4ivitty\u00e4 mm. Ulsike-projektista saatujen kokemusten perusteella. koe-er\u00e4n tunnus: K04-94-1001 alkuper\u00e4: Kiina, Jilin prov. Mt. Changbai 42 20\u2019N x 128 07\u2019E, 875 m m.p.y. Suurikokoinen koivulaji kasvaa Kiinassa parhaimmillaan 30-metriseksi kasvattaen jopa metrisen rungon. Paitsi ett\u00e4 [&hellip;]<\/p>\n","protected":false},"author":1,"featured_media":0,"parent":0,"menu_order":0,"comment_status":"closed","ping_status":"closed","template":"","meta":{"iawp_total_views":1,"footnotes":""},"class_list":["post-17881","page","type-page","status-publish","hentry"],"_links":{"self":[{"href":"https:\/\/mustila.fi\/ru\/wp-json\/wp\/v2\/pages\/17881","targetHints":{"allow":["GET"]}}],"collection":[{"href":"https:\/\/mustila.fi\/ru\/wp-json\/wp\/v2\/pages"}],"about":[{"href":"https:\/\/mustila.fi\/ru\/wp-json\/wp\/v2\/types\/page"}],"author":[{"embeddable":true,"href":"https:\/\/mustila.fi\/ru\/wp-json\/wp\/v2\/users\/1"}],"replies":[{"embeddable":true,"href":"https:\/\/mustila.fi\/ru\/wp-json\/wp\/v2\/comments?post=17881"}],"version-history":[{"count":0,"href":"https:\/\/mustila.fi\/ru\/wp-json\/wp\/v2\/pages\/17881\/revisions"}],"wp:attachment":[{"href":"https:\/\/mustila.fi\/ru\/wp-json\/wp\/v2\/media?parent=17881"}],"curies":[{"name":"wp","href":"https:\/\/api.w.org\/{rel}","templated":true}]}}