{"id":17898,"date":"2023-09-27T08:12:11","date_gmt":"2023-09-27T08:12:11","guid":{"rendered":"https:\/\/mustila.fi\/?page_id=17898"},"modified":"2023-09-27T08:12:15","modified_gmt":"2023-09-27T08:12:15","slug":"ulsike-1997-105-tsuga-canadensis-kanadanhemlokki","status":"publish","type":"page","link":"https:\/\/mustila.fi\/ru\/ulsike-1997-105-tsuga-canadensis-kanadanhemlokki\/","title":{"rendered":"Ulsike 1997: 105. Tsuga canadensis &#8212; kanadanhemlokki"},"content":{"rendered":"\n<p><em><small>Ulkomaisten kasvilajien menestymistutkimuksessa eli Ulsike-projektissa laadittiin vuosien 1992-1997 koelajeista kuvaukset. T\u00e4m\u00e4n sivun tiedot koskevat siten tietty\u00e4 koesiemener\u00e4\u00e4 ja ovat saattaneet p\u00e4ivitty\u00e4 mm. Ulsike-projektista saatujen kokemusten perusteella.<\/small><\/em><\/p>\n\n\n\n<p>koe-er\u00e4n tunnus: K09-96-310<\/p>\n\n\n\n<p>alkuper\u00e4: Pointe-du-Lac, Quebec, Kanada 46\u00b0 05&#8217;N, 72\u00b040&#8217;W<br><br>Kanadanhemlokki kasvaa laajalla alueella Pohjois-Amerikan it\u00e4puoliskossa. Sen levinneisyysalue ulottuu Nova Scotiasta Suurten j\u00e4rvien l\u00e4nsipuolelle sek\u00e4 Appalakkien vuoristossa Georgian rajalle.<br><br>Puu kasvaa yleens\u00e4 sekapuuna, mutta sit\u00e4 tavataan my\u00f6s puhtaina metsik\u00f6in\u00e4. Kanadanhemlokki on aina varjostavan puuston alle syntyv\u00e4 varjopuu. Varttuneena kliimakspuuna siit\u00e4 kehittyy yleens\u00e4 noin 30 metrinen, nuokkuvalatvainen puu. Talouspuuna kanadanhemlokki on merkitt\u00e4v\u00e4 ja sit\u00e4 k\u00e4ytet\u00e4\u00e4n muiden hemlokkien tavoin sis\u00e4rakenteissa sek\u00e4 vaneri- ja paperiteollisuudessa. Keski-Euroopassa kanadanhemlokki on my\u00f6s suosittu koristepuu. Saksalainen koristekasviluettelo tuntee kanadanhemlokista 45 erilaista Euroopassa nykyisin myyt\u00e4v\u00e4\u00e4 lajiketta.<br><br>Kanadanhemlokki olisi sopivaa siement\u00e4 k\u00e4ytett\u00e4ess\u00e4 kaikkein kest\u00e4vin hemlokkilaji. Suomessa ei ole ilmeisesti kuitenkaan koskaan ollut tarjolla pohjoisiin oloihin soveltuvia kanadanhemlokkialkuperi\u00e4. Koeistutukset sek\u00e4 Mustilassa ett\u00e4 Mets\u00e4ntutkimuslaitoksen Solb\u00f6less\u00e4 ovat menestyneet hyvin ja talvehtineet ankarinakin talvina vain hyvin v\u00e4h\u00e4isin vaurioin.<br><br>K\u00e4sill\u00e4oleva koe-er\u00e4 on ker\u00e4tty l\u00e4helt\u00e4 lajin pohjoisrajaa, joten nyt tarjoutuu tilaisuus kokeilla lajin menestymist\u00e4 tunnetulla siemenalkuper\u00e4ll\u00e4.<br><br>Kanadanhemlokki haaroittuu ja pensastuu avonaisella paikalla kasvaessaan. T\u00e4st\u00e4 mahdollisesti johtuu, ett\u00e4 Suomeen istutetut kanadanhemlokit ovat niiden tyypillisest\u00e4 ulkomuodosta poiketen j\u00e4\u00e4neet meill\u00e4 suhteellisen pienikokoisiksi, leve\u00e4latvaisiksi puiksi.<br><br>Hemlokit it\u00e4v\u00e4t heti ilman kylm\u00e4k\u00e4sittely\u00e4. Puut tulee istuttaa suojaiselle paikalle kev\u00e4thallojen ja ahavavaurioiden v\u00e4ltt\u00e4miseksi.<\/p>\n\n\n\n<h2 class=\"wp-block-heading\">Kasvin perustiedot<\/h2>\n\n\n\n<p>SukuTsugaLajiCanadensis<\/p>\n\n\n\n<h2 class=\"wp-block-heading\">Keywords<\/h2>\n\n\n\n<ul class=\"wp-block-list\">\n<li><a href=\"https:\/\/mustila.fi\/ulsike_ulkomaisten_kasvilajien_menestymistutkimus\">U<\/a>l<a href=\"https:\/\/mustila.fi\/ulsike_ulkomaisten_kasvilajien_menestymistutkimus\">sike<\/a><\/li>\n\n\n\n<li>1997<\/li>\n\n\n\n<li>Tsuga<\/li>\n\n\n\n<li>Tsuga canadensis<\/li>\n<\/ul>\n","protected":false},"excerpt":{"rendered":"<p>Ulkomaisten kasvilajien menestymistutkimuksessa eli Ulsike-projektissa laadittiin vuosien 1992-1997 koelajeista kuvaukset. T\u00e4m\u00e4n sivun tiedot koskevat siten tietty\u00e4 koesiemener\u00e4\u00e4 ja ovat saattaneet p\u00e4ivitty\u00e4 mm. Ulsike-projektista saatujen kokemusten perusteella. koe-er\u00e4n tunnus: K09-96-310 alkuper\u00e4: Pointe-du-Lac, Quebec, Kanada 46\u00b0 05&#8217;N, 72\u00b040&#8217;W Kanadanhemlokki kasvaa laajalla alueella Pohjois-Amerikan it\u00e4puoliskossa. Sen levinneisyysalue ulottuu Nova Scotiasta Suurten j\u00e4rvien l\u00e4nsipuolelle sek\u00e4 Appalakkien vuoristossa Georgian rajalle. [&hellip;]<\/p>\n","protected":false},"author":1,"featured_media":0,"parent":0,"menu_order":0,"comment_status":"closed","ping_status":"closed","template":"","meta":{"iawp_total_views":1,"footnotes":""},"class_list":["post-17898","page","type-page","status-publish","hentry"],"_links":{"self":[{"href":"https:\/\/mustila.fi\/ru\/wp-json\/wp\/v2\/pages\/17898","targetHints":{"allow":["GET"]}}],"collection":[{"href":"https:\/\/mustila.fi\/ru\/wp-json\/wp\/v2\/pages"}],"about":[{"href":"https:\/\/mustila.fi\/ru\/wp-json\/wp\/v2\/types\/page"}],"author":[{"embeddable":true,"href":"https:\/\/mustila.fi\/ru\/wp-json\/wp\/v2\/users\/1"}],"replies":[{"embeddable":true,"href":"https:\/\/mustila.fi\/ru\/wp-json\/wp\/v2\/comments?post=17898"}],"version-history":[{"count":0,"href":"https:\/\/mustila.fi\/ru\/wp-json\/wp\/v2\/pages\/17898\/revisions"}],"wp:attachment":[{"href":"https:\/\/mustila.fi\/ru\/wp-json\/wp\/v2\/media?parent=17898"}],"curies":[{"name":"wp","href":"https:\/\/api.w.org\/{rel}","templated":true}]}}