{"id":17904,"date":"2023-09-27T08:18:54","date_gmt":"2023-09-27T08:18:54","guid":{"rendered":"https:\/\/mustila.fi\/?page_id=17904"},"modified":"2023-09-27T08:18:57","modified_gmt":"2023-09-27T08:18:57","slug":"ulsike-1997-108-juniperus-virginiana-kynakataja","status":"publish","type":"page","link":"https:\/\/mustila.fi\/ru\/ulsike-1997-108-juniperus-virginiana-kynakataja\/","title":{"rendered":"Ulsike 1997: 108. Juniperus virginiana &#8212; kyn\u00e4kataja"},"content":{"rendered":"\n<p><em><small>Ulkomaisten kasvilajien menestymistutkimuksessa eli Ulsike-projektissa laadittiin vuosien 1992-1997 koelajeista kuvaukset. T\u00e4m\u00e4n sivun tiedot koskevat siten tietty\u00e4 koesiemener\u00e4\u00e4 ja ovat saattaneet p\u00e4ivitty\u00e4 mm. Ulsike-projektista saatujen kokemusten perusteella.<\/small><\/em><\/p>\n\n\n\n<p>koe-er\u00e4n tunnus: K09-96-396<\/p>\n\n\n\n<p>alkuper\u00e4: Cedar Beach, Vermont, USA 44\u00b020\u2019 N, 7301 O\u2019W<\/p>\n\n\n\n<p>Kyn\u00e4kataja on yksi Pohjois-Amerikan yli kymmenest\u00e4 luonnonvaraisesta katajalajista. Se on kotoisin USA:n keski- ja it\u00e4osista ja on melko etel\u00e4inen laji. Kasvualueen luontainen pohjoisraja kulkee Etel\u00e4-Dakotasta Suurten j\u00e4rvien alueen etel\u00e4osien it\u00e4\u00e4n saavuttaen Atlantin rannikon New Hampshiren etel\u00e4osan korkeudella. Etel\u00e4ss\u00e4 kyn\u00e4kataja kasvaa l\u00e4hes Meksikonlahdella saakka.<br>&nbsp;<br>Kyn\u00e4kataja on voimakkaasti muunteleva laji, kuten meid\u00e4n oma katajammekin. N\u00e4in ollen sen kasvutapa vaihtelee pensasmaisesta jopa 18 metrin pituiseen puuhun. Kyn\u00e4kataja on hyvin yleinen koristekasvi Euroopassa ja Pohjois-Amerikassa, ja siit\u00e4 tunnetaan lukemattomia pistokaslis\u00e4ttyj\u00e4 koristelajikkeita.<\/p>\n\n\n\n<p>Kyn\u00e4katajan nuoret lehdet ovat neulasmaisia, mutta muuttuvat vanhemmiten suomumaisiksi. Laji on yleens\u00e4 kaksikotinen, joten \u201cmarjojen\u201d syntyminen edellytt\u00e4\u00e4 sek\u00e4 emi- ett\u00e4 hedeyksil\u00f6n l\u00e4sn\u00e4oloa. Kyn\u00e4katajan \u201cmarjat\u201d muistuttavat niin kooltaan kuin v\u00e4ritykselt\u00e4\u00e4nkin meik\u00e4l\u00e4ist\u00e4 katajaa ja kypsyv\u00e4t my\u00f6s vasta kahden kasvukauden j\u00e4lkeen kukkimisesta.<\/p>\n\n\n\n<p>Kyn\u00e4katajan siemen tarvitsee it\u00e4\u00e4kseen pitk\u00e4hk\u00f6n kylm\u00e4k\u00e4sittelyn. Nyt kev\u00e4\u00e4ll\u00e4 tai syksyll\u00e4 kylvetyn siemenen voidaan odottaa it\u00e4v\u00e4n seuraavana kev\u00e4\u00e4n\u00e4. Laji viihtyy hyvin monenlaisilla kasvupaikoilla, kunhan maaper\u00e4 ei ole liian tiivis tai m\u00e4rk\u00e4. Luontaisilla kasvualueillaan se karttaa kaikkein kalkkipitoisimpia maita.<\/p>\n\n\n\n<p>Vuonna 1993 ker\u00e4simme siemeni\u00e4 lajin l\u00e4ntiselt\u00e4 pohjoisrajalta Chanhassenista Minnesotasta. On mielenkiintoista verrata n\u00e4iden siemenerien menestymist\u00e4. Suomessa on tietoa lajin menestymisest\u00e4 ainakin I-ja II- vy\u00f6hykkeill\u00e4, mutta parhaiden alkuperien voisi olettaa menestyv\u00e4n hieman t\u00e4t\u00e4 pohjoisempanakin.<br>&nbsp;<\/p>\n\n\n\n<h2 class=\"wp-block-heading\">Kasvin perustiedot<\/h2>\n\n\n\n<p>SukuJuniperusLajiVirginiana<\/p>\n\n\n\n<h2 class=\"wp-block-heading\">Keywords<\/h2>\n\n\n\n<ul class=\"wp-block-list\">\n<li>Ulsike<\/li>\n\n\n\n<li>1997<\/li>\n\n\n\n<li>Havupuut<\/li>\n\n\n\n<li>Juniperus<\/li>\n\n\n\n<li>Juniperus virginiana<\/li>\n<\/ul>\n","protected":false},"excerpt":{"rendered":"<p>Ulkomaisten kasvilajien menestymistutkimuksessa eli Ulsike-projektissa laadittiin vuosien 1992-1997 koelajeista kuvaukset. T\u00e4m\u00e4n sivun tiedot koskevat siten tietty\u00e4 koesiemener\u00e4\u00e4 ja ovat saattaneet p\u00e4ivitty\u00e4 mm. Ulsike-projektista saatujen kokemusten perusteella. koe-er\u00e4n tunnus: K09-96-396 alkuper\u00e4: Cedar Beach, Vermont, USA 44\u00b020\u2019 N, 7301 O\u2019W Kyn\u00e4kataja on yksi Pohjois-Amerikan yli kymmenest\u00e4 luonnonvaraisesta katajalajista. Se on kotoisin USA:n keski- ja it\u00e4osista ja on [&hellip;]<\/p>\n","protected":false},"author":1,"featured_media":0,"parent":0,"menu_order":0,"comment_status":"closed","ping_status":"closed","template":"","meta":{"iawp_total_views":6,"footnotes":""},"class_list":["post-17904","page","type-page","status-publish","hentry"],"_links":{"self":[{"href":"https:\/\/mustila.fi\/ru\/wp-json\/wp\/v2\/pages\/17904","targetHints":{"allow":["GET"]}}],"collection":[{"href":"https:\/\/mustila.fi\/ru\/wp-json\/wp\/v2\/pages"}],"about":[{"href":"https:\/\/mustila.fi\/ru\/wp-json\/wp\/v2\/types\/page"}],"author":[{"embeddable":true,"href":"https:\/\/mustila.fi\/ru\/wp-json\/wp\/v2\/users\/1"}],"replies":[{"embeddable":true,"href":"https:\/\/mustila.fi\/ru\/wp-json\/wp\/v2\/comments?post=17904"}],"version-history":[{"count":0,"href":"https:\/\/mustila.fi\/ru\/wp-json\/wp\/v2\/pages\/17904\/revisions"}],"wp:attachment":[{"href":"https:\/\/mustila.fi\/ru\/wp-json\/wp\/v2\/media?parent=17904"}],"curies":[{"name":"wp","href":"https:\/\/api.w.org\/{rel}","templated":true}]}}