{"id":17906,"date":"2023-09-27T08:21:09","date_gmt":"2023-09-27T08:21:09","guid":{"rendered":"https:\/\/mustila.fi\/?page_id=17906"},"modified":"2023-09-27T08:21:13","modified_gmt":"2023-09-27T08:21:13","slug":"ulsike-1997-109-tsuga-mertensiana-vuorihemlokki","status":"publish","type":"page","link":"https:\/\/mustila.fi\/ru\/ulsike-1997-109-tsuga-mertensiana-vuorihemlokki\/","title":{"rendered":"Ulsike 1997: 109. Tsuga mertensiana &#8212; vuorihemlokki"},"content":{"rendered":"\n<p><em><small>Ulkomaisten kasvilajien menestymistutkimuksessa eli Ulsike-projektissa laadittiin vuosien 1992-1997 koelajeista kuvaukset. T\u00e4m\u00e4n sivun tiedot koskevat siten tietty\u00e4 koesiemener\u00e4\u00e4 ja ovat saattaneet p\u00e4ivitty\u00e4 mm. Ulsike-projektista saatujen kokemusten perusteella.<\/small><\/em><\/p>\n\n\n\n<p>koe-er\u00e4n tunnus: K09-97-410<\/p>\n\n\n\n<p>alkuper\u00e4: Reveistoke, British Coiumbia, Kanada 51\u00b000&#8217;N,118\u00b000&#8217;W<br><br>Vuorihemlokki on Pohjois-Amerikan l\u00e4nsiosien vuoristojen yl\u00e4rinteiden puulaji, jonka levinneisyysalue ulottuu Alaskan rannikolta alas Kaliforniaan. Brittil\u00e4isen Kolumbian etel\u00e4osissa kasvupaikat sijaitsevat 900-1 800 metrin korkeudella. Kaikki hemlokkilajit ovat Suomessa harvinaisesti viljeltyj\u00e4 ja niit\u00e4 pidet\u00e4\u00e4n usein liian arkoina jopa Etel\u00e4-Suomen ilmastoon. Hemlokkien viljelyn vaikeus ei kuitenkaan pelk\u00e4st\u00e4\u00e4n ole johtunut niiden suhteellisen huonosta talvenkestosta, vaan usein ongelmista, mit\u00e4 liian avoimet kasvipaikat ovat ahavanaroille taimille aiheuttaneet. Monet hemlokinviljely-yritykset ovat p\u00e4\u00e4ttyneet my\u00f6s myyrien suihin. My\u00f6s maailmalla vuorihemlokkia on viljelty suhteellisen v\u00e4h\u00e4n koristepuuna, ja mets\u00e4puuna ei ilmeisesti lainkaan.<br><br>Vuorihemlokki on hidaskavuinen, mutta kasvaa vanhaksi ja on parhaimmillaan saavuttanut jopa 46 metrin pituuden. Muista hemlokkilajeista vuorihemlokki on helppo erottaa sen katajamaisesti siirottavien neulasten sek\u00e4 pitk\u00e4nomaisen k\u00e4vyn avulla. Puun latva nuokkuu muiden hemlokkien tapaan.<br><br>Mustilassa on hyv\u00e4kuntoinen pieni vuorihemlokkimetsikk\u00f6. Puut k\u00e4rsiv\u00e4t pieni\u00e4 vaurioita 80- luvun pakkastalvina ja muutama pahiten vaurioitunut puu jouduttiin t\u00e4ll\u00f6in poistamaan. 10-13 metriset puut aloittelevat nyt siementuotantoaan, mutta toistaiseksi it\u00e4v\u00e4\u00e4 siement\u00e4 ei ole saatu puista ker\u00e4tty\u00e4.<br><br>K\u00e4sill\u00e4oleva koealkuper\u00e4 on kotoisin l\u00e4helt\u00e4 lajin levinneisyysalueen mantereisen osan pohjoisrajaa ja saattaa hyvinkin edustaa teoriassa l\u00e4hes parasta mahdollista alkuper\u00e4\u00e4. Mustilan kokemusten rohkaisemina uskommekin, ett\u00e4 kyseinen alkuper\u00e4 menestyy ainakin viel\u00e4 III-vy\u00f6hykkeell\u00e4, mik\u00e4li kasvupaikka vain on suojainen.<br><br>Vuorihemlokki kest\u00e4\u00e4 muiden hemlokkien tavoin voimakastakin varjoa. Emme tied\u00e4 onko laji yht\u00e4 suurta myyrien herkkua kuin l\u00e4nnenhemlokki (<em>Tsuga heterophylla<\/em>), mutta myyrien aiheuttama vaara tulee ottaa vakavasti. Kapeakasvuinen ja tuuhea laji olisi hyvin menestyess\u00e4\u00e4n eritt\u00e4in vieh\u00e4tt\u00e4v\u00e4 koristepuu.<\/p>\n\n\n\n<h2 class=\"wp-block-heading\">Kasvin perustiedot<\/h2>\n\n\n\n<p>SukuTsugaLajiMertensiana<\/p>\n\n\n\n<h2 class=\"wp-block-heading\">Keywords<\/h2>\n\n\n\n<ul class=\"wp-block-list\">\n<li>Ulsike<\/li>\n\n\n\n<li>1997<\/li>\n\n\n\n<li>Tsuga<\/li>\n\n\n\n<li>Tsuga mertensiana<\/li>\n<\/ul>\n","protected":false},"excerpt":{"rendered":"<p>Ulkomaisten kasvilajien menestymistutkimuksessa eli Ulsike-projektissa laadittiin vuosien 1992-1997 koelajeista kuvaukset. T\u00e4m\u00e4n sivun tiedot koskevat siten tietty\u00e4 koesiemener\u00e4\u00e4 ja ovat saattaneet p\u00e4ivitty\u00e4 mm. Ulsike-projektista saatujen kokemusten perusteella. koe-er\u00e4n tunnus: K09-97-410 alkuper\u00e4: Reveistoke, British Coiumbia, Kanada 51\u00b000&#8217;N,118\u00b000&#8217;W Vuorihemlokki on Pohjois-Amerikan l\u00e4nsiosien vuoristojen yl\u00e4rinteiden puulaji, jonka levinneisyysalue ulottuu Alaskan rannikolta alas Kaliforniaan. Brittil\u00e4isen Kolumbian etel\u00e4osissa kasvupaikat sijaitsevat 900-1 [&hellip;]<\/p>\n","protected":false},"author":1,"featured_media":0,"parent":0,"menu_order":0,"comment_status":"closed","ping_status":"closed","template":"","meta":{"iawp_total_views":4,"footnotes":""},"class_list":["post-17906","page","type-page","status-publish","hentry"],"_links":{"self":[{"href":"https:\/\/mustila.fi\/ru\/wp-json\/wp\/v2\/pages\/17906","targetHints":{"allow":["GET"]}}],"collection":[{"href":"https:\/\/mustila.fi\/ru\/wp-json\/wp\/v2\/pages"}],"about":[{"href":"https:\/\/mustila.fi\/ru\/wp-json\/wp\/v2\/types\/page"}],"author":[{"embeddable":true,"href":"https:\/\/mustila.fi\/ru\/wp-json\/wp\/v2\/users\/1"}],"replies":[{"embeddable":true,"href":"https:\/\/mustila.fi\/ru\/wp-json\/wp\/v2\/comments?post=17906"}],"version-history":[{"count":0,"href":"https:\/\/mustila.fi\/ru\/wp-json\/wp\/v2\/pages\/17906\/revisions"}],"wp:attachment":[{"href":"https:\/\/mustila.fi\/ru\/wp-json\/wp\/v2\/media?parent=17906"}],"curies":[{"name":"wp","href":"https:\/\/api.w.org\/{rel}","templated":true}]}}