{"id":17919,"date":"2023-09-27T08:36:32","date_gmt":"2023-09-27T08:36:32","guid":{"rendered":"https:\/\/mustila.fi\/?page_id=17919"},"modified":"2023-09-27T08:36:36","modified_gmt":"2023-09-27T08:36:36","slug":"ulsike-1997-115-prunus-triloba-ruusumanteli","status":"publish","type":"page","link":"https:\/\/mustila.fi\/ru\/ulsike-1997-115-prunus-triloba-ruusumanteli\/","title":{"rendered":"Ulsike 1997: 115. Prunus triloba &#8212; ruusumanteli"},"content":{"rendered":"\n<p><em><small>Ulkomaisten kasvilajien menestymistutkimuksessa eli Ulsike-projektissa laadittiin vuosien 1992-1997 koelajeista kuvaukset. T\u00e4m\u00e4n sivun tiedot koskevat siten tietty\u00e4 koesiemener\u00e4\u00e4 ja ovat saattaneet p\u00e4ivitty\u00e4 mm. Ulsike-projektista saatujen kokemusten perusteella.<\/small><\/em><\/p>\n\n\n\n<p>koe-er\u00e4n tunnus: K09-97-468<\/p>\n\n\n\n<p>alkuper\u00e4: tuntematon<\/p>\n\n\n\n<p>Ruusumanteli on kotoisin Kiinan keskiosista. Laji kuvattiin tieteelle vasta runsaat sata vuotta sitten, mutta Kiinassa sit\u00e4 on viljelty koristekasvina hyvin kauan ja varsinkin sen kerrannaiskukkaisesta muodosta &#8216;<em>Plena<\/em>&#8216; tai var.&nbsp;<em>multiplex&nbsp;<\/em>on tullut hyvin suosittu puutarhoissa ymp\u00e4ri maailman.<\/p>\n\n\n\n<p>Ruusumanteli on luontaisilla kasvualueillaan pieni puu tai pensas, joka saavuttaa n. 5 metrin korkeuden. Meill\u00e4 se on yleens\u00e4 j\u00e4\u00e4nyt pienemm\u00e4ksi, 1-2 m mittaiseksi pensaaksi. Ruusumanteli on yleens\u00e4 vartettu johonkin toiseen lajiin, ja nyt tarjoutuu tilaisuus kokeilla jalojuuristen yksil\u00f6iden kest\u00e4vyytt\u00e4. Meill\u00e4 lajia on totuttu pit\u00e4m\u00e4\u00e4n hyvin arkana, mutta ilman kokeilua todellisia viljelyrajoja ei saada tiet\u00e4\u00e4.<\/p>\n\n\n\n<p>Ruusumanteli kukkii kes\u00e4kuun alkup\u00e4ivin\u00e4 lehtien puhjettua vaaleanpunaisin kukin. Lajin hedelm\u00e4 on punainen 1 -1,5 cm mittainen karvainen marja, joka ei ole sy\u00f6t\u00e4v\u00e4. Nyt kokeiltavana on nimilaji, jonka kukat ovat yksinkertaiset.<\/p>\n\n\n\n<p>Lajin kasvupaikaksi on syyt\u00e4 valita l\u00e4mmin ja suojaisa sek\u00e4 valoisa kohta pihalta tai puutarhasta, miksei my\u00f6s esimerkiksi mets\u00e4n reunasta. Kasvualustan on oltava syv\u00e4multainen ja rehev\u00e4, kuten mille tahansa puutarhan hedelm\u00e4puulle. Siemen on tullut Mustilaan k\u00e4sittelem\u00e4tt\u00f6m\u00e4n\u00e4 ja vaatii it\u00e4\u00e4kseen 3 &#8212; 4 kk. kylm\u00e4k\u00e4sittelyjakson. N\u00e4in ollen siementen oletetaan it\u00e4v\u00e4n kylv\u00f6\u00e4 seuraavana kev\u00e4\u00e4n\u00e4.<\/p>\n\n\n\n<h2 class=\"wp-block-heading\">Kasvin perustiedot<\/h2>\n\n\n\n<p>SukuPrunusLajiTriloba<\/p>\n\n\n\n<h2 class=\"wp-block-heading\">Keywords<\/h2>\n\n\n\n<ul class=\"wp-block-list\">\n<li>Ulsike<\/li>\n\n\n\n<li>1997<\/li>\n\n\n\n<li>Prunus<\/li>\n\n\n\n<li>Prunus triloba<\/li>\n<\/ul>\n","protected":false},"excerpt":{"rendered":"<p>Ulkomaisten kasvilajien menestymistutkimuksessa eli Ulsike-projektissa laadittiin vuosien 1992-1997 koelajeista kuvaukset. T\u00e4m\u00e4n sivun tiedot koskevat siten tietty\u00e4 koesiemener\u00e4\u00e4 ja ovat saattaneet p\u00e4ivitty\u00e4 mm. Ulsike-projektista saatujen kokemusten perusteella. koe-er\u00e4n tunnus: K09-97-468 alkuper\u00e4: tuntematon Ruusumanteli on kotoisin Kiinan keskiosista. Laji kuvattiin tieteelle vasta runsaat sata vuotta sitten, mutta Kiinassa sit\u00e4 on viljelty koristekasvina hyvin kauan ja varsinkin sen [&hellip;]<\/p>\n","protected":false},"author":1,"featured_media":0,"parent":0,"menu_order":0,"comment_status":"closed","ping_status":"closed","template":"","meta":{"iawp_total_views":42,"footnotes":""},"class_list":["post-17919","page","type-page","status-publish","hentry"],"_links":{"self":[{"href":"https:\/\/mustila.fi\/ru\/wp-json\/wp\/v2\/pages\/17919","targetHints":{"allow":["GET"]}}],"collection":[{"href":"https:\/\/mustila.fi\/ru\/wp-json\/wp\/v2\/pages"}],"about":[{"href":"https:\/\/mustila.fi\/ru\/wp-json\/wp\/v2\/types\/page"}],"author":[{"embeddable":true,"href":"https:\/\/mustila.fi\/ru\/wp-json\/wp\/v2\/users\/1"}],"replies":[{"embeddable":true,"href":"https:\/\/mustila.fi\/ru\/wp-json\/wp\/v2\/comments?post=17919"}],"version-history":[{"count":0,"href":"https:\/\/mustila.fi\/ru\/wp-json\/wp\/v2\/pages\/17919\/revisions"}],"wp:attachment":[{"href":"https:\/\/mustila.fi\/ru\/wp-json\/wp\/v2\/media?parent=17919"}],"curies":[{"name":"wp","href":"https:\/\/api.w.org\/{rel}","templated":true}]}}