{"id":18241,"date":"2024-02-22T11:30:20","date_gmt":"2024-02-22T11:30:20","guid":{"rendered":"https:\/\/mustila.fi\/?page_id=18241"},"modified":"2024-02-22T11:30:22","modified_gmt":"2024-02-22T11:30:22","slug":"istutusrekisteri","status":"publish","type":"page","link":"https:\/\/mustila.fi\/ru\/istutusrekisteri\/","title":{"rendered":"Istutusrekisteri"},"content":{"rendered":"\n<p>Arboretum Mustilan istutuksista on tietoa koko arboretumin olemassaolon ajalta. Tiedon taltioinnin m\u00e4\u00e4r\u00e4 ja tavat ovat vaihdelleet henkil\u00f6iden, aikakausien ja prioriteettien mukaan.<\/p>\n\n\n\n<p>Arboretumin perustaja A. F. Tigerstedt dokumentoi ensimm\u00e4isten 20 vuoden havupuukokeet huolellisesti kirjaansa Mustilan Kotikunnas (WSOY 1922), mutta lehtipuukokeista h\u00e4n ehti kirjoittaa vain ensimm\u00e4iset sivut. A. F. Tigerstedtin ajalta on my\u00f6s per\u00e4isin ainoa koko arboretumin istutukset kattava kartta, joka liittyy ensimm\u00e4iseen Mustilan opaskirjaan vuodelta 1925.<\/p>\n\n\n\n<p>C. G. Tigerstedtin aikana istutukset laajenivat lehtipuihin ja -pensaisiin sek\u00e4 perennoihin, mutta tuolta aikakaudelta on kirjeenvaihdon lis\u00e4ksi s\u00e4ilynyt l\u00e4hinn\u00e4 mets\u00e4nistutuksiin liittynytt\u00e4 yksityiskohtaista kirjanpitoa. Professori Max Hagman vei t\u00e4m\u00e4n datan my\u00f6s aikansa huipputeknologiaa edustaneeseen reik\u00e4kortistoon, jota nykyisin en\u00e4\u00e4 harva osaa k\u00e4ytt\u00e4\u00e4.<\/p>\n\n\n\n<p>Istutusdokumentaation osalta 1960- ja 1970-luku edustaisi jonkinlaista Mustilan pime\u00e4\u00e4 keskiaikaa, ellei tuon aikakauden lopusta olisi olemassa Peter M. A. Tigerstedtin toimittama, tieteellisess\u00e4 sarjassa englanniksi 1986 ilmestynyt kohdeselostekirjanen. Kun t\u00e4h\u00e4n yhdistet\u00e4\u00e4n Tigerstedtin ja Marjatta Uosukaisen Puutarha-lehdess\u00e4 ilmestynyt artikkelisarjaan Arboretum Mustila: parhaiten menestyneet kasvit, on mahdollista muodostaa varsin tarkka kuva arboretumin istutusten tilasta ennen 1980-luvun puoliv\u00e4lin suuria pakkastalvia.<\/p>\n\n\n\n<p>S\u00e4\u00e4ti\u00f6n aikana istutukset alkoivat uudelleen vuonna 1987, ja tuosta vuodesta l\u00e4htien kustakin istutuksesta on (periaatteessa) olemassa yksityiskohtainen kartta ja kuvaus. Kartoissa on kuitenkin viel\u00e4 paljon puutteita. Kaikki istutukset vuodesta 1987 t\u00e4h\u00e4n p\u00e4iv\u00e4\u00e4n asti on listattuna isossa Excel-taulukossa, joka on kehittynyt jonkinlaiseksi suureksi avaimeksi s\u00e4\u00e4ti\u00f6n aikaisille istutustiedoille, samaan tapaan kuin siemen- ja taimirekisteri on kehittynyt arboretumin kaikki kasvatetut ja myydyt er\u00e4t sis\u00e4lt\u00e4v\u00e4ksi alkuper\u00e4tietorekisteriksi.<\/p>\n\n\n\n<p>Siemenrekisteriin p\u00e4\u00e4see tutustumaan <strong><u>siemenrekisterin sivulla<\/u> [linkki]<\/strong>. Istutusdata ei ole t\u00e4ll\u00e4 hetkell\u00e4 vastaavaan tapaan ladattavissa, mutta siihen on mahdollista p\u00e4\u00e4st\u00e4 tutkimusmieless\u00e4 perehtym\u00e4\u00e4n ottamalla yhteytt\u00e4 arboretumiin.<\/p>\n\n\n\n<p>Suurelle yleis\u00f6lle istutusrekisterill\u00e4 on vain v\u00e4h\u00e4n annettavaa, sill\u00e4 istutusdatan m\u00e4\u00e4r\u00e4 on valtava (yli 6000 istutusta). Paras tapa p\u00e4\u00e4st\u00e4 sis\u00e4lle arboretumin istutuksiin ovatkin kohdeselostekirjaset, joiden tyyli vaihtelee tieteellisist\u00e4 julkaisuista populaareihin kuvitettuihin opaskirjoihin, ja joita on tasaisin v\u00e4lein ilmestynyt jatkumo vuodesta 1953 l\u00e4htien, jopa niin, ett\u00e4 samat kohdenumerot on p\u00e4\u00e4osin s\u00e4ilytetty. Viimeisimm\u00e4st\u00e4 opaskirjasta on nyt yli 10 vuotta, ja arboretumissa tapahtunut sen j\u00e4lkeen paljon muutoksia. Uusi, aiempia perusteellisempi istutusseloste odottaa t\u00e4ll\u00e4 hetkell\u00e4 rahoitusta.<\/p>\n","protected":false},"excerpt":{"rendered":"<p>Arboretum Mustilan istutuksista on tietoa koko arboretumin olemassaolon ajalta. Tiedon taltioinnin m\u00e4\u00e4r\u00e4 ja tavat ovat vaihdelleet henkil\u00f6iden, aikakausien ja prioriteettien mukaan. Arboretumin perustaja A. F. Tigerstedt dokumentoi ensimm\u00e4isten 20 vuoden havupuukokeet huolellisesti kirjaansa Mustilan Kotikunnas (WSOY 1922), mutta lehtipuukokeista h\u00e4n ehti kirjoittaa vain ensimm\u00e4iset sivut. A. F. Tigerstedtin ajalta on my\u00f6s per\u00e4isin ainoa koko arboretumin [&hellip;]<\/p>\n","protected":false},"author":2,"featured_media":0,"parent":0,"menu_order":0,"comment_status":"closed","ping_status":"closed","template":"","meta":{"iawp_total_views":155,"footnotes":""},"class_list":["post-18241","page","type-page","status-publish","hentry"],"_links":{"self":[{"href":"https:\/\/mustila.fi\/ru\/wp-json\/wp\/v2\/pages\/18241","targetHints":{"allow":["GET"]}}],"collection":[{"href":"https:\/\/mustila.fi\/ru\/wp-json\/wp\/v2\/pages"}],"about":[{"href":"https:\/\/mustila.fi\/ru\/wp-json\/wp\/v2\/types\/page"}],"author":[{"embeddable":true,"href":"https:\/\/mustila.fi\/ru\/wp-json\/wp\/v2\/users\/2"}],"replies":[{"embeddable":true,"href":"https:\/\/mustila.fi\/ru\/wp-json\/wp\/v2\/comments?post=18241"}],"version-history":[{"count":0,"href":"https:\/\/mustila.fi\/ru\/wp-json\/wp\/v2\/pages\/18241\/revisions"}],"wp:attachment":[{"href":"https:\/\/mustila.fi\/ru\/wp-json\/wp\/v2\/media?parent=18241"}],"curies":[{"name":"wp","href":"https:\/\/api.w.org\/{rel}","templated":true}]}}