{"id":18247,"date":"2025-04-24T18:34:00","date_gmt":"2025-04-24T18:34:00","guid":{"rendered":"https:\/\/mustila.fi\/?page_id=18247"},"modified":"2025-04-24T22:08:46","modified_gmt":"2025-04-24T22:08:46","slug":"mustilan-kaupunkikasviopas","status":"publish","type":"page","link":"https:\/\/mustila.fi\/ru\/mustilan-kaupunkikasviopas\/","title":{"rendered":"Mustilan kaupunkikasviopas"},"content":{"rendered":"\n<p>Uusien kaupunkikasvien etsint\u00e4 nousi Mustilan koetoiminnan ytimeen 2010-luvulla. Syit\u00e4 t\u00e4h\u00e4n on monia: yht\u00e4\u00e4lt\u00e4 Mustilan kasvien soveltuvuudessa juuri viherrakentamiseen, toisaalta julkisen viherrakentamisen monipuolistamisen tarpeessa. Merkitt\u00e4v\u00e4 askel t\u00e4ss\u00e4 oli 2014 yhteisty\u00f6hanke Helsingin kaupungin kanssa. Samankaltaiset hankkeet on sittemmin k\u00e4ynnistetty Tampereen ja Jyv\u00e4skyl\u00e4n kaupunkien kanssa. Lis\u00e4ksi Mustilalla on pienempimuotoista mutta jo pitk\u00e4aikaista yhteisty\u00f6t\u00e4 mm. Hangon, Loviisan, Raision ja Turun kaupunkien kanssa.<\/p>\n\n\n\n<p>Yhteisty\u00f6 on her\u00e4tt\u00e4nyt paljon kiinnostusta, ja t\u00e4lle sivulle on tarkoitus ker\u00e4t\u00e4 tietopankki arboretumin lupaavista tai jo hyv\u00e4ksi todetuista uusista kaupunkikasveista. Arboretumin t\u00f6iden ruuhkautumisen vuoksi ensimm\u00e4inen versio kaupunkikasvioppaasta ilmestyy aikaisintaan vuonna 2026. <\/p>\n\n\n\n<p>Yhteisty\u00f6hankkeeseen Helsingin kaupungin kanssa p\u00e4\u00e4see parhaiten tutustumaan t\u00e4ss\u00e4 linkiss\u00e4 olevasta <strong><u><a href=\"https:\/\/www.hel.fi\/static\/liitteet\/kaupunkiymparisto\/julkaisut\/aineistot\/aineistoja-06-23.pdf\" target=\"_blank\" rel=\"noreferrer noopener\">loppuraportista<\/a><\/u><\/strong><\/p>\n\n\n\n<p>Uuden yhteisty\u00f6hankkeen k\u00e4ynnist\u00e4misest\u00e4 kiinnostuneita pyydet\u00e4\u00e4n ottamaan yhteytt\u00e4 suoraan toiminnanjohtaja Jukka Reinikaiseen, puh. 0400 652298.<\/p>\n","protected":false},"excerpt":{"rendered":"<p>Uusien kaupunkikasvien etsint\u00e4 nousi Mustilan koetoiminnan ytimeen 2010-luvulla. Syit\u00e4 t\u00e4h\u00e4n on monia: yht\u00e4\u00e4lt\u00e4 Mustilan kasvien soveltuvuudessa juuri viherrakentamiseen, toisaalta julkisen viherrakentamisen monipuolistamisen tarpeessa. Merkitt\u00e4v\u00e4 askel t\u00e4ss\u00e4 oli 2014 yhteisty\u00f6hanke Helsingin kaupungin kanssa. Samankaltaiset hankkeet on sittemmin k\u00e4ynnistetty Tampereen ja Jyv\u00e4skyl\u00e4n kaupunkien kanssa. Lis\u00e4ksi Mustilalla on pienempimuotoista mutta jo pitk\u00e4aikaista yhteisty\u00f6t\u00e4 mm. Hangon, Loviisan, Raision ja [&hellip;]<\/p>\n","protected":false},"author":9,"featured_media":0,"parent":0,"menu_order":0,"comment_status":"closed","ping_status":"closed","template":"","meta":{"iawp_total_views":128,"footnotes":""},"class_list":["post-18247","page","type-page","status-publish","hentry"],"_links":{"self":[{"href":"https:\/\/mustila.fi\/ru\/wp-json\/wp\/v2\/pages\/18247","targetHints":{"allow":["GET"]}}],"collection":[{"href":"https:\/\/mustila.fi\/ru\/wp-json\/wp\/v2\/pages"}],"about":[{"href":"https:\/\/mustila.fi\/ru\/wp-json\/wp\/v2\/types\/page"}],"author":[{"embeddable":true,"href":"https:\/\/mustila.fi\/ru\/wp-json\/wp\/v2\/users\/9"}],"replies":[{"embeddable":true,"href":"https:\/\/mustila.fi\/ru\/wp-json\/wp\/v2\/comments?post=18247"}],"version-history":[{"count":0,"href":"https:\/\/mustila.fi\/ru\/wp-json\/wp\/v2\/pages\/18247\/revisions"}],"wp:attachment":[{"href":"https:\/\/mustila.fi\/ru\/wp-json\/wp\/v2\/media?parent=18247"}],"curies":[{"name":"wp","href":"https:\/\/api.w.org\/{rel}","templated":true}]}}