{"id":18257,"date":"2024-02-22T12:09:06","date_gmt":"2024-02-22T12:09:06","guid":{"rendered":"https:\/\/mustila.fi\/?page_id=18257"},"modified":"2024-02-22T12:09:08","modified_gmt":"2024-02-22T12:09:08","slug":"siemenkeruumatkat","status":"publish","type":"page","link":"https:\/\/mustila.fi\/ru\/siemenkeruumatkat\/","title":{"rendered":"Siemenkeruumatkat"},"content":{"rendered":"\n<p>Siemenkeruumatkat eiv\u00e4t ole Arboretum Mustilan ydintoimintaa, mutta matkat ovat usein merkitt\u00e4v\u00e4 tai jopa ainoa tapa hankkia siemeni\u00e4 tarkalleen tietyilt\u00e4 alkuper\u00e4alueilta. Lis\u00e4ksi niiden yhteydess\u00e4 solmitaan t\u00e4rkeit\u00e4 kontakteja. Arboretum Mustila on j\u00e4rjest\u00e4nyt historiansa aikana itse viisi siemenkeruumatkaa:<\/p>\n\n\n\n<p><strong>1993 Suurten j\u00e4rvien alueelle Pohjois-Amerikkaan<\/strong><\/p>\n\n\n\n<p>&#8212; linkki <strong><u>matkakertomukseen<\/u> [PDF]<\/strong><\/p>\n\n\n\n<p>&#8212; matkan keruista Mustilaan tai muualle Suomeen onnistuneesti istutetut lajit: t\u00e4hk\u00e4vaahtera (<em>Acer spicatum<\/em>), ternihevoskastanja (<em>Aesculus \u00d7 marylandic<\/em>a), l\u00e4nnenkeltis (<em>Celtis occidentalis<\/em>), pagodikanukka (<em>Cornus alternifolia<\/em>), iso-orapihlaja (<em>Crataegus mollis<\/em>), mustajalop\u00e4hkin\u00e4 (<em>Juglans nigra<\/em>), amerikanhumalapy\u00f6kki (<em>Ostrya virginiana<\/em>), keskil\u00e4nnentammi (<em>Quercus ellipsoidalis<\/em>), punatammi (<em>Quercus rubra<\/em>), kiiltoheisi (<em>Viburnum lentago<\/em>)<\/p>\n\n\n\n<p><strong>1996 it\u00e4iseen Pohjois-Amerikkaan<\/strong><\/p>\n\n\n\n<p>&#8212; linkki <strong><u>matkakertomukseen<\/u> [PDF]<\/strong><\/p>\n\n\n\n<p>&#8212; matkan keruista Mustilaan tai muualle Suomeen onnistuneesti istutetut lajit: pennsylvanianvaahtera (<em>Acer pensylvanicum<\/em>), sokerivaahtera (<em>Acer saccharum<\/em>),&nbsp; t\u00e4hk\u00e4vaahtera (<em>Acer spicatum<\/em>), keltakoivu (<em>Betula alleghaniensis<\/em>), sokerikoivu (<em>Betula lenta<\/em>), amerikanhumalapy\u00f6kki (<em>Carpinus caroliniana<\/em>), karvashikkori (<em>Carya cordiformis<\/em>), pagodikanukka (<em>Cornus alternifolia<\/em>), amerikanpy\u00f6kki (<em>Fagus grandifolia<\/em>), syystaikap\u00e4hkin\u00e4 (<em>Hamamelis virginiana<\/em>), Antin punainen koristeomena (<em>Malus<\/em> &#8216;Antin Punainen&#8217;), amerikanhumalapy\u00f6kki (<em>Ostrya virginiana<\/em>), samettisumakki (<em>Rhus typhina<\/em>), kanadanhemlokki (<em>Tsuga canadensis<\/em>), hurtanheisi (<em>Viburnum lantanoides<\/em>)<\/p>\n\n\n\n<p><strong>2002 it\u00e4iseen Kanadaan<\/strong><\/p>\n\n\n\n<p>&#8212; linkki <strong><u>matkakertomukseen<\/u> [PDF]<\/strong><\/p>\n\n\n\n<p>&#8212; matkan keruista Mustilaan tai muualle Suomeen onnistuneesti istutetut lajit: pennsylvanianvaahtera (<em>Acer pensylvanicum<\/em>), keltakoivu (<em>Betula alleghaniensis<\/em>), pagodikanukka (<em>Cornus alternifolia<\/em>), amerikanpy\u00f6kki (<em>Fagus grandifolia<\/em>), valkosaarni (<em>Fraxinus americana<\/em>), kes\u00e4orjanlaakeri (<em>Ilex verticillata<\/em>), mustajalop\u00e4hkin\u00e4 (<em>Juglans nigra<\/em>), sateenvarjomagnolia (<em>Magnolia tripetala<\/em>), kanadanhemlokki (<em>Tsuga canadensis<\/em>)<\/p>\n\n\n\n<p><strong>2005 Slovakian vuoristoihin<\/strong><\/p>\n\n\n\n<p>&#8212; linkki <strong><u>matkakertomukseen<\/u> [PDF]<\/strong><\/p>\n\n\n\n<p>&#8212; matkan keruista Mustilaan onnistuneesti istutetut lajit: euroopanpy\u00f6kki (<em>Fagus sylvatica<\/em>), vuorivaahtera (<em>Acer pseudoplatanus<\/em>), niver\u00e4vaahtera (<em>Acer campestre<\/em>), varjomuratti (<em>Hedera helix<\/em>).<\/p>\n\n\n\n<p><strong>2017 Appalakeille<\/strong><\/p>\n\n\n\n<p>&#8212; matkakertomus ei ole viel\u00e4 valmistunut<\/p>\n\n\n\n<p>&#8212; matkan keruiden istutusty\u00f6 on viel\u00e4 kesken, mutta taimikasvattamossa on onnistuneesti id\u00e4tetty seuraavat lajit: sokerivaahtera (<em>Acer saccharum<\/em>), t\u00e4hk\u00e4vaahtera (<em>Acer spicatum<\/em>), keltahevoskastanja (<em>Aesculus flava<\/em>), l\u00e4nnenpiippuk\u00f6ynn\u00f6s (<em>Aristolochia macrophylla<\/em>), amerikanhumalapy\u00f6kki (<em>Carpinus caroliniana<\/em>), amerikanpy\u00f6kki (<em>Fagus grandifolia<\/em>), vuorilumikellopuu (<em>Halesia monticola<\/em>), syystaikap\u00e4hkin\u00e4 (<em>Hamamelis virginiana<\/em>), pallohortensia (<em>Hydrangea arborescens<\/em>), lumihortensia (<em>Hydrangea radiata<\/em>), tihe\u00e4pensaskuisma (<em>Hypericum densiflorum<\/em>), sakeapensaskuisma (<em>Hypericum prolificum<\/em>), mustajalop\u00e4hkin\u00e4 (<em>Juglans nigra<\/em>), leve\u00e4lehtikalmia (<em>Kalmia latifolia<\/em>), puronuokko (<em>Leucothoe fontanesiana<\/em>), vuorinuokko (<em>Leucothoe recurva<\/em>), amerikanryytilaakeri (<em>Lindera benzoin<\/em>), amerikantulppaanipuu (<em>Liriodendron tulipifera<\/em>), poppelimagnolia (<em>Magnolia acuminata<\/em>), carolinankellovaivero (<em>Pieris floribunda<\/em>), purppuratammi (<em>Quercus coccinea<\/em>), siloatsalea (<em>Rhododendron arborescens<\/em>), liekkiatsalea (<em>Rhododendron calendulaceum<\/em>), carolinanalppiruusu (<em>Rhododendron carolinianum<\/em>), virginianalppiruusu (<em>Rhododendron catawbiense<\/em>), appalakkienalppiruusu (<em>Rhododendron maximum<\/em>), sorja-alppiruusu (<em>Rhododendron minus<\/em>), appalakkienvaleatsalea (<em>Rhododendron pilosum<\/em>), rusoatsalea (<em>Rhododendron prinophyllum<\/em>).<\/p>\n\n\n\n<p>Lis\u00e4ksi Arboretum Mustila on ollut tavalla tai toisella tausta- tai my\u00f6t\u00e4vaikuttajana useilla muilla keruumatkoilla, tai ottanut n\u00e4iden matkojen siemeneri\u00e4 kasvatukseensa. N\u00e4it\u00e4 ovat mm. vuoden 1976 siemenkeruumatkat Etel\u00e4-Koreaan ja Neuvostoliiton Kaukoit\u00e4\u00e4n, Helsingin yliopiston keruumatkat 1993\u20131995 sek\u00e4 suomalais-tanskalais-amerikkalainen keruumatka Lounais-Yhdysvaltoihin syksyll\u00e4 2023.<\/p>\n\n\n\n<p>Keruumatkojakasvien kasvattaminen ja s\u00e4ilytt\u00e4minen on aivan arboretumin ydintoimintaa, sill\u00e4 t\u00e4ll\u00e4 materiaalilla on huomattava tutkimuksellinen, kulttuurihistoriallinen ja luonnonsuojelullinen arvo. Monet arboretumissa parhaiten menestyvist\u00e4 kasvialkuperist\u00e4 ovat keruumatkoilta per\u00e4isin.<\/p>\n","protected":false},"excerpt":{"rendered":"<p>Siemenkeruumatkat eiv\u00e4t ole Arboretum Mustilan ydintoimintaa, mutta matkat ovat usein merkitt\u00e4v\u00e4 tai jopa ainoa tapa hankkia siemeni\u00e4 tarkalleen tietyilt\u00e4 alkuper\u00e4alueilta. Lis\u00e4ksi niiden yhteydess\u00e4 solmitaan t\u00e4rkeit\u00e4 kontakteja. Arboretum Mustila on j\u00e4rjest\u00e4nyt historiansa aikana itse viisi siemenkeruumatkaa: 1993 Suurten j\u00e4rvien alueelle Pohjois-Amerikkaan &#8212; linkki matkakertomukseen [PDF] &#8212; matkan keruista Mustilaan tai muualle Suomeen onnistuneesti istutetut lajit: t\u00e4hk\u00e4vaahtera [&hellip;]<\/p>\n","protected":false},"author":2,"featured_media":0,"parent":0,"menu_order":0,"comment_status":"closed","ping_status":"closed","template":"","meta":{"iawp_total_views":134,"footnotes":""},"class_list":["post-18257","page","type-page","status-publish","hentry"],"_links":{"self":[{"href":"https:\/\/mustila.fi\/ru\/wp-json\/wp\/v2\/pages\/18257","targetHints":{"allow":["GET"]}}],"collection":[{"href":"https:\/\/mustila.fi\/ru\/wp-json\/wp\/v2\/pages"}],"about":[{"href":"https:\/\/mustila.fi\/ru\/wp-json\/wp\/v2\/types\/page"}],"author":[{"embeddable":true,"href":"https:\/\/mustila.fi\/ru\/wp-json\/wp\/v2\/users\/2"}],"replies":[{"embeddable":true,"href":"https:\/\/mustila.fi\/ru\/wp-json\/wp\/v2\/comments?post=18257"}],"version-history":[{"count":0,"href":"https:\/\/mustila.fi\/ru\/wp-json\/wp\/v2\/pages\/18257\/revisions"}],"wp:attachment":[{"href":"https:\/\/mustila.fi\/ru\/wp-json\/wp\/v2\/media?parent=18257"}],"curies":[{"name":"wp","href":"https:\/\/api.w.org\/{rel}","templated":true}]}}