{"id":18260,"date":"2025-06-18T08:00:00","date_gmt":"2025-06-18T05:00:00","guid":{"rendered":"https:\/\/mustila.fi\/?page_id=18260"},"modified":"2025-06-30T13:54:27","modified_gmt":"2025-06-30T10:54:27","slug":"taidetta-mustilassa","status":"publish","type":"page","link":"https:\/\/mustila.fi\/ru\/taidetta-mustilassa\/","title":{"rendered":"Taidetta Mustilassa"},"content":{"rendered":"\t\t<div data-elementor-type=\"wp-page\" data-elementor-id=\"18260\" class=\"elementor elementor-18260\" data-elementor-post-type=\"page\">\n\t\t\t\t<div class=\"elementor-element elementor-element-5cac07c6 e-flex e-con-boxed e-con e-parent\" data-id=\"5cac07c6\" data-element_type=\"container\" data-e-type=\"container\" data-settings=\"{&quot;jet_parallax_layout_list&quot;:[]}\">\n\t\t\t\t\t<div class=\"e-con-inner\">\n\t\t\t\t<div class=\"elementor-element elementor-element-2221e5b7 elementor-widget elementor-widget-text-editor\" data-id=\"2221e5b7\" data-element_type=\"widget\" data-e-type=\"widget\" data-widget_type=\"text-editor.default\">\n\t\t\t\t<div class=\"elementor-widget-container\">\n\t\t\t\t\t\t\t\t\t<p><strong>Puistokonsertit, runoillat ym: <\/strong>katso <strong><u><a href=\"https:\/\/mustila.fi\/tapahtumakalenteri\/\">tapahtumakalenteri<\/a><\/u><\/strong>. Oletko kiinnostunut tuomaan kuvataiteellista, kirjallista tai musiikillista harrastustasi tai ty\u00f6t\u00e4si Arboretumin tunnelmallisiin puitteisiin? Ota rohkeasti yhteytt\u00e4 toiminnanjohtaja Jukka Reinikaiseen, puh. 0400 652298.<\/p>\n<p><strong>Mets\u00e4galleria:<\/strong> Arboretum Mustilan Mets\u00e4galleria koostuu <strong>yli sadasta puuveistoksesta<\/strong>, jotka ovat p\u00e4\u00e4asiassa ITE-taiteilijoiden tekemi\u00e4. Gallerian ensimm\u00e4iset teokset sijoittuvat vuoteen 2017, ja vuonna 2024 j\u00e4rjestetyt moottorisahaveiston SM-kisat toivat gallerian ja luontopolun varrelle 25 uutta upeaa teosta. Tilana mets\u00e4galleria haastaa taiteenkatsomisen tapoja, kyseenalaistaen perinteisen taidemaailman tekijyytt\u00e4 ja esityskeinoja.<\/p>\n<p>Polkumaisen Mets\u00e4gallerian l\u00e4ht\u00f6piste on Puistokahvilalla. Muutaman sadan metrin matkalla on kymmeni\u00e4 suomalaisten ja ulkomaisten taitajien tekemi\u00e4 puuveistoksia, joista ei toistaiseksi ole saatavilla luetteloa. Veistoksia on sijoitettu my\u00f6s Lasten luontopolun varteen. Mets\u00e4galleria ja Lasten luontopolku ovat avoinna arboretumin aukioloaikojen puitteissa sis\u00e4\u00e4np\u00e4\u00e4syn hinnalla.<\/p>\n<p><strong>Mets\u00e4gallerian taiteilijaesittelyt:<\/strong><\/p>\n<div class=\"wp-block-file\"><object class=\"wp-block-file__embed\" style=\"width: 100%; height: 600px;\" data=\"https:\/\/mustila.fi\/wp-content\/uploads\/2025\/06\/Metsagalleria-taiteilijaprofiilit-2024.pdf#navpanes=0\" type=\"application\/pdf\" width=\"300\" height=\"150\" aria-label=\"Mets\u00e4galleria taiteilijaprofiilit 2024\"><span data-mce-type=\"bookmark\" style=\"display: inline-block; width: 0px; overflow: hidden; line-height: 0;\" class=\"mce_SELRES_start\">\ufeff<\/span><span data-mce-type=\"bookmark\" style=\"display: inline-block; width: 0px; overflow: hidden; line-height: 0;\" class=\"mce_SELRES_end\">\ufeff<\/span><\/object><\/div>\n<div>\u00a0<\/div>\n<div><a href=\"https:\/\/mustila.fi\/wp-content\/uploads\/2025\/06\/Metsagalleria-taiteilijaprofiilit-2024.pdf\" style=\"line-height:3;\">Mets\u00e4galleria taiteilijaprofiilit 2024 <\/a>\u00a0<a id=\"wp-block-file--media-f065884e-ade5-4fdf-bedf-8f1d0d17ed52\" href=\"https:\/\/mustila.fi\/wp-content\/uploads\/2025\/06\/Metsagalleria-taiteilijaprofiilit-2024.pdf\"><\/a><a class=\"wp-block-file__button wp-element-button\" href=\"https:\/\/mustila.fi\/wp-content\/uploads\/2025\/06\/Metsagalleria-taiteilijaprofiilit-2024.pdf\" download=\"\" aria-describedby=\"wp-block-file--media-f065884e-ade5-4fdf-bedf-8f1d0d17ed52\">Lataa<\/a><\/div>\n<div>\u00a0<\/div>\n<div>\u00a0<\/div>\t\t\t\t\t\t\t\t<\/div>\n\t\t\t\t<\/div>\n\t\t\t\t<div class=\"elementor-element elementor-element-a3d4357 elementor-skin-carousel elementor-arrows-yes elementor-pagination-type-bullets elementor-pagination-position-outside elementor-widget elementor-widget-media-carousel\" data-id=\"a3d4357\" data-element_type=\"widget\" data-e-type=\"widget\" data-settings=\"{&quot;effect&quot;:&quot;fade&quot;,&quot;skin&quot;:&quot;carousel&quot;,&quot;show_arrows&quot;:&quot;yes&quot;,&quot;pagination&quot;:&quot;bullets&quot;,&quot;speed&quot;:500,&quot;autoplay&quot;:&quot;yes&quot;,&quot;autoplay_speed&quot;:5000,&quot;loop&quot;:&quot;yes&quot;,&quot;pause_on_hover&quot;:&quot;yes&quot;,&quot;pause_on_interaction&quot;:&quot;yes&quot;,&quot;space_between&quot;:{&quot;unit&quot;:&quot;px&quot;,&quot;size&quot;:10,&quot;sizes&quot;:[]},&quot;space_between_tablet&quot;:{&quot;unit&quot;:&quot;px&quot;,&quot;size&quot;:10,&quot;sizes&quot;:[]},&quot;space_between_mobile_extra&quot;:{&quot;unit&quot;:&quot;px&quot;,&quot;size&quot;:10,&quot;sizes&quot;:[]},&quot;space_between_mobile&quot;:{&quot;unit&quot;:&quot;px&quot;,&quot;size&quot;:10,&quot;sizes&quot;:[]}}\" data-widget_type=\"media-carousel.default\">\n\t\t\t\t<div class=\"elementor-widget-container\">\n\t\t\t\t\t\t\t\t\t<div class=\"elementor-swiper\">\n\t\t\t\t\t<div class=\"elementor-main-swiper swiper\" role=\"region\" aria-roledescription=\"carousel\" aria-label=\"Slides\">\n\t\t\t\t<div class=\"swiper-wrapper\">\n\t\t\t\t\t\t\t\t\t\t\t<div class=\"swiper-slide\" role=\"group\" aria-roledescription=\"slide\">\n\t\t\t\t\t\t\t<a href=\"https:\/\/mustila.fi\/wp-content\/uploads\/2025\/06\/DSC_0795-scaled.jpg\" data-elementor-open-lightbox=\"yes\" data-elementor-lightbox-slideshow=\"a3d4357\" data-elementor-lightbox-title=\"Veistosgalleria 1\" data-e-action-hash=\"#elementor-action%3Aaction%3Dlightbox%26settings%3DeyJpZCI6MjQ3NDQsInVybCI6Imh0dHBzOlwvXC9tdXN0aWxhLmZpXC93cC1jb250ZW50XC91cGxvYWRzXC8yMDI1XC8wNlwvRFNDXzA3OTUtc2NhbGVkLmpwZyIsInNsaWRlc2hvdyI6ImEzZDQzNTcifQ%3D%3D\">\t\t<div class=\"elementor-carousel-image\" role=\"img\" aria-label=\"Veistosgalleria 1\" style=\"background-image: url(&#039;https:\/\/mustila.fi\/wp-content\/uploads\/2025\/06\/DSC_0795-scaled.jpg&#039;)\">\n\n\t\t\t\n\t\t\t\t\t<\/div>\n\t\t<\/a>\t\t\t\t\t\t<\/div>\n\t\t\t\t\t\t\t\t\t\t\t<div class=\"swiper-slide\" role=\"group\" aria-roledescription=\"slide\">\n\t\t\t\t\t\t\t<a href=\"https:\/\/mustila.fi\/wp-content\/uploads\/2025\/06\/DSC_0723-scaled.jpg\" data-elementor-open-lightbox=\"yes\" data-elementor-lightbox-slideshow=\"a3d4357\" data-elementor-lightbox-title=\"Veistosgalleria 2\" data-e-action-hash=\"#elementor-action%3Aaction%3Dlightbox%26settings%3DeyJpZCI6MjQ3NDAsInVybCI6Imh0dHBzOlwvXC9tdXN0aWxhLmZpXC93cC1jb250ZW50XC91cGxvYWRzXC8yMDI1XC8wNlwvRFNDXzA3MjMtc2NhbGVkLmpwZyIsInNsaWRlc2hvdyI6ImEzZDQzNTcifQ%3D%3D\">\t\t<div class=\"elementor-carousel-image\" role=\"img\" aria-label=\"Veistosgalleria 2\" style=\"background-image: url(&#039;https:\/\/mustila.fi\/wp-content\/uploads\/2025\/06\/DSC_0723-scaled.jpg&#039;)\">\n\n\t\t\t\n\t\t\t\t\t<\/div>\n\t\t<\/a>\t\t\t\t\t\t<\/div>\n\t\t\t\t\t\t\t\t\t\t\t<div class=\"swiper-slide\" role=\"group\" aria-roledescription=\"slide\">\n\t\t\t\t\t\t\t<a href=\"https:\/\/mustila.fi\/wp-content\/uploads\/2025\/06\/DSC_0246-scaled.jpg\" data-elementor-open-lightbox=\"yes\" data-elementor-lightbox-slideshow=\"a3d4357\" data-elementor-lightbox-title=\"Veistosgalleria 3\" data-e-action-hash=\"#elementor-action%3Aaction%3Dlightbox%26settings%3DeyJpZCI6MjQ3MzYsInVybCI6Imh0dHBzOlwvXC9tdXN0aWxhLmZpXC93cC1jb250ZW50XC91cGxvYWRzXC8yMDI1XC8wNlwvRFNDXzAyNDYtc2NhbGVkLmpwZyIsInNsaWRlc2hvdyI6ImEzZDQzNTcifQ%3D%3D\">\t\t<div class=\"elementor-carousel-image\" role=\"img\" aria-label=\"Veistosgalleria 3\" style=\"background-image: url(&#039;https:\/\/mustila.fi\/wp-content\/uploads\/2025\/06\/DSC_0246-scaled.jpg&#039;)\">\n\n\t\t\t\n\t\t\t\t\t<\/div>\n\t\t<\/a>\t\t\t\t\t\t<\/div>\n\t\t\t\t\t\t\t\t\t<\/div>\n\t\t\t\t\t\t\t\t\t\t\t\t\t\t\t<div class=\"elementor-swiper-button elementor-swiper-button-prev\" role=\"button\" tabindex=\"0\" aria-label=\"F\u00f6reg\u00e5ende\">\n\t\t\t\t\t\t\t<i aria-hidden=\"true\" class=\"eicon-chevron-left\"><\/i>\t\t\t\t\t\t<\/div>\n\t\t\t\t\t\t<div class=\"elementor-swiper-button elementor-swiper-button-next\" role=\"button\" tabindex=\"0\" aria-label=\"N\u00e4sta\">\n\t\t\t\t\t\t\t<i aria-hidden=\"true\" class=\"eicon-chevron-right\"><\/i>\t\t\t\t\t\t<\/div>\n\t\t\t\t\t\t\t\t\t\t\t\t\t\t\t\t<div class=\"swiper-pagination\"><\/div>\n\t\t\t\t\t\t\t\t\t\t\t\t<\/div>\n\t\t\t\t<\/div>\n\t\t\t\t\t\t\t\t<\/div>\n\t\t\t\t<\/div>\n\t\t<div class=\"elementor-element elementor-element-032577d e-con-full e-flex e-con e-child\" data-id=\"032577d\" data-element_type=\"container\" data-e-type=\"container\" data-settings=\"{&quot;jet_parallax_layout_list&quot;:[]}\">\n\t\t\t\t<\/div>\n\t\t\t\t\t<\/div>\n\t\t\t\t<\/div>\n\t\t\t\t<\/div>\n\t\t","protected":false},"excerpt":{"rendered":"<p>Puistokonsertit, runoillat ym: katso tapahtumakalenteri. Oletko kiinnostunut tuomaan kuvataiteellista, kirjallista tai musiikillista harrastustasi tai ty\u00f6t\u00e4si Arboretumin tunnelmallisiin puitteisiin? Ota rohkeasti yhteytt\u00e4 toiminnanjohtaja Jukka Reinikaiseen, puh. 0400 652298. Mets\u00e4galleria: Arboretum Mustilan Mets\u00e4galleria koostuu yli sadasta puuveistoksesta, jotka ovat p\u00e4\u00e4asiassa ITE-taiteilijoiden tekemi\u00e4. Gallerian ensimm\u00e4iset teokset sijoittuvat vuoteen 2017, ja vuonna 2024 j\u00e4rjestetyt moottorisahaveiston SM-kisat toivat gallerian ja [&hellip;]<\/p>\n","protected":false},"author":9,"featured_media":0,"parent":0,"menu_order":0,"comment_status":"closed","ping_status":"closed","template":"","meta":{"iawp_total_views":244,"footnotes":""},"class_list":["post-18260","page","type-page","status-publish","hentry"],"_links":{"self":[{"href":"https:\/\/mustila.fi\/ru\/wp-json\/wp\/v2\/pages\/18260","targetHints":{"allow":["GET"]}}],"collection":[{"href":"https:\/\/mustila.fi\/ru\/wp-json\/wp\/v2\/pages"}],"about":[{"href":"https:\/\/mustila.fi\/ru\/wp-json\/wp\/v2\/types\/page"}],"author":[{"embeddable":true,"href":"https:\/\/mustila.fi\/ru\/wp-json\/wp\/v2\/users\/9"}],"replies":[{"embeddable":true,"href":"https:\/\/mustila.fi\/ru\/wp-json\/wp\/v2\/comments?post=18260"}],"version-history":[{"count":0,"href":"https:\/\/mustila.fi\/ru\/wp-json\/wp\/v2\/pages\/18260\/revisions"}],"wp:attachment":[{"href":"https:\/\/mustila.fi\/ru\/wp-json\/wp\/v2\/media?parent=18260"}],"curies":[{"name":"wp","href":"https:\/\/api.w.org\/{rel}","templated":true}]}}