{"id":18263,"date":"2025-08-13T11:55:00","date_gmt":"2025-08-13T08:55:00","guid":{"rendered":"https:\/\/mustila.fi\/?page_id=18263"},"modified":"2025-08-13T11:57:02","modified_gmt":"2025-08-13T08:57:02","slug":"tue-arboretumia","status":"publish","type":"page","link":"https:\/\/mustila.fi\/ru\/tue-arboretumia\/","title":{"rendered":"Arboretum Mustila kaipaa tukeasi"},"content":{"rendered":"\n<p><\/p>\n\n\n\n<p>Arboretum Mustila vaalii 120-vuotiasta kulttuuriperint\u00f6\u00e4. Mustilan arboretum olisi my\u00f6s varmaankin Suomen \u201dkansallisarboretum\u201d mik\u00e4li sellainen joskun nimet\u00e4\u00e4n.<\/p>\n\n\n\n<p>Arboretumin missiona on tulevaisuuden puiden ja kasvien koekasvatus ja tutkiminen, ty\u00f6 joka muuttuvassa ilmastossa ja sen tuomien uhkien valossa on entist\u00e4 t\u00e4rke\u00e4mp\u00e4\u00e4. T\u00e4llaista varautumisty\u00f6t\u00e4 ei juurikaan tehd\u00e4, vaan yleisen\u00e4 trendin\u00e4 n\u00e4ytt\u00e4isi olevan nykyisen lajiston ja lajisuhteiden m\u00e4\u00e4rittely l\u00e4hes pyh\u00e4ksi ideaaliksi tilaksi, josta pit\u00e4isi pit\u00e4\u00e4 kiinni vaikka kasvuolosuhteet muuttuvat.<\/p>\n\n\n\n<p>Haluamme kehitt\u00e4\u00e4 arboretumia my\u00f6s luontoel\u00e4mysten paikkana joka tiedon ja oppimisen lis\u00e4ksi toisi vierailijalleen el\u00e4myksi\u00e4, inspiraatiota ja rakkauden puiden ihmeelliseen maailmaan.<\/p>\n\n\n\n<p>Arboretumia hoitaa Mustilan Kotikunnass\u00e4\u00e4ti\u00f6, jonka omaisuus rajoittuu hoidettavana olevaan puistoalueeseen. Ainoa s\u00e4\u00e4nn\u00f6llinen julkinen tuki koostuu Maa- ja mets\u00e4talousministeri\u00f6 toiminta-avustuksesta, mutta se kattaa vain 10% kaikista arboretumin toimintamenoista. Muun rahoituksen arboretum ker\u00e4\u00e4 p\u00e4\u00e4symaksuilla ja pienimuotoisella tuotteiden ja palvelujen myynnill\u00e4.<\/p>\n\n\n\n<p>Niukkoja resursseja on kohdistettu aktiivisesti uuden koemateriaalin hankintaan. Kehitt\u00e4misty\u00f6 on rahoitettu p\u00e4\u00e4osin hankerahoitusten avulla. Varojen niukkuus n\u00e4kyy istutusten, polustojen ja muun infran hoitovelkana.<\/p>\n\n\n\n<p>Kaikentyyppinen tuki on siis enemm\u00e4n kuin tervetullut. Sek\u00e4 yksityiset ett\u00e4 yritykset ovat tervetulleita tukemaan ty\u00f6t\u00e4mme kukin omalla tavallaan sek\u00e4 tekem\u00e4\u00e4n erimuotoista yhteisty\u00f6t\u00e4. Arboretum on yleishy\u00f6dyllinen yhteis\u00f6 ja pystyy my\u00f6s s\u00e4\u00e4nt\u00f6jens\u00e4 puitteissa vastaanottamaan lahjoituksia ja testamentteja.<\/p>\n\n\n\n<p>Arboretumin yst\u00e4v\u00e4yhdistys on ollut merkitt\u00e4v\u00e4 taustatuki jo 25 vuoden ajan, ei pelk\u00e4st\u00e4\u00e4n rahallisesti, vaan my\u00f6s j\u00e4senist\u00f6n erilaisen talkooavun ja osaamisen muodossa. Yst\u00e4v\u00e4yhdistyksen j\u00e4senyys on my\u00f6s hyv\u00e4 keino n\u00e4hd\u00e4 l\u00e4hemmin arboretumissa teht\u00e4v\u00e4\u00e4 ty\u00f6t\u00e4 (j\u00e4senjulkaisut, kurssit, retket ja muut aktiviteetit) Yst\u00e4v\u00e4yhdistykseen p\u00e4\u00e4set tutustumaan ja liittym\u00e4\u00e4n <strong><u><a href=\"https:\/\/mustila.fi\/liity-jaseneksi\/\">t\u00e4lt\u00e4 sivulta<\/a><\/u><\/strong>.<\/p>\n\n\n\n<p>Talkooavulla on ollut suuri merkitys arboretumille. Apua on saatu niin nettisivujen ja kasvikuvausten tekemiseen kuin my\u00f6s tapahtumien j\u00e4rjestelyt\u00f6ihin. Puistossa on my\u00f6s erilaisia talkoot\u00f6it\u00e4, joihin voi osallistua pitkin vuotta: kylv\u00f6t, koulinnat, siemenkeruu, kitkent\u00e4, siivous ja raivaus. Apuaan voi tarjota liittyen p\u00e4iv\u00e4ksi arboretumin hoitoporukkaan tai osallistumalla isompiin talkoisiin \u2013 merkityksellist\u00e4 tekemist\u00e4, yhdess\u00e4oloa ja oppimista.<\/p>\n\n\n\n<p><\/p>\n","protected":false},"excerpt":{"rendered":"<p>Arboretum Mustila vaalii 120-vuotiasta kulttuuriperint\u00f6\u00e4. Mustilan arboretum olisi my\u00f6s varmaankin Suomen \u201dkansallisarboretum\u201d mik\u00e4li sellainen joskun nimet\u00e4\u00e4n. Arboretumin missiona on tulevaisuuden puiden ja kasvien koekasvatus ja tutkiminen, ty\u00f6 joka muuttuvassa ilmastossa ja sen tuomien uhkien valossa on entist\u00e4 t\u00e4rke\u00e4mp\u00e4\u00e4. T\u00e4llaista varautumisty\u00f6t\u00e4 ei juurikaan tehd\u00e4, vaan yleisen\u00e4 trendin\u00e4 n\u00e4ytt\u00e4isi olevan nykyisen lajiston ja lajisuhteiden m\u00e4\u00e4rittely l\u00e4hes pyh\u00e4ksi [&hellip;]<\/p>\n","protected":false},"author":13,"featured_media":0,"parent":0,"menu_order":0,"comment_status":"closed","ping_status":"closed","template":"","meta":{"iawp_total_views":553,"footnotes":""},"class_list":["post-18263","page","type-page","status-publish","hentry"],"_links":{"self":[{"href":"https:\/\/mustila.fi\/ru\/wp-json\/wp\/v2\/pages\/18263","targetHints":{"allow":["GET"]}}],"collection":[{"href":"https:\/\/mustila.fi\/ru\/wp-json\/wp\/v2\/pages"}],"about":[{"href":"https:\/\/mustila.fi\/ru\/wp-json\/wp\/v2\/types\/page"}],"author":[{"embeddable":true,"href":"https:\/\/mustila.fi\/ru\/wp-json\/wp\/v2\/users\/13"}],"replies":[{"embeddable":true,"href":"https:\/\/mustila.fi\/ru\/wp-json\/wp\/v2\/comments?post=18263"}],"version-history":[{"count":0,"href":"https:\/\/mustila.fi\/ru\/wp-json\/wp\/v2\/pages\/18263\/revisions"}],"wp:attachment":[{"href":"https:\/\/mustila.fi\/ru\/wp-json\/wp\/v2\/media?parent=18263"}],"curies":[{"name":"wp","href":"https:\/\/api.w.org\/{rel}","templated":true}]}}