{"id":6498,"date":"2025-04-25T18:10:00","date_gmt":"2025-04-25T18:10:00","guid":{"rendered":"https:\/\/mustila.fi\/?page_id=6498"},"modified":"2025-04-25T06:36:44","modified_gmt":"2025-04-25T06:36:44","slug":"alueet","status":"publish","type":"page","link":"https:\/\/mustila.fi\/ru\/alueet\/","title":{"rendered":"Alueet"},"content":{"rendered":"\n<p>Avainsana(t) <strong>Alueet<\/strong><\/p>\n\n\n\n<ul class=\"wp-block-list\">\n<li><a href=\"\/alueet\/alppiruusulaakso\">Alppiruusulaakso<\/a><\/li>\n\n\n\n<li><a href=\"\/alueet\/amerikka\">Amerikka<\/a><\/li>\n\n\n\n<li><a href=\"\/alueet\/atsalearinne\">Atsalearinne<\/a><\/li>\n\n\n\n<li><a href=\"\/alueet\/etelarinne\">Etel\u00e4rinne<\/a><\/li>\n\n\n\n<li><a href=\"\/alueet\/havuterassi\">Havuterassi ja Vanha Terassi<\/a><\/li>\n\n\n\n<li><a href=\"\/alueet\/japani\">Japani<\/a><\/li>\n\n\n\n<li><a href=\"\/alueet\/kenkakallio\">Kenk\u00e4kallio<\/a><\/li>\n\n\n\n<li><a href=\"\/alueet\/ketunmaki\">Ketunm\u00e4ki<\/a><\/li>\n\n\n\n<li>Koillisrinne<\/li>\n\n\n\n<li><a href=\"\/alueet\/lammastarha\">Lammastarha<\/a><\/li>\n\n\n\n<li><a href=\"\/alueet\/lepisto\">Lepist\u00f6<\/a><\/li>\n\n\n\n<li><a href=\"\/alueet\/nokkala\">Nokkala<\/a><\/li>\n\n\n\n<li><a href=\"\/alueet\/pahkinarinne\">P\u00e4hkin\u00e4rinne<\/a><\/li>\n\n\n\n<li>Petterinpuisto<\/li>\n\n\n\n<li><a href=\"\/alueet\/pohjoisrinne\">Pohjoisrinne<\/a><\/li>\n\n\n\n<li><a href=\"\/alueet\/tammimetsa\">Tammimets\u00e4<\/a><\/li>\n\n\n\n<li><a href=\"\/alueet\/tuijalaakso\">Tuijalaakso<\/a><\/li>\n\n\n\n<li><a href=\"\/alueet\/tuijapuisto\">Tuijapuisto<\/a><\/li>\n<\/ul>\n\n\n\n<p>Avainsana(t) <strong>Paikat<\/strong><\/p>\n\n\n\n<ul class=\"wp-block-list\">\n<li>Esanaukio<\/li>\n\n\n\n<li><a href=\"\/alueet\/helanterinkallio\">Helanterinkallio<\/a><\/li>\n\n\n\n<li><a href=\"\/alueet\/hemlokkimetsa\">Hemlokkimets\u00e4<\/a><\/li>\n\n\n\n<li>Hemlokkimets\u00e4n konserttisali<\/li>\n\n\n\n<li><a href=\"\/alueet\/juhlapaikka\">Juhlapaikka<\/a><\/li>\n\n\n\n<li>Karhunpes\u00e4<\/li>\n\n\n\n<li>Maahisen M\u00f6kki<\/li>\n\n\n\n<li><a href=\"https:\/\/mustila.fi\/taidetta-mustilassa\/\">Mustilan Mets\u00e4galleria<\/a><\/li>\n\n\n\n<li><a href=\"https:\/\/mustila.fi\/mustilan-metsakirkko\/\">Mustilan Mets\u00e4kirkko<\/a><\/li>\n\n\n\n<li><a href=\"https:\/\/mustila.fi\/puistokahvila\/\">Puistokahvila<\/a><\/li>\n\n\n\n<li><a href=\"https:\/\/mustila.fi\/museo\/\">Tallinvintin museo<\/a><\/li>\n\n\n\n<li><a href=\"https:\/\/mustila.fi\/toimisto\/\">Toimisto<\/a> ja <a href=\"https:\/\/mustila.fi\/taimi-ja-siemenmyynti\/\">arboretumin taimimyynti<\/a><\/li>\n<\/ul>\n\n\n\n<p><strong>Muut toimijat alueella<\/strong><\/p>\n\n\n\n<ul class=\"wp-block-list\">\n<li><a href=\"https:\/\/www.mustilapuutarha.fi\" target=\"_blank\" rel=\"noopener\">Mustila Puutarha<\/a> (myym\u00e4l\u00e4, entinen Mustilan Taimitarhat)<\/li>\n\n\n\n<li><a href=\"https:\/\/mustilaviini.fi\" target=\"_blank\" rel=\"noopener\">Mustila Viini<\/a> (myym\u00e4l\u00e4 ja ravintola Viinitupa)<\/li>\n\n\n\n<li>taidekahvila Piika ja Renki (vaihtaa omistajaa, verkkosivut tilap\u00e4isest\u00e4 alhaalla)<\/li>\n\n\n\n<li><a href=\"https:\/\/yle.fi\/a\/3-5402378\" target=\"_blank\" rel=\"noopener\">Mustilan kartano<\/a> (yksityisalue &#8212; ei avoinna yleis\u00f6lle)<\/li>\n<\/ul>\n\n\n\n<p class=\"has-luminous-vivid-amber-background-color has-background\">Kartta on vanhentunut ja uusi kartta p\u00e4ivitett\u00e4v\u00e4 t\u00e4lle sivulle 2025 kev\u00e4\u00e4ll\u00e4.<\/p>\n\n\n\n<figure class=\"wp-block-image\"><img decoding=\"async\" src=\"\/wp-content\/uploads\/tiedostot\/kartta-web_edited-1.gif\" alt=\"Puistokartta\"\/><\/figure>\n\n\n\n<p><\/p>\n\n\n\n<p><\/p>\n","protected":false},"excerpt":{"rendered":"<p>Avainsana(t) Alueet Avainsana(t) Paikat Muut toimijat alueella Kartta on vanhentunut ja uusi kartta p\u00e4ivitett\u00e4v\u00e4 t\u00e4lle sivulle 2025 kev\u00e4\u00e4ll\u00e4.<\/p>\n","protected":false},"author":9,"featured_media":0,"parent":0,"menu_order":0,"comment_status":"closed","ping_status":"closed","template":"","meta":{"iawp_total_views":2805,"footnotes":""},"class_list":["post-6498","page","type-page","status-publish","hentry"],"_links":{"self":[{"href":"https:\/\/mustila.fi\/ru\/wp-json\/wp\/v2\/pages\/6498","targetHints":{"allow":["GET"]}}],"collection":[{"href":"https:\/\/mustila.fi\/ru\/wp-json\/wp\/v2\/pages"}],"about":[{"href":"https:\/\/mustila.fi\/ru\/wp-json\/wp\/v2\/types\/page"}],"author":[{"embeddable":true,"href":"https:\/\/mustila.fi\/ru\/wp-json\/wp\/v2\/users\/9"}],"replies":[{"embeddable":true,"href":"https:\/\/mustila.fi\/ru\/wp-json\/wp\/v2\/comments?post=6498"}],"version-history":[{"count":0,"href":"https:\/\/mustila.fi\/ru\/wp-json\/wp\/v2\/pages\/6498\/revisions"}],"wp:attachment":[{"href":"https:\/\/mustila.fi\/ru\/wp-json\/wp\/v2\/media?parent=6498"}],"curies":[{"name":"wp","href":"https:\/\/api.w.org\/{rel}","templated":true}]}}