{"id":6522,"date":"2025-04-24T06:10:00","date_gmt":"2025-04-24T06:10:00","guid":{"rendered":"https:\/\/mustila.fi\/?page_id=6522"},"modified":"2025-04-24T22:21:32","modified_gmt":"2025-04-24T22:21:32","slug":"mita-mustilassa-tutkitaan","status":"publish","type":"page","link":"https:\/\/mustila.fi\/ru\/mita-mustilassa-tutkitaan\/","title":{"rendered":"Mit\u00e4 Mustilassa tutkitaan?"},"content":{"rendered":"\n<p>Arboretum Mustilassa tutkitaan koti- ja ulkomaisten puuvartisten kasvien kasvatusta k\u00e4yt\u00e4nn\u00f6ss\u00e4. T\u00e4m\u00e4 pit\u00e4\u00e4 sis\u00e4ll\u00e4\u00e4n mm. kest\u00e4v\u00e4n kasvimateriaalin etsint\u00e4\u00e4, siementen keruuta, taimien kasvatusta, istutusten seurantaa ja hoitoa sek\u00e4 kirjanpitoa. T\u00e4ss\u00e4 joitain esimerkkej\u00e4 k\u00e4yt\u00e4nn\u00f6n ty\u00f6st\u00e4.<\/p>\n\n\n\n<h3 class=\"wp-block-heading\">Kasvimateriaalin hankinta<\/h3>\n\n\n\n<p>Kaupallisilta siementen ja taimien toimittajilta on yleens\u00e4 hyvin vaikeaa saada kasveja varustettuna riitt\u00e4v\u00e4n t\u00e4sm\u00e4llisill\u00e4 alkuper\u00e4tiedoilla. Usein lis\u00e4ysmateriaali on ker\u00e4tty sielt\u00e4 mist\u00e4 se on ollut helposti saatavissa, yleens\u00e4 liian leudoilta seuduilta, jotta ne kykenisiv\u00e4t menestym\u00e4\u00e4n riitt\u00e4v\u00e4n hyvin Mustilassa. Poikkeuksena ovat mets\u00e4siementen toimittajat, joiden on pakko huomioida alkuper\u00e4n merkitys.<\/p>\n\n\n\n<p>Arboretum Mustila on viime vuosikymmenten aikana tehnyt viisi omaa siemenkeruumatkaa: Pohjoiseen Keskil\u00e4nteen 1993, it\u00e4iseen Pohjois-Amerikkaan 1996 ja 2002, Slovakian vuoristoihin 2005 ja Appalakeille 2017. Matkoilla on ker\u00e4tty suuri m\u00e4\u00e4r\u00e4 erilaisia siemeni\u00e4 Suomea vastaavilta ilmastoseuduilta tarkoin keruupaikkatiedoin ja samalla solmittu kontakteja, joiden avulla t\u00e4ydennyksi\u00e4 on ollut mahdollista tilata my\u00f6hemmin. Mustilassa kasvaa my\u00f6s jonkun verran kasveja Helsingin yliopiston kasvitieteellisen puutarhan ja muiden tahojen tekemilt\u00e4 keruumatkoilta. <\/p>\n\n\n\n<h3 class=\"wp-block-heading\">Ulsike- ja UKK-projektit<\/h3>\n\n\n\n<p>1990-luvulla, keruumatkojen kulta-ajalla ja it\u00e4rajan avautuessa Mustilan materiaalinhankinta aktivoitui uudelleen. Noiden vuosien merkitt\u00e4vin ponnistus oli yleis\u00f6tutkimushanke <a href=\"https:\/\/mustila.fi\/projektit-ulsike\/\">Ulsike<\/a> (Ulkomaisten siementen menestymistutkimushanke), jossa suuri m\u00e4\u00e4r\u00e4 koesiemeneri\u00e4 jaettiin vuosittain harrastajakasvattajien kesken eri puolille Suomea. Projektin loppukoostetta ei valitettavasti koskaan tehty, mutta Ulsike-hankkeella oli suuri merkitys uusien kasvien ja kasvialkuperien lanseeraamisessa Mustilaan ja Suomeen. Projektin vanavedess\u00e4 syntynyt <a href=\"https:\/\/mustila.fi\/projektit-ukk\/\">UKK<\/a> (Uudet kest\u00e4v\u00e4t koristekasvit) k\u00e4ynnisti parhaiden hankelajien ja Mustilan klassikoiden kasvatusten k\u00e4ynnist\u00e4mist\u00e4 edistyksellisill\u00e4 yhteisty\u00f6taimistoilla. Vaikka tuokin hanke on hiipunut, sen aloittama toiminta jatkuu.<\/p>\n\n\n\n<h3 class=\"wp-block-heading\">P\u00e4hkin\u00e4hanke ja aprikoosit<\/h3>\n\n\n\n<p>Vuosina 2020-2024 Mustilan &#171;siipien suojissa&#187; toiminut Suomalainen P\u00e4hkin\u00e4hanke asetti kunnianhimoiseksi tavoitteeksi hassel- ja jalop\u00e4hkin\u00f6iden, pekaanien ja kastanjan vakiinnuttamisen suomessa viljelt\u00e4vien hy\u00f6tykasvien joukkoon. Toiminta jatkuu nyt P\u00e4hkin\u00e4yhdistyksen puitteissa. <\/p>\n\n\n\n<p>Vuodesta 2019 l\u00e4htien Mustila on osallistunut talvenkest\u00e4vien aprikoosien kotiuttamiseen ja jalostamiseen yhteisty\u00f6ss\u00e4 Tuomas Haltian kanssa. T\u00e4m\u00e4 ep\u00e4muodollinen hanke jatkuu yh\u00e4. <\/p>\n\n\n\n<h3 class=\"wp-block-heading\">Kaupunkihankkeet<\/h3>\n\n\n\n<p>Mustilan ja muiden sopivaa alkuper\u00e4\u00e4 olevien uusien puuvartisten kasvien koekasvatus kaupunkien seurattu koekytt\u00e4 viherrakentaisessa alkoi virallisena yhteisheankkeena Helsingin kaupungin kanssa (2013\u20132023). Samankaltaiset mutta ei vastaavat hankkeet ovat parhaillaan k\u00e4ynniss\u00e4 Tampereen Tampereen kaupungin (2020\u20132028) ja Jyv\u00e4skyl\u00e4n (2023-2030) kanssa. Hankkeitten tavoitteena on kaupunkilajiston monipuolistaminen viihtyisyyden lis\u00e4\u00e4miseksi ja ilmastonmuutokseen ja uusiin kasvintuhoojiin liittyvien riskien minimoimiseksi. <\/p>\n\n\n\n<p>Helsinki-Mustila-hankkeesta on valmistunut loppuraportti, johon voi tutustua <a href=\"https:\/\/www.hel.fi\/static\/liitteet\/kaupunkiymparisto\/julkaisut\/aineistot\/aineistoja-06-23.pdf\" target=\"_blank\" rel=\"noopener\">t\u00e4st\u00e4 linkist\u00e4<\/a>.<\/p>\n\n\n\n<h3 class=\"wp-block-heading\">Alkuperien vertailu ja seuranta<\/h3>\n\n\n\n<p>Mustilan istutuksiin pyrit\u00e4\u00e4n hankkimaan samasta kasvista useita eri alkuperi\u00e4 levinneisyysalueen kylmimmist\u00e4 osista. Vertailulla pyrit\u00e4\u00e4n etsim\u00e4\u00e4n ja valikoimaan kaikkein parhaiten Mustilassa viihtyv\u00e4t alkuper\u00e4t. Seulontaa saman alkuper\u00e4n yksil\u00f6iden v\u00e4lill\u00e4 tehd\u00e4\u00e4n taimistolla paitsi talvenkest\u00e4vyyden my\u00f6s kauneusarvojen perusteella. Usein koekasvatuksessa on luonnonkeruualkuperi\u00e4, mutta useimmista kasvitieteellisist\u00e4 puutarhoista poiketen Mustilassa ei kaihdeta viljelykantojen k\u00e4ytt\u00f6\u00e4 silloin kun niill\u00e4 on hyvi\u00e4 ominaisuuksia.<\/p>\n\n\n\n<p>Valitettavasti arboretumin rajallisten resurssien puitteissa ei ole nykyisin mahdollista tehd\u00e4 yksityiskohtaista seurantaa tai julkaisuja. Aiempiin kohdeselosteisiin ja muihin tutkimuksiin p\u00e4\u00e4see tutustumaan <a href=\"https:\/\/mustila.fi\/mustila-kirjallisuutta\/\">t\u00e4ll\u00e4 sivulla<\/a>. <\/p>\n\n\n\n<h3 class=\"wp-block-heading\">Kasvinjalostus<\/h3>\n\n\n\n<p>Kasvinjalostus Mustilassa on perinteisesti tarkoittanut alkukasvatuksen ja hoidon aikana tapahtuvaa valikointia: Istutuksiin p\u00e4\u00e4tyv\u00e4t kustakin er\u00e4st\u00e4 vahvimmat taimet, ja istutuksia harvennetaan siten, ett\u00e4 parhaiksi katsotut yksil\u00f6t j\u00e4\u00e4v\u00e4t j\u00e4ljelle tuottamaan siement\u00e4. T\u00e4st\u00e4 syyst\u00e4 Mustilan vakiintuneet istutukset ovat merkitt\u00e4v\u00e4 geenivara, viherrakentamisen aarrepankki. <\/p>\n\n\n\n<p>Alppiruusujen ja atsaleojen risteytysjalostus on liittynyt Mustilaan 1970-luvulta l\u00e4htien. Ensimm\u00e4iset vuosikymmenet tuo ty\u00f6 tapahtui Helsingin yliopiston puitteissa. Nykyisin koristekasvien jalostus niin yliopistossa kuin Mustilassakin on p\u00e4\u00e4ttynyt. Arboretumin suojeluksessa on kuitenkin harrastajien alppiruusujalosteita. Arboretumin omissa puitteissa on aloitettu 2020-luvulla koristeomenoiden ja magnolioiden risteytysjalostus. <\/p>\n\n\n\n<h3 class=\"wp-block-heading\">Lis\u00e4ys ja taimikasvatus<\/h3>\n\n\n\n<p>Kunkin kasvin siementen id\u00e4tykseen ja taimikasvatukseen liittyv\u00e4t omat niksins\u00e4. Ne selvi\u00e4v\u00e4t lopulta vasta k\u00e4yt\u00e4nn\u00f6ss\u00e4 kokeilemalla, joskin kirjallisuudesta on usein apua. Monet Mustilan parhaistakin kasveista vaativat taimistolla tiettyj\u00e4 olosuhteita, jotta kasvatus onnistuisi. Kyseess\u00e4 on k\u00e4dentaito, jonka kirjalliseen dokumentoimiseen arboretumilla kuitenkin on kunnianhimoa. <a href=\"https:\/\/mustila.fi\/julkaisut-ja-muut-tuotteet\/\">Mustilan kasvatusoppaat<\/a> -sarja on t\u00e4m\u00e4n tiedon jakamista ja taltioimista varten. <\/p>\n\n\n\n<h3 class=\"wp-block-heading\">Vieraslajien seuranta<\/h3>\n\n\n\n<p>Joskus k\u00e4y niin, ett\u00e4 vierasper\u00e4inen kasvi alkaa viihty\u00e4 uudella kasvupaikallaan liian hyvin ja l\u00e4htee levi\u00e4m\u00e4\u00e4n l\u00e4hiymp\u00e4rist\u00f6\u00f6n. T\u00e4st\u00e4 voi olla suurta haittaa, sek\u00e4 ekologisesti ett\u00e4 rahalla mitaten, silloin kun levi\u00e4minen on voimakasta ja vaikeasti hallittavaa ja kasvilla on taipumus muodostaa suuria yhten\u00e4isi\u00e4 kasvustoja haudaten alkuper\u00e4isen kasvillisuuden alleen. Useimmiten vieraat kasvit j\u00e4\u00e4v\u00e4t satunnaisiksi karkulaisiksi, joilla ei ole merkitt\u00e4v\u00e4\u00e4 vaikutusta ekosysteemille. Vaikutus voi olla jopa positiivinen, muiden lajien runsautta ja hyvinvointia lis\u00e4\u00e4v\u00e4.  <\/p>\n\n\n\n<p>Suomen poikkeuksellisessa ilmastossa levi\u00e4vi\u00e4 puuvartisia vieraslajeja on havaittu vain v\u00e4h\u00e4n. Useimmat ovat lintujen levitt\u00e4mi\u00e4 marjovia pensaita kuten isotuomipihlaja (<em>Amelanchier spicata<\/em>) ja terttuselja (<em>Sambucus racemosa<\/em>). Pitk\u00e4aikaisen kasvatuksen seuranta arboretumeissa auttaa ymm\u00e4rt\u00e4m\u00e4\u00e4n vieraslajeihin liittyvi\u00e4 ilmi\u00f6it\u00e4 sek\u00e4 ennakoimaan ja v\u00e4ltt\u00e4m\u00e4\u00e4n riskej\u00e4. Arboretum Mustila pyrkii my\u00f6s edist\u00e4m\u00e4\u00e4n moniarvoista keskustelua vieraista kasveista, niiden hy\u00f6dyist\u00e4 ja haitoista, ja niihin liittyvist\u00e4 arvokysymyksist\u00e4.<\/p>\n\n\n\n<h3 class=\"wp-block-heading\">Opinn\u00e4ytteet<\/h3>\n\n\n\n<p>K\u00e4yt\u00e4nn\u00f6n ty\u00f6 vie leijonanosan s\u00e4\u00e4ti\u00f6n pienen henkil\u00f6kunnan ty\u00f6ajasta, ja tutkielmien, artikkeleiden ja kirjojen julkaisuun liikenee aikaa hyvin niukasti. Arboretumista ovatkin kirjoittaneet vuosien saatossa oman v\u00e4en ohella my\u00f6s lukuisat opiskelijat, joskus jopa tutkijat. Arboretumista ja sen kasveista kiinnostuneet tutkijat ja opinn\u00e4ytety\u00f6n tekij\u00e4t toivotetaan tervetulleiksi Mustilaan. Kiinnostuneita pyydet\u00e4\u00e4n olemaan yhteydess\u00e4 arboretumin toimistoon (aiheesta riippuen toiminnanjohtaja, mets\u00e4nhoitaja Jukka Reinikainen tai kasvikokoelmavastaava, FM Jaakko Saarinen).<\/p>\n","protected":false},"excerpt":{"rendered":"<p>Arboretum Mustilassa tutkitaan koti- ja ulkomaisten puuvartisten kasvien kasvatusta k\u00e4yt\u00e4nn\u00f6ss\u00e4. T\u00e4m\u00e4 pit\u00e4\u00e4 sis\u00e4ll\u00e4\u00e4n mm. kest\u00e4v\u00e4n kasvimateriaalin etsint\u00e4\u00e4, siementen keruuta, taimien kasvatusta, istutusten seurantaa ja hoitoa sek\u00e4 kirjanpitoa. T\u00e4ss\u00e4 joitain esimerkkej\u00e4 k\u00e4yt\u00e4nn\u00f6n ty\u00f6st\u00e4. Kasvimateriaalin hankinta Kaupallisilta siementen ja taimien toimittajilta on yleens\u00e4 hyvin vaikeaa saada kasveja varustettuna riitt\u00e4v\u00e4n t\u00e4sm\u00e4llisill\u00e4 alkuper\u00e4tiedoilla. Usein lis\u00e4ysmateriaali on ker\u00e4tty sielt\u00e4 mist\u00e4 [&hellip;]<\/p>\n","protected":false},"author":9,"featured_media":0,"parent":0,"menu_order":0,"comment_status":"closed","ping_status":"closed","template":"","meta":{"iawp_total_views":190,"footnotes":""},"class_list":["post-6522","page","type-page","status-publish","hentry"],"_links":{"self":[{"href":"https:\/\/mustila.fi\/ru\/wp-json\/wp\/v2\/pages\/6522","targetHints":{"allow":["GET"]}}],"collection":[{"href":"https:\/\/mustila.fi\/ru\/wp-json\/wp\/v2\/pages"}],"about":[{"href":"https:\/\/mustila.fi\/ru\/wp-json\/wp\/v2\/types\/page"}],"author":[{"embeddable":true,"href":"https:\/\/mustila.fi\/ru\/wp-json\/wp\/v2\/users\/9"}],"replies":[{"embeddable":true,"href":"https:\/\/mustila.fi\/ru\/wp-json\/wp\/v2\/comments?post=6522"}],"version-history":[{"count":0,"href":"https:\/\/mustila.fi\/ru\/wp-json\/wp\/v2\/pages\/6522\/revisions"}],"wp:attachment":[{"href":"https:\/\/mustila.fi\/ru\/wp-json\/wp\/v2\/media?parent=6522"}],"curies":[{"name":"wp","href":"https:\/\/api.w.org\/{rel}","templated":true}]}}