{"id":6531,"date":"2025-04-24T06:00:00","date_gmt":"2025-04-24T06:00:00","guid":{"rendered":"https:\/\/mustila.fi\/?page_id=6531"},"modified":"2025-04-24T21:16:02","modified_gmt":"2025-04-24T21:16:02","slug":"johdanto-kasviesittelyihin","status":"publish","type":"page","link":"https:\/\/mustila.fi\/ru\/johdanto-kasviesittelyihin\/","title":{"rendered":"Johdanto kasviesittelyihin"},"content":{"rendered":"\n<p>Rullaa sivun alaosaan saadaksesi lis\u00e4tietoja Mustilan kasviesittelyist\u00e4. <\/p>\n\n\n\n<p><\/p>\n\n\n\n<figure class=\"wp-block-image\"><img decoding=\"async\" src=\"\/wp-content\/uploads\/tiedostot\/p5281113_edited-1.jpg\" alt=\"Abies sibirica -puistokyltti \u00a9 Susanna\"\/><\/figure>\n\n\n\n<h3 class=\"wp-block-heading\"><a href=\"#nimikyltit\">Nimikyltit puistossa \u00bb<\/a><\/h3>\n\n\n\n<h3 class=\"wp-block-heading\"><a href=\"#kasveihin_tutustuminen\">Kasveihin tutustuminen \u00bb<\/a><\/h3>\n\n\n\n<h3 class=\"wp-block-heading\"><a href=\"#tyoryhma\">Ty\u00f6ryhm\u00e4 kasviesittelyiden takana \u00bb<\/a><\/h3>\n\n\n\n<h3 class=\"wp-block-heading\"><\/h3>\n\n\n\n<p>Arboretum Mustilassa on sananmukaisesti lukemattomia kasveja: tiedet\u00e4\u00e4n ett\u00e4 puistossa kasvaa yli 100 havupuulajia, noin 200 lehtipuuta ja -pensasta sek\u00e4 satoja perennoja, mutta t\u00e4ydellist\u00e4 lajiluetteloa puiston kasveista ei ole.<\/p>\n\n\n\n<p>Valtaosa puiston istutuksista tunnetaan hyvinkin tarkkaan, mutta tiedoissa on my\u00f6s harmillisia aukkoja. Arboretumin yli 110-vuotiseen historiaan mahtuu monenlaisia vaiheita ja vaihtelevasti muistiinpanoja niist\u00e4.&nbsp;<\/p>\n\n\n\n<p>Arboretumissa my\u00f6s istutetaan paljon uusia, Suomen oloissa osin tuntemattomiakin kasveja, ja vain osa niist\u00e4 menestyy. Toiset menestyv\u00e4t niin hyvin, ett\u00e4 alkavat spontaanisti lis\u00e4\u00e4nty\u00e4 alueella. Alueen luonnonkasvillisuuskin on monipuolista ja vaihtelevaa.<\/p>\n\n\n\n<h3 class=\"wp-block-heading\"><a><\/a><\/h3>\n\n\n\n<h3 class=\"wp-block-heading\" id=\"nimikyltit\">Nimikyltit puistossa<\/h3>\n\n\n\n<p>Puistovieraita varten osa puiston kasveista on merkitty mustalla nimikyltill\u00e4. Kylttiin on kaiverrettu kasvin tieteellisen nimen lis\u00e4ksi yleens\u00e4 sen suomen- ja ruotsinkieliset nimet sek\u00e4 kasvin kotipaikka eli luontainen levinneisyysalue.<\/p>\n\n\n\n<p>Nimikyltin saaneita kasveja voidaan pit\u00e4\u00e4 tavalla tai toisella keskeisin\u00e4 Arboretum Mustilassa. Ne voivat olla harvinaisia kasviyksil\u00f6it\u00e4 tai lajeja, jotka menestyv\u00e4t puistossa huomattavan hyvin, tai ne ovat kasveja, jotka her\u00e4tt\u00e4v\u00e4t puistovieraan huomion ulkomuodollaan, kukinnallaan tai syysv\u00e4reill\u00e4\u00e4n.&nbsp;<\/p>\n\n\n\n<h3 class=\"wp-block-heading\"><a><\/a><\/h3>\n\n\n\n<h3 class=\"wp-block-heading\" id=\"kasveihin_tutustuminen\">Kasveihin tutustuminen<\/h3>\n\n\n\n<p>Arboretum Mustilan kasveihin on mahdollista tutustua niin opastetusti (ks.&nbsp;<a href=\"https:\/\/mustila.fi\/palvelut\">palvelut<\/a>) kuin omatoimisestikin. Omatoimisten puistovieraiden avuksi olemme julkaisseet Arboretum Mustilan retkeilyoppaan, joka on saatavilla Puistokahvilasta. Retkeilyoppaan lis\u00e4ksi tietoa puistossa kasvavista kasveista l\u00f6ytyy verkkosivuilta. Valitsimme puistosta 500 nimikyltin saanutta kasvia, joista kirjoitimme puistovieraita varten lyhyet esittelytekstit. Kasviesittelyihin voi nyt tutustua osoitteessa www.mustila.fi\/kasvit.<\/p>\n\n\n\n<h3 class=\"wp-block-heading\" id=\"tyoryhma\">Ty\u00f6ryhm\u00e4 kasviesittelyiden takana<\/h3>\n\n\n\n<p>Kasviesittelyj\u00e4 on valmisteltu EU-rahoitteisen Meid\u00e4n arboretum -hankkeen puitteissa yhteisty\u00f6ss\u00e4 Arboretum Mustilan Yst\u00e4v\u00e4t -yhdistyksen kanssa. Tekstit tuottaneeseen ty\u00f6ryhm\u00e4\u00e4n kuuluvat Osmo Jussila, Paula Kiuru, Kimmo L. Kolkka, Tarja Kolkka, Marjatta Laine, Seija Lehtinen, Jussi L\u00e4hteenm\u00e4ki, Jaakko Saarinen, Susanna Simovaara ja Kristian Theqvist.<\/p>\n\n\n\n<p>Tekstej\u00e4 ovat k\u00e4\u00e4nt\u00e4neet englanniksi Tiina Vuori, Don Welsh ja Susan Sinisalo sek\u00e4 ruotsiksi Gunnar Bauer, Inger Kullberg, Brita Svartstr\u00f6m ja Rainer Svartstr\u00f6m. Tekstit k\u00e4\u00e4nnet\u00e4\u00e4n my\u00f6s ven\u00e4j\u00e4ksi.<\/p>\n\n\n\n<p>Valokuviaan ovat antaneet kasviesittelyiden yhteydess\u00e4 julkaistavaksi Osmo Jussila, Jukka Reinikainen, Jaakko Saarinen, Susanna Simovaara ja Kristian Theqvist. Valokuvien tekij\u00e4noikeudet s\u00e4ilyv\u00e4t luonnollisesti kuvaajilla.<\/p>\n\n\n\n<h3 class=\"wp-block-heading\"><a href=\"\/kasvit\" data-type=\"page\" data-id=\"1405\">\u00ab ARBORETUMIN KASVIT<\/a><\/h3>\n","protected":false},"excerpt":{"rendered":"<p>Rullaa sivun alaosaan saadaksesi lis\u00e4tietoja Mustilan kasviesittelyist\u00e4. Nimikyltit puistossa \u00bb Kasveihin tutustuminen \u00bb Ty\u00f6ryhm\u00e4 kasviesittelyiden takana \u00bb Arboretum Mustilassa on sananmukaisesti lukemattomia kasveja: tiedet\u00e4\u00e4n ett\u00e4 puistossa kasvaa yli 100 havupuulajia, noin 200 lehtipuuta ja -pensasta sek\u00e4 satoja perennoja, mutta t\u00e4ydellist\u00e4 lajiluetteloa puiston kasveista ei ole. Valtaosa puiston istutuksista tunnetaan hyvinkin tarkkaan, mutta tiedoissa on my\u00f6s [&hellip;]<\/p>\n","protected":false},"author":9,"featured_media":0,"parent":0,"menu_order":0,"comment_status":"closed","ping_status":"closed","template":"","meta":{"iawp_total_views":778,"footnotes":""},"class_list":["post-6531","page","type-page","status-publish","hentry"],"_links":{"self":[{"href":"https:\/\/mustila.fi\/ru\/wp-json\/wp\/v2\/pages\/6531","targetHints":{"allow":["GET"]}}],"collection":[{"href":"https:\/\/mustila.fi\/ru\/wp-json\/wp\/v2\/pages"}],"about":[{"href":"https:\/\/mustila.fi\/ru\/wp-json\/wp\/v2\/types\/page"}],"author":[{"embeddable":true,"href":"https:\/\/mustila.fi\/ru\/wp-json\/wp\/v2\/users\/9"}],"replies":[{"embeddable":true,"href":"https:\/\/mustila.fi\/ru\/wp-json\/wp\/v2\/comments?post=6531"}],"version-history":[{"count":0,"href":"https:\/\/mustila.fi\/ru\/wp-json\/wp\/v2\/pages\/6531\/revisions"}],"wp:attachment":[{"href":"https:\/\/mustila.fi\/ru\/wp-json\/wp\/v2\/media?parent=6531"}],"curies":[{"name":"wp","href":"https:\/\/api.w.org\/{rel}","templated":true}]}}