{"id":6548,"date":"2023-07-27T09:55:05","date_gmt":"2023-07-27T09:55:05","guid":{"rendered":"https:\/\/mustila.fi\/?page_id=6548"},"modified":"2023-07-27T09:55:07","modified_gmt":"2023-07-27T09:55:07","slug":"tavoitteet","status":"publish","type":"page","link":"https:\/\/mustila.fi\/ru\/tavoitteet\/","title":{"rendered":"Tavoitteet"},"content":{"rendered":"\n<p>UKK-hankkeen tavoitteena on etsi\u00e4 uusia talvenkest\u00e4vi\u00e4 koristekasvilajeja ja lis\u00e4yskantoja kotimaisen taimituotannon k\u00e4ytt\u00f6\u00e4 varten. K\u00e4yt\u00e4nn\u00f6ss\u00e4 projektilla haetaan voimavaroja jo olemassaolevan runsaan kentt\u00e4koeaineiston tulosten kokoamiseen, jatkokokeiden perustamiseen lupaavimmilla lajeilla sek\u00e4 jo testatun ja hyv\u00e4ksihavaitun materiaalin tuotteistamiseen ja kotimaisen viljelyn k\u00e4ynnist\u00e4miseen.<\/p>\n\n\n\n<p>Projektin vanhimman perusmateriaalin muodostavat vuonna 1902 perustetun Arboretum Mustilan vanhoista koeistutuksista valitut parhaat lajit, jotka toistaiseksi puuttuvat yleisest\u00e4 taimituotannosta, ja joilla katsotaan olevaan kaupallista kysynt\u00e4\u00e4. Nuorempi materiaali koostuu 1990-luvulla Mustilaan istutetuista ja Mustilan kautta lukuisiin paikkoihin Etel\u00e4- ja Keski-Suomea levitetyist\u00e4 koe-erist\u00e4. T\u00e4m\u00e4 materiaali pit\u00e4\u00e4 sis\u00e4ll\u00e4\u00e4n l\u00e4hes tuhat itse ker\u00e4tty\u00e4 tai ulkomaisilta yhteisty\u00f6kumppaneilta hankittua siemener\u00e4\u00e4 k\u00e4sitt\u00e4en n. 300 puuvartista kasvilajia.<\/p>\n\n\n\n<p>Parhaan mahdollisen koemateriaalin hankkimiseksi Mustila on ker\u00e4nnyt Pohjois-Amerikan lehtimets\u00e4alueen pohjoisreunan lajiston niiden luontaisen levinneisyysalueen pohjoisreunoilta Saskatchewanista Quebeciin ja New Brunswickiin kahdella l\u00e4hes t\u00e4ysin itse rahoittamallaan siemenkeruumatkalla (1993 ja 1996). Matkoilta tuotiin yhteens\u00e4 160 kg puhdistettua siement\u00e4, sis\u00e4lt\u00e4en yhteens\u00e4 n. 500 keruuer\u00e4\u00e4, p\u00e4\u00e4asiassa lehtipuita ja pensaita.<\/p>\n\n\n\n<p>Suurempien siemenerien testaamista varten on perustettu monisatap\u00e4inen harrastajarengas, jotka ovat vuodesta 1992 l\u00e4htien kasvattaneet koe-eri\u00e4 eri puolilla Suomea ja raportoineet tuloksista Mustilaan. Mustilan Kotikunnass\u00e4\u00e4ti\u00f6 on rahoittanut koe-erien hankintaa ja keruumatkoja siten, ett\u00e4 siemenerist\u00e4 on peritty maksu niiden vastaanottajalta. Liioittelematta voidaan todeta ett\u00e4 n\u00e4in toimien on saatu levitetty\u00e4 Suomessa ennenn\u00e4kem\u00e4tt\u00f6m\u00e4n runsas tunnettua alkuper\u00e4\u00e4 oleva kasvimateriaali laajalle alueelle Etel\u00e4- ja Keski-Suomea.<\/p>\n","protected":false},"excerpt":{"rendered":"<p>UKK-hankkeen tavoitteena on etsi\u00e4 uusia talvenkest\u00e4vi\u00e4 koristekasvilajeja ja lis\u00e4yskantoja kotimaisen taimituotannon k\u00e4ytt\u00f6\u00e4 varten. K\u00e4yt\u00e4nn\u00f6ss\u00e4 projektilla haetaan voimavaroja jo olemassaolevan runsaan kentt\u00e4koeaineiston tulosten kokoamiseen, jatkokokeiden perustamiseen lupaavimmilla lajeilla sek\u00e4 jo testatun ja hyv\u00e4ksihavaitun materiaalin tuotteistamiseen ja kotimaisen viljelyn k\u00e4ynnist\u00e4miseen. Projektin vanhimman perusmateriaalin muodostavat vuonna 1902 perustetun Arboretum Mustilan vanhoista koeistutuksista valitut parhaat lajit, jotka toistaiseksi puuttuvat [&hellip;]<\/p>\n","protected":false},"author":2,"featured_media":0,"parent":0,"menu_order":0,"comment_status":"closed","ping_status":"closed","template":"","meta":{"iawp_total_views":8,"footnotes":""},"class_list":["post-6548","page","type-page","status-publish","hentry"],"_links":{"self":[{"href":"https:\/\/mustila.fi\/ru\/wp-json\/wp\/v2\/pages\/6548","targetHints":{"allow":["GET"]}}],"collection":[{"href":"https:\/\/mustila.fi\/ru\/wp-json\/wp\/v2\/pages"}],"about":[{"href":"https:\/\/mustila.fi\/ru\/wp-json\/wp\/v2\/types\/page"}],"author":[{"embeddable":true,"href":"https:\/\/mustila.fi\/ru\/wp-json\/wp\/v2\/users\/2"}],"replies":[{"embeddable":true,"href":"https:\/\/mustila.fi\/ru\/wp-json\/wp\/v2\/comments?post=6548"}],"version-history":[{"count":0,"href":"https:\/\/mustila.fi\/ru\/wp-json\/wp\/v2\/pages\/6548\/revisions"}],"wp:attachment":[{"href":"https:\/\/mustila.fi\/ru\/wp-json\/wp\/v2\/media?parent=6548"}],"curies":[{"name":"wp","href":"https:\/\/api.w.org\/{rel}","templated":true}]}}