{"id":6558,"date":"2023-07-27T10:10:03","date_gmt":"2023-07-27T10:10:03","guid":{"rendered":"https:\/\/mustila.fi\/?page_id=6558"},"modified":"2023-07-27T10:10:04","modified_gmt":"2023-07-27T10:10:04","slug":"yhteistyokumppanit","status":"publish","type":"page","link":"https:\/\/mustila.fi\/ru\/yhteistyokumppanit\/","title":{"rendered":"Yhteisty\u00f6kumppanit"},"content":{"rendered":"\n<p>Mustilan kasviaarteista vain muutamia, mm. makedonianm\u00e4nty (<em>Pinus peuce<\/em>) ja douglaskuusi (<em>Pseudotsuga menziesii<\/em>), on p\u00e4\u00e4tynyt laajamittaiseen tuotantoon ja suomalaisen taimistoviljelyn vakiolajistoon. Eri puolilla Suomea toimii kuitenkin joitain taimikasvattajia, jotka k\u00e4ytt\u00e4v\u00e4t taimituotannossaan monipuolisesti my\u00f6s Mustilasta ker\u00e4ttyj\u00e4 tai Arboretum Mustilan toimittamia kasvikantoja:<\/p>\n\n\n\n<p><a href=\"http:\/\/www.stabod.se\/?page_id=510\/\" target=\"_blank\" rel=\"noopener\">Gulmarsfjordens Plantskola,&nbsp;<\/a>V\u00e5gs\u00e4ter 19, 45592 Munkedal, Sverige<\/p>\n\n\n\n<p>Heikki Linnan taimisto, Takalantie 17, 07500 Askola, puh. 040-8484949<\/p>\n\n\n\n<p><a href=\"http:\/\/hongistontaimisto.fi\/\" target=\"_blank\" rel=\"noopener\">Hongiston Taimisto<\/a>, Koski (TL)<\/p>\n\n\n\n<p>Ilolan taimisto,&nbsp;Kalkkilantie 1325, 25370 Salo (Kiikala\/), ilolantaimisto@gmail.com<\/p>\n\n\n\n<p><a href=\"https:\/\/kortesniementaimisto.fi\/\" target=\"_blank\" rel=\"noopener\">Kortesniemen taimisto<\/a>, Isojoki<\/p>\n\n\n\n<p><a href=\"http:\/\/www.taimet.fi\/\" target=\"_blank\" rel=\"noopener\">Massbybackan taimisto<\/a>,&nbsp;S\u00f6derkullantie 590, 01150 Sipoo, 040 7554113<\/p>\n\n\n\n<p><a href=\"https:\/\/www.mustilapuutarha.fi\/\" target=\"_blank\" rel=\"noopener\">Mustila Puutarha<\/a>, Elim\u00e4ki (entinen Mustilan taimitarhat)<\/p>\n\n\n\n<p>Puukansa ky., Mukulantie 15, 47540 Ly\u00f6ttil\u00e4 (Iitti), puh. 0500-253633<\/p>\n\n\n\n<p><a href=\"http:\/\/www.pekanhavupuut.fi\/\" target=\"_blank\" rel=\"noopener\">PR-taimisto<\/a>, (Pekka Rantanen),Lappeenranta<\/p>\n\n\n\n<p><a href=\"http:\/\/www.roinilantaimisto.fi\/\" target=\"_blank\" rel=\"noopener\">Roinilan taimisto<\/a>, Utaj\u00e4rvi<\/p>\n\n\n\n<p><a href=\"https:\/\/www.pajupops.com\/\" target=\"_blank\" rel=\"noopener\">Salicetum Vainionranta<\/a>, Padasjoki<\/p>\n\n\n\n<p><a href=\"http:\/\/www.joulukuusia.fi\/\" target=\"_blank\" rel=\"noopener\"><strong>Jussi Salonen<\/strong><\/a>, Peltolantie 23, 36720 Aitoo, GSM: 040-5522110<\/p>\n\n\n\n<p><a href=\"http:\/\/taimitarhasarkkinen.blogspot.com\/\" target=\"_blank\" rel=\"noopener\">Taimitarha Sarkkinen<\/a>, Lieksa<\/p>\n\n\n\n<p><a href=\"https:\/\/metsatoimisto.fi\/taimet\/\" target=\"_blank\" rel=\"noopener\">Tuomiahon taimisto<\/a>, Outokumpu<\/p>\n\n\n\n<p><a href=\"https:\/\/www.vakkataimi.fi\/\" target=\"_blank\" rel=\"noopener\">Vakka-Taimi<\/a>, Pyh\u00e4ranta<\/p>\n","protected":false},"excerpt":{"rendered":"<p>Mustilan kasviaarteista vain muutamia, mm. makedonianm\u00e4nty (Pinus peuce) ja douglaskuusi (Pseudotsuga menziesii), on p\u00e4\u00e4tynyt laajamittaiseen tuotantoon ja suomalaisen taimistoviljelyn vakiolajistoon. Eri puolilla Suomea toimii kuitenkin joitain taimikasvattajia, jotka k\u00e4ytt\u00e4v\u00e4t taimituotannossaan monipuolisesti my\u00f6s Mustilasta ker\u00e4ttyj\u00e4 tai Arboretum Mustilan toimittamia kasvikantoja: Gulmarsfjordens Plantskola,&nbsp;V\u00e5gs\u00e4ter 19, 45592 Munkedal, Sverige Heikki Linnan taimisto, Takalantie 17, 07500 Askola, puh. 040-8484949 Hongiston [&hellip;]<\/p>\n","protected":false},"author":2,"featured_media":0,"parent":0,"menu_order":0,"comment_status":"closed","ping_status":"closed","template":"","meta":{"iawp_total_views":57,"footnotes":""},"class_list":["post-6558","page","type-page","status-publish","hentry"],"_links":{"self":[{"href":"https:\/\/mustila.fi\/ru\/wp-json\/wp\/v2\/pages\/6558","targetHints":{"allow":["GET"]}}],"collection":[{"href":"https:\/\/mustila.fi\/ru\/wp-json\/wp\/v2\/pages"}],"about":[{"href":"https:\/\/mustila.fi\/ru\/wp-json\/wp\/v2\/types\/page"}],"author":[{"embeddable":true,"href":"https:\/\/mustila.fi\/ru\/wp-json\/wp\/v2\/users\/2"}],"replies":[{"embeddable":true,"href":"https:\/\/mustila.fi\/ru\/wp-json\/wp\/v2\/comments?post=6558"}],"version-history":[{"count":0,"href":"https:\/\/mustila.fi\/ru\/wp-json\/wp\/v2\/pages\/6558\/revisions"}],"wp:attachment":[{"href":"https:\/\/mustila.fi\/ru\/wp-json\/wp\/v2\/media?parent=6558"}],"curies":[{"name":"wp","href":"https:\/\/api.w.org\/{rel}","templated":true}]}}