{"id":6570,"date":"2025-08-06T20:41:58","date_gmt":"2025-08-06T17:41:58","guid":{"rendered":"https:\/\/mustila.fi\/?page_id=6570"},"modified":"2025-08-06T20:42:00","modified_gmt":"2025-08-06T17:42:00","slug":"julkaisut-ja-muut-tuotteet","status":"publish","type":"page","link":"https:\/\/mustila.fi\/ru\/julkaisut-ja-muut-tuotteet\/","title":{"rendered":"Julkaisut ja muut tuotteet"},"content":{"rendered":"\n<p>Mustilan yst\u00e4v\u00e4t julkaisee my\u00f6s kirjoja.<\/p>\n\n\n\n<p><a href=\"https:\/\/mustila.fi\/lumoava-metsapuisto-arboretum-mustila\/\">Lumoava mets\u00e4puisto<\/a><\/p>\n\n\n\n<p><a href=\"https:\/\/mustila.fi\/jalontamisopas\">Jalontamisopas<\/a><\/p>\n\n\n\n<p><\/p>\n","protected":false},"excerpt":{"rendered":"<p>Mustilan yst\u00e4v\u00e4t julkaisee my\u00f6s kirjoja. Lumoava mets\u00e4puisto Jalontamisopas<\/p>\n","protected":false},"author":12,"featured_media":0,"parent":0,"menu_order":0,"comment_status":"closed","ping_status":"closed","template":"","meta":{"iawp_total_views":78,"footnotes":""},"class_list":["post-6570","page","type-page","status-publish","hentry"],"_links":{"self":[{"href":"https:\/\/mustila.fi\/ru\/wp-json\/wp\/v2\/pages\/6570","targetHints":{"allow":["GET"]}}],"collection":[{"href":"https:\/\/mustila.fi\/ru\/wp-json\/wp\/v2\/pages"}],"about":[{"href":"https:\/\/mustila.fi\/ru\/wp-json\/wp\/v2\/types\/page"}],"author":[{"embeddable":true,"href":"https:\/\/mustila.fi\/ru\/wp-json\/wp\/v2\/users\/12"}],"replies":[{"embeddable":true,"href":"https:\/\/mustila.fi\/ru\/wp-json\/wp\/v2\/comments?post=6570"}],"version-history":[{"count":0,"href":"https:\/\/mustila.fi\/ru\/wp-json\/wp\/v2\/pages\/6570\/revisions"}],"wp:attachment":[{"href":"https:\/\/mustila.fi\/ru\/wp-json\/wp\/v2\/media?parent=6570"}],"curies":[{"name":"wp","href":"https:\/\/api.w.org\/{rel}","templated":true}]}}