{"id":6573,"date":"2025-12-11T08:00:27","date_gmt":"2025-12-11T06:00:27","guid":{"rendered":"https:\/\/mustila.fi\/?page_id=6573"},"modified":"2025-12-11T08:00:29","modified_gmt":"2025-12-11T06:00:29","slug":"jalontamisopas","status":"publish","type":"page","link":"https:\/\/mustila.fi\/ru\/jalontamisopas\/","title":{"rendered":"Jalontamisopas"},"content":{"rendered":"\n<figure class=\"wp-block-image\"><img decoding=\"async\" src=\"\/wp-content\/uploads\/tiedostot\/Jalontamisopas_kansi.jpg\" alt=\"jalontamisopas_kansi\"\/><\/figure>\n\n\n\n<p><strong>Monia mielenkiintoisia kasveja on vaikea saada hankituksi. Mit\u00e4 jos kasvattaisit sellaisen itse perusrungosta ja jalo-osasta?<\/strong><\/p>\n\n\n\n<p>Perusteellista jalontamistietoa saa nyt suomen kielell\u00e4. Uusi Jalontamisopas on suunnattu sek\u00e4 harrastajien ett\u00e4 ammattilaisten k\u00e4ytt\u00f6\u00f6n, ja se soveltuu my\u00f6s oppikirjaksi.<\/p>\n\n\n\n<p>Jalonnettaessa yhdistet\u00e4\u00e4n kaksi kasvia, tavallisesti puuta tai pensasta, kasvamaan yhten\u00e4 niin, ett\u00e4 hy\u00f6dynnet\u00e4\u00e4n toisesta juuristo, toisesta maanp\u00e4\u00e4lliset osat. N\u00e4in saadaan jossakin suhteessa jalompia kasveja, vaikkapa kest\u00e4v\u00e4mpi\u00e4, kauniimpia, satoisampia, paremman makuisia tai erikoisen muotoisia.<\/p>\n\n\n\n<p>Jalontamisoppaassa on esitetty jalontamisen perusasiat ja -menetelm\u00e4t selke\u00e4sti ja havainnollisesti, piirroksin ja valokuvin t\u00e4ydennettyn\u00e4. Siin\u00e4 on my\u00f6s paljon syv\u00e4llist\u00e4, kokemusper\u00e4ist\u00e4 tietoa erilaisista jalontamistavoista ja eri kasvisukujen k\u00e4sittelyst\u00e4. Mukaan on pyritty saamaan kaikki puuvartiset, joilla on Suomessa mahdollisuuksia menesty\u00e4 ja joiden lis\u00e4\u00e4misess\u00e4 jalontaminen voi tulla kysymykseen.<\/p>\n\n\n\n<p><strong>Jalontamisopas<\/strong><\/p>\n\n\n\n<p>&#8212; Koko B5 (176 x 250 mm)<br>&#8212; 192 sivua, runsaasti kuvitettu<br>&#8212; Kasvien jalontaminen vaihe vaiheelta selitettyn\u00e4<br>&#8212; Lyhyt esittely l\u00e4hes 50 kasvisuvusta<br>&#8212; Sanasto<\/p>\n\n\n\n<p><mark style=\"background-color:rgba(0, 0, 0, 0)\" class=\"has-inline-color has-vivid-red-color\">P\u00e4ivitys 11.12.2025: Jalontamisoppaan painos on loppunut.<\/mark> Uuden painoksen ottamista harkitaan. <\/p>\n\n\n\n<p><\/p>\n","protected":false},"excerpt":{"rendered":"<p>Monia mielenkiintoisia kasveja on vaikea saada hankituksi. Mit\u00e4 jos kasvattaisit sellaisen itse perusrungosta ja jalo-osasta? Perusteellista jalontamistietoa saa nyt suomen kielell\u00e4. Uusi Jalontamisopas on suunnattu sek\u00e4 harrastajien ett\u00e4 ammattilaisten k\u00e4ytt\u00f6\u00f6n, ja se soveltuu my\u00f6s oppikirjaksi. Jalonnettaessa yhdistet\u00e4\u00e4n kaksi kasvia, tavallisesti puuta tai pensasta, kasvamaan yhten\u00e4 niin, ett\u00e4 hy\u00f6dynnet\u00e4\u00e4n toisesta juuristo, toisesta maanp\u00e4\u00e4lliset osat. N\u00e4in saadaan [&hellip;]<\/p>\n","protected":false},"author":9,"featured_media":0,"parent":0,"menu_order":0,"comment_status":"closed","ping_status":"closed","template":"","meta":{"iawp_total_views":176,"footnotes":""},"class_list":["post-6573","page","type-page","status-publish","hentry"],"_links":{"self":[{"href":"https:\/\/mustila.fi\/ru\/wp-json\/wp\/v2\/pages\/6573","targetHints":{"allow":["GET"]}}],"collection":[{"href":"https:\/\/mustila.fi\/ru\/wp-json\/wp\/v2\/pages"}],"about":[{"href":"https:\/\/mustila.fi\/ru\/wp-json\/wp\/v2\/types\/page"}],"author":[{"embeddable":true,"href":"https:\/\/mustila.fi\/ru\/wp-json\/wp\/v2\/users\/9"}],"replies":[{"embeddable":true,"href":"https:\/\/mustila.fi\/ru\/wp-json\/wp\/v2\/comments?post=6573"}],"version-history":[{"count":0,"href":"https:\/\/mustila.fi\/ru\/wp-json\/wp\/v2\/pages\/6573\/revisions"}],"wp:attachment":[{"href":"https:\/\/mustila.fi\/ru\/wp-json\/wp\/v2\/media?parent=6573"}],"curies":[{"name":"wp","href":"https:\/\/api.w.org\/{rel}","templated":true}]}}