{"id":6575,"date":"2023-07-28T07:49:43","date_gmt":"2023-07-28T07:49:43","guid":{"rendered":"https:\/\/mustila.fi\/?page_id=6575"},"modified":"2023-07-28T07:49:44","modified_gmt":"2023-07-28T07:49:44","slug":"lumoava-metsapuisto-arboretum-mustila","status":"publish","type":"page","link":"https:\/\/mustila.fi\/ru\/lumoava-metsapuisto-arboretum-mustila\/","title":{"rendered":"Lumoava mets\u00e4puisto &#8212; Arboretum Mustila"},"content":{"rendered":"\n<figure class=\"wp-block-image\"><img decoding=\"async\" src=\"\/wp-content\/uploads\/tiedostot\/kannet-netti_0.jpg\" alt=\"Kansi\"\/><\/figure>\n\n\n\n<p>Mustilan maineikkaasta Arboretumista on tehty ensimm\u00e4inen kuvakirja. Ja millainen kirja! Mustilan yst\u00e4vien kokoama ja kustantama v\u00e4rik\u00e4s, 160-sivuinen&nbsp;<strong>Lumoava mets\u00e4puisto \u2013 Arboretum Mustila<\/strong>&nbsp;vie suoraan ainutlaatuisen mets\u00e4puiston vaihtuviin tunnelmiin, n\u00e4kymiin ja kiehtoviin yksityiskohtiin.Kirja v\u00e4litt\u00e4\u00e4 puutarhanyst\u00e4v\u00e4lle Mustilan runsasta antia paitsi el\u00e4mysten, my\u00f6s tiedon muodossa. Se sis\u00e4lt\u00e4\u00e4 yli sadan kiinnostavan, Arboretumissa menestyv\u00e4n kasvin lyhyen esittelyn. Joukossa on lukuisia Suomessa harvoin tavattavia lajeja, niin puita ja pensaita kuin perennojakin.<\/p>\n\n\n\n<p>Arboretum Mustilan Yst\u00e4v\u00e4t ry haluaa kirjan kautta levitt\u00e4\u00e4 tietoa rakastetusta Arboretumista ja samalla ker\u00e4t\u00e4 varoja puiston jatkuvaan kehitt\u00e4miseen.&nbsp;<strong>Lumoava mets\u00e4puisto \u2013 Arboretum Mustila<\/strong>&nbsp;on oivallinen lahja kaikille puiden, mets\u00e4n, puutarhan ja luonnon yst\u00e4ville!<\/p>\n\n\n\n<h3 class=\"wp-block-heading\"><strong>Lumoava mets\u00e4puisto \u2013 Arboretum Mustila<\/strong><\/h3>\n\n\n\n<p>&#8212; Koko B5 (176 x 250 mm)<br>&#8212; 160 sivua, yli 160 valokuvaa<br>&#8212; Arboretum Mustila alueittain kuvina ja tekstin\u00e4<br>&#8212; Lyhyt esittely yli sadasta Mustilan kasvista<br>&#8212; English summary<\/p>\n\n\n\n<p>Lumoava mets\u00e4puisto -kirjan voi kes\u00e4kaudella ostaa arboretumin Puistokahvilasta Mustilasta. Kirjan hinta on 25 euroa. Arboretum Mustilan Yst\u00e4v\u00e4t ry:n j\u00e4senille kirjan hinta on 22 euroa.<br>&nbsp;<br>Talvisaikaan kirjan voi tilata arboretumin toimistosta s\u00e4hk\u00f6postilla arboretum@mustila.fi. T\u00e4ll\u00f6in hintaan lis\u00e4t\u00e4\u00e4n pakkaus- ja postituskulut 8 euroa.<\/p>\n","protected":false},"excerpt":{"rendered":"<p>Mustilan maineikkaasta Arboretumista on tehty ensimm\u00e4inen kuvakirja. Ja millainen kirja! Mustilan yst\u00e4vien kokoama ja kustantama v\u00e4rik\u00e4s, 160-sivuinen&nbsp;Lumoava mets\u00e4puisto \u2013 Arboretum Mustila&nbsp;vie suoraan ainutlaatuisen mets\u00e4puiston vaihtuviin tunnelmiin, n\u00e4kymiin ja kiehtoviin yksityiskohtiin.Kirja v\u00e4litt\u00e4\u00e4 puutarhanyst\u00e4v\u00e4lle Mustilan runsasta antia paitsi el\u00e4mysten, my\u00f6s tiedon muodossa. Se sis\u00e4lt\u00e4\u00e4 yli sadan kiinnostavan, Arboretumissa menestyv\u00e4n kasvin lyhyen esittelyn. Joukossa on lukuisia Suomessa harvoin [&hellip;]<\/p>\n","protected":false},"author":2,"featured_media":0,"parent":0,"menu_order":0,"comment_status":"closed","ping_status":"closed","template":"","meta":{"iawp_total_views":93,"footnotes":""},"class_list":["post-6575","page","type-page","status-publish","hentry"],"_links":{"self":[{"href":"https:\/\/mustila.fi\/ru\/wp-json\/wp\/v2\/pages\/6575","targetHints":{"allow":["GET"]}}],"collection":[{"href":"https:\/\/mustila.fi\/ru\/wp-json\/wp\/v2\/pages"}],"about":[{"href":"https:\/\/mustila.fi\/ru\/wp-json\/wp\/v2\/types\/page"}],"author":[{"embeddable":true,"href":"https:\/\/mustila.fi\/ru\/wp-json\/wp\/v2\/users\/2"}],"replies":[{"embeddable":true,"href":"https:\/\/mustila.fi\/ru\/wp-json\/wp\/v2\/comments?post=6575"}],"version-history":[{"count":0,"href":"https:\/\/mustila.fi\/ru\/wp-json\/wp\/v2\/pages\/6575\/revisions"}],"wp:attachment":[{"href":"https:\/\/mustila.fi\/ru\/wp-json\/wp\/v2\/media?parent=6575"}],"curies":[{"name":"wp","href":"https:\/\/api.w.org\/{rel}","templated":true}]}}